{"id":956,"date":"2024-12-06T09:49:46","date_gmt":"2024-12-06T14:49:46","guid":{"rendered":"https:\/\/ide.ucuenca.edu.ec\/?page_id=956"},"modified":"2024-12-06T09:56:17","modified_gmt":"2024-12-06T14:56:17","slug":"geo-telesalud","status":"publish","type":"page","link":"https:\/\/ide.ucuenca.edu.ec\/?page_id=956","title":{"rendered":"Geo-Telesalud"},"content":{"rendered":"\t\t<div data-elementor-type=\"wp-page\" data-elementor-id=\"956\" class=\"elementor elementor-956\">\n\t\t\t\t\t\t<section class=\"elementor-section elementor-top-section elementor-element elementor-element-75fab065 elementor-section-boxed elementor-section-height-default elementor-section-height-default\" data-id=\"75fab065\" data-element_type=\"section\">\n\t\t\t\t\t\t<div class=\"elementor-container elementor-column-gap-default\">\n\t\t\t\t\t<div class=\"elementor-column elementor-col-100 elementor-top-column elementor-element elementor-element-568ecfd3\" data-id=\"568ecfd3\" data-element_type=\"column\">\n\t\t\t<div class=\"elementor-widget-wrap elementor-element-populated\">\n\t\t\t\t\t\t<div class=\"elementor-element elementor-element-136c03c8 elementor-widget elementor-widget-text-editor\" data-id=\"136c03c8\" data-element_type=\"widget\" data-widget_type=\"text-editor.default\">\n\t\t\t\t<div class=\"elementor-widget-container\">\n\t\t\t\t\t\t\t\t\t<p>El Vicerrectorado de Investigaci\u00f3n convoc\u00f3 al personal acad\u00e9mico a presentar propuestas de proyectos de investigaci\u00f3n que deriven en contribuciones cient\u00edficas de excelencia y de transferencia de conocimiento. La convocatoria XX se orienta especialmente al fortalecimiento de grupos de investigaci\u00f3n oficialmente registrados en la Universidad de Cuenca. Este proyecto result\u00f3 ganador de la mencionada convocatoria y obtuvo un financiamiento para la ejecuci\u00f3n (Marzo 2024 &#8211; Febrero 2025).\u00a0<\/p>\n<p>En Ecuador la planificaci\u00f3n y mantenimiento de la infraestructura de salud est\u00e1 a cargo de los GAD, no obstante la inexistencia de una normativa nacional para la localizaci\u00f3n de este tipo de equipamientos dificulta el alcance de la equidad territorial. Adem\u00e1s, los datos geoespaciales no siempre son accesibles por lo que es crucial integrar la informaci\u00f3n existente procedente de entidades p\u00fablicas e instituciones acad\u00e9micas, junto con otras fuentes de informaci\u00f3n como es el caso de los PPGIS.<\/p>\n<p>Ante la evidencia de desigualdades en el acceso a servicios p\u00fablicos asistenciales, como la salud, se plantea la utilizaci\u00f3n de fuentes de informaci\u00f3n digital adicional en un entorno de ciudades inteligentes, que dependiendo del nivel de madurez podr\u00eda facilitar el an\u00e1lisis como una pr\u00e1ctica de gemelos digitales. Esto permitir\u00e1 que se plantee una propuesta para identificar puntos de telesalud, considerando que este tipo de infraestructura ayudar\u00e1 a fortalecer la salud del pa\u00eds.<\/p>\n<p>Este trabajo propone aprovechar herramientas existentes y que permitan la integraci\u00f3n e interoperabilidad de la geoinformaci\u00f3n. Adem\u00e1s, es necesario investigar la forma en que la informaci\u00f3n de cobertura de telecomunicaciones puede ingerir en la planificaci\u00f3n territorial, integrando un caso de estudio espec\u00edfico de puntos de telemedicina utilizando las fuentes de informaci\u00f3n que se puedan acceder especialmente del ARCOTEL. Adem\u00e1s, como base se espera proyectar hacia un Gemelo Digital de Ciudad Inteligente. La investigaci\u00f3n abordar\u00e1 el problema de la localizaci\u00f3n de equipamientos de salud, puntos de telesalud, en los GADs en un entorno de ciudades inteligentes utilizando la IDE UCuenca siendo una herramienta de c\u00f3digo abierto.<\/p>\n<!--EndFragment-->\n<p><strong>Objetivo General:<\/strong><\/p>\n<!--EndFragment--><!--EndFragment-->\n<p>Determinar procesos de estandarizaci\u00f3n, limpieza y procesamiento de datos geoespaciales orientados a la planificaci\u00f3n de la infraestructura de salud con la finalidad de ofrecer servicios de telesalud en las comunidades rurales del cant\u00f3n Cuenca, caso de estudio parroquia Ba\u00f1os.<\/p>\n\n<p><strong>Objetivos\u00a0Espec\u00edficos:<\/strong><\/p>\n<!-- \/wp:paragraph --><!-- wp:list -->\n<ul>\n<li>O1. Analizar los m\u00e9todos de planificaci\u00f3n territorial para la infraestructura de salud del cant\u00f3n Cuenca e identificar fuentes de informaci\u00f3n geoespacial para el an\u00e1lisis de la cobertura de los servicios de telecomunicaciones en el cant\u00f3n Cuenca.<\/li>\n<li>O2. Correlacionar los hallazgos con una metodolog\u00eda de madurez de ciudades inteligentes para identificar los par\u00e1metros relacionados a telecomunicaciones e infraestructura de salud con enfoque en telesalud.<\/li>\n<li>O3. Proponer procedimientos de estandarizaci\u00f3n, limpieza y procesamiento para la planificaci\u00f3n territorial de infraestructura de telesalud en las comunidades rurales.<\/li>\n<\/ul>\n<!--EndFragment-->\n<p>Para m\u00e1s informaci\u00f3n visitar <a href=\"https:\/\/ide.ucuenca.edu.ec\/geo-telesalud\">Geo-Telesalud<\/a>.<\/p>\n<!--EndFragment--><!--EndFragment-->\t\t\t\t\t\t\t\t<\/div>\n\t\t\t\t<\/div>\n\t\t\t\t\t<\/div>\n\t\t<\/div>\n\t\t\t\t\t<\/div>\n\t\t<\/section>\n\t\t\t\t<\/div>\n\t\t","protected":false},"excerpt":{"rendered":"<p>El Vicerrectorado de Investigaci\u00f3n convoc\u00f3 al personal acad\u00e9mico a presentar propuestas de proyectos de investigaci\u00f3n que deriven en contribuciones cient\u00edficas de excelencia y de transferencia de conocimiento. La convocatoria XX se orienta<a class=\"moretag\" href=\"https:\/\/ide.ucuenca.edu.ec\/?page_id=956\">Leer m\u00e1s&#8230;<\/a><\/p>\n","protected":false},"author":3,"featured_media":0,"parent":0,"menu_order":0,"comment_status":"closed","ping_status":"closed","template":"","meta":{"footnotes":""},"class_list":["post-956","page","type-page","status-publish","hentry"],"_links":{"self":[{"href":"https:\/\/ide.ucuenca.edu.ec\/index.php?rest_route=\/wp\/v2\/pages\/956","targetHints":{"allow":["GET"]}}],"collection":[{"href":"https:\/\/ide.ucuenca.edu.ec\/index.php?rest_route=\/wp\/v2\/pages"}],"about":[{"href":"https:\/\/ide.ucuenca.edu.ec\/index.php?rest_route=\/wp\/v2\/types\/page"}],"author":[{"embeddable":true,"href":"https:\/\/ide.ucuenca.edu.ec\/index.php?rest_route=\/wp\/v2\/users\/3"}],"replies":[{"embeddable":true,"href":"https:\/\/ide.ucuenca.edu.ec\/index.php?rest_route=%2Fwp%2Fv2%2Fcomments&post=956"}],"version-history":[{"count":9,"href":"https:\/\/ide.ucuenca.edu.ec\/index.php?rest_route=\/wp\/v2\/pages\/956\/revisions"}],"predecessor-version":[{"id":993,"href":"https:\/\/ide.ucuenca.edu.ec\/index.php?rest_route=\/wp\/v2\/pages\/956\/revisions\/993"}],"wp:attachment":[{"href":"https:\/\/ide.ucuenca.edu.ec\/index.php?rest_route=%2Fwp%2Fv2%2Fmedia&parent=956"}],"curies":[{"name":"wp","href":"https:\/\/api.w.org\/{rel}","templated":true}]}}