{"id":60,"date":"2016-08-02T01:16:52","date_gmt":"2016-08-02T01:16:52","guid":{"rendered":"http:\/\/localhost\/wordpress\/?page_id=60"},"modified":"2016-08-24T02:42:52","modified_gmt":"2016-08-24T02:42:52","slug":"contactos","status":"publish","type":"page","link":"https:\/\/ide.ucuenca.edu.ec\/?page_id=60","title":{"rendered":"Contactos"},"content":{"rendered":"<div>\n<div style=\"text-align: center;\"><strong>Centro de Investigaci\u00f3n + Desarrollo + Innovaci\u00f3n de la facultad de Ingenier\u00eda &#8211; Universidad de Cuenca<\/strong><\/div>\n<div style=\"text-align: center;\"><\/div>\n<div style=\"text-align: center;\"><\/div>\n<div><strong>Director de Proyecto:<\/strong> Ing. Villie Morocho, Phd\u00a0| <a href=\"mailto:villie.morocho@ucuenca.edu.ec\">villie.morocho@ucuenca.edu.ec<\/a><\/div>\n<\/div>\n<div><strong>Soporte T\u00e9cnico:<\/strong> Ing. Fabian Santander\u00a0\u00a0| <a href=\"mailto:fabian.santander@ucuenca.edu.ec\">fabian.santander@ucuenca.edu.ec<\/a><\/div>\n<div><strong>Direccion:<\/strong> Av.12 de Abril S\/N y Agustin Cueva | Tel\u00e9fono: 4051000 ext 2361<\/div>\n<div><\/div>\n<div style=\"text-align: center;\">Cuenca &#8211; Ecuador<\/div>\n<div style=\"text-align: center;\"><\/div>\n","protected":false},"excerpt":{"rendered":"<p>Centro de Investigaci\u00f3n + Desarrollo + Innovaci\u00f3n de la facultad de Ingenier\u00eda &#8211; Universidad de Cuenca Director de Proyecto: Ing. Villie Morocho, Phd\u00a0| villie.morocho@ucuenca.edu.ec Soporte T\u00e9cnico: Ing. Fabian Santander\u00a0\u00a0| fabian.santander@ucuenca.edu.ec Direccion: Av.12<a class=\"moretag\" href=\"https:\/\/ide.ucuenca.edu.ec\/?page_id=60\">Leer m\u00e1s&#8230;<\/a><\/p>\n","protected":false},"author":1,"featured_media":0,"parent":0,"menu_order":0,"comment_status":"closed","ping_status":"closed","template":"","meta":{"footnotes":""},"class_list":["post-60","page","type-page","status-publish","hentry"],"_links":{"self":[{"href":"https:\/\/ide.ucuenca.edu.ec\/index.php?rest_route=\/wp\/v2\/pages\/60","targetHints":{"allow":["GET"]}}],"collection":[{"href":"https:\/\/ide.ucuenca.edu.ec\/index.php?rest_route=\/wp\/v2\/pages"}],"about":[{"href":"https:\/\/ide.ucuenca.edu.ec\/index.php?rest_route=\/wp\/v2\/types\/page"}],"author":[{"embeddable":true,"href":"https:\/\/ide.ucuenca.edu.ec\/index.php?rest_route=\/wp\/v2\/users\/1"}],"replies":[{"embeddable":true,"href":"https:\/\/ide.ucuenca.edu.ec\/index.php?rest_route=%2Fwp%2Fv2%2Fcomments&post=60"}],"version-history":[{"count":4,"href":"https:\/\/ide.ucuenca.edu.ec\/index.php?rest_route=\/wp\/v2\/pages\/60\/revisions"}],"predecessor-version":[{"id":67,"href":"https:\/\/ide.ucuenca.edu.ec\/index.php?rest_route=\/wp\/v2\/pages\/60\/revisions\/67"}],"wp:attachment":[{"href":"https:\/\/ide.ucuenca.edu.ec\/index.php?rest_route=%2Fwp%2Fv2%2Fmedia&parent=60"}],"curies":[{"name":"wp","href":"https:\/\/api.w.org\/{rel}","templated":true}]}}