{"id":42,"date":"2016-07-10T00:39:47","date_gmt":"2016-07-10T00:39:47","guid":{"rendered":"http:\/\/localhost\/wordpress\/?page_id=42"},"modified":"2023-01-12T08:57:23","modified_gmt":"2023-01-12T13:57:23","slug":"quienes-somos","status":"publish","type":"page","link":"https:\/\/ide.ucuenca.edu.ec\/?page_id=42","title":{"rendered":"Historia"},"content":{"rendered":"\t\t<div data-elementor-type=\"wp-page\" data-elementor-id=\"42\" class=\"elementor elementor-42\">\n\t\t\t\t\t\t<section class=\"elementor-section elementor-top-section elementor-element elementor-element-942e983 elementor-section-boxed elementor-section-height-default elementor-section-height-default\" data-id=\"942e983\" data-element_type=\"section\">\n\t\t\t\t\t\t<div class=\"elementor-container elementor-column-gap-default\">\n\t\t\t\t\t<div class=\"elementor-column elementor-col-100 elementor-top-column elementor-element elementor-element-25cf5465\" data-id=\"25cf5465\" data-element_type=\"column\">\n\t\t\t<div class=\"elementor-widget-wrap elementor-element-populated\">\n\t\t\t\t\t\t<div class=\"elementor-element elementor-element-29693fff elementor-widget elementor-widget-text-editor\" data-id=\"29693fff\" data-element_type=\"widget\" data-widget_type=\"text-editor.default\">\n\t\t\t\t<div class=\"elementor-widget-container\">\n\t\t\t\t\t\t\t\t\t<h2><strong>Antecedentes<\/strong><\/h2><p>En el a\u00f1o 2007 se funda el Centro de Investigaci\u00f3n Desarrollo e Innovaci\u00f3n de la Facultad de Ingenier\u00eda a cargo del Dr. Villie Morocho.<\/p><p>A partir del a\u00f1o 2008 hasta el 2012 se recibe una subvenci\u00f3n por parte del gobierno espa\u00f1ol a trav\u00e9s de la AECID para consolidar dicho centro en el que se trabajo con la Universidad Polit\u00e9cnica de Catalu\u00f1a y el Instituto Cartogr\u00e1fico Catal\u00e1n. Esto permite la transferencia tecnol\u00f3gica para la creaci\u00f3n del IDE-UCUENCA y da pie a la investigaci\u00f3n en esta tem\u00e1tica generando varias l\u00edneas de trabajo.<\/p><p>Luego de esto se conforma el grupo de trabajo en IDEs apoyado por CEDIA desde el 2014 al 2016, en donde se consigue difundir la creaci\u00f3n de Infraestructura de Datos Espaciales a nivel acad\u00e9mico y se crean relaciones con entidades p\u00fablicas tales como: el Servicio Nacional de Gesti\u00f3n de Riesgos y Emergencias as\u00ed como Ministerio de Agricultura y Ganader\u00eda.<\/p><p>En el a\u00f1o 2016 se trabaja con la WWF para la implementaci\u00f3n de la Infraestructura de Datos Espaciales en Gal\u00e1pagos d\u00f3nde se trabaja con el Parque Nacional Gal\u00e1pagos, la fundaci\u00f3n Charles Darwin, el Consejo de Gobierno de Reg\u00edmenes Especial de Gal\u00e1pagos. Adem\u00e1s, se consigue la experimentaci\u00f3n y y el uso de UAV para la toma de datos, im\u00e1genes y sobre todo ortofotos, lo que permiti\u00f3 buscar formas de monitoreo de escenarios de riesgos entre otros.<\/p><p>Paralelo al trabajo con Gal\u00e1pagos en el a\u00f1o 2016, se crea el Laboratorio Virtual de Ciudad y Territorio (LAVCITE) en el que se consigue que la IDE -UCUENCA sirva como herramienta fundamental para la generaci\u00f3n de modelos de Planes de Ordenamiento Territorial e integrando el conocimiento de expertos desde la Facultad de Arquitectura y Urbanismo.<\/p><p>En los a\u00f1os posteriores hasta el 2022 se investiga en las formas de uso del n\u00facleo de IDE con diferentes fines entre ellos para el apoyo de gesti\u00f3n de alertas tempranas, monitoreo de deslizamientos o movimientos en masas, capacitaci\u00f3n con el uso de televisi\u00f3n digital terrestre, y otros que puedes ser consultados en la bibliograf\u00eda o en la secci\u00f3n de publicaciones.<\/p><p>Finalmente en el 2022 el Vicerrectorado de Investigacion de la Universidad de Cuenca reconoce al grupo de Investigaci\u00f3n en Infraestructura de Datos Espaciales lo que ha permitido consolidar el trabajo previo y generar nuevas relaciones con docentes, investigadores locales, nacionales e internacionales.<\/p>\t\t\t\t\t\t\t\t<\/div>\n\t\t\t\t<\/div>\n\t\t\t\t\t<\/div>\n\t\t<\/div>\n\t\t\t\t\t<\/div>\n\t\t<\/section>\n\t\t\t\t<\/div>\n\t\t","protected":false},"excerpt":{"rendered":"<p>Antecedentes En el a\u00f1o 2007 se funda el Centro de Investigaci\u00f3n Desarrollo e Innovaci\u00f3n de la Facultad de Ingenier\u00eda a cargo del Dr. Villie Morocho. A partir del a\u00f1o 2008 hasta el<a class=\"moretag\" href=\"https:\/\/ide.ucuenca.edu.ec\/?page_id=42\">Leer m\u00e1s&#8230;<\/a><\/p>\n","protected":false},"author":1,"featured_media":0,"parent":0,"menu_order":0,"comment_status":"closed","ping_status":"closed","template":"","meta":{"footnotes":""},"class_list":["post-42","page","type-page","status-publish","hentry"],"_links":{"self":[{"href":"https:\/\/ide.ucuenca.edu.ec\/index.php?rest_route=\/wp\/v2\/pages\/42","targetHints":{"allow":["GET"]}}],"collection":[{"href":"https:\/\/ide.ucuenca.edu.ec\/index.php?rest_route=\/wp\/v2\/pages"}],"about":[{"href":"https:\/\/ide.ucuenca.edu.ec\/index.php?rest_route=\/wp\/v2\/types\/page"}],"author":[{"embeddable":true,"href":"https:\/\/ide.ucuenca.edu.ec\/index.php?rest_route=\/wp\/v2\/users\/1"}],"replies":[{"embeddable":true,"href":"https:\/\/ide.ucuenca.edu.ec\/index.php?rest_route=%2Fwp%2Fv2%2Fcomments&post=42"}],"version-history":[{"count":28,"href":"https:\/\/ide.ucuenca.edu.ec\/index.php?rest_route=\/wp\/v2\/pages\/42\/revisions"}],"predecessor-version":[{"id":854,"href":"https:\/\/ide.ucuenca.edu.ec\/index.php?rest_route=\/wp\/v2\/pages\/42\/revisions\/854"}],"wp:attachment":[{"href":"https:\/\/ide.ucuenca.edu.ec\/index.php?rest_route=%2Fwp%2Fv2%2Fmedia&parent=42"}],"curies":[{"name":"wp","href":"https:\/\/api.w.org\/{rel}","templated":true}]}}