{"id":35,"date":"2016-07-10T05:00:06","date_gmt":"2016-07-10T05:00:06","guid":{"rendered":"http:\/\/localhost\/wordpress\/?page_id=35"},"modified":"2016-08-24T05:00:16","modified_gmt":"2016-08-24T05:00:16","slug":"inicio","status":"publish","type":"page","link":"https:\/\/ide.ucuenca.edu.ec\/?page_id=35","title":{"rendered":"\u00bfPor que le puede Interesar?"},"content":{"rendered":"<p>El n\u00famero de instituciones y empresas que generen y\/o utilizan IG ha incrementado en los \u00faltimos a\u00f1os, y existe un mercado en alza para los datos topogr\u00e1ficos digitales, las im\u00e1genes de sat\u00e9lite, datos censales, estudios de mercado, datos sobre recursos naturales, redes de transporte, catastro y registro, etc.<\/p>\n<p>La industria y el comercio usan la IG para m\u00faltiples actividades: las compa\u00f1\u00edas de distribuci\u00f3n (telefon\u00eda, gas, agua, cable&#8230;) son importantes inversores en esta \u00e1rea, tanto en datos como en tecnolog\u00eda, para controlar y gestionar las redes de abastecimiento. En la determinaci\u00f3n de rutas \u00f3ptimas, la localizaci\u00f3n de mercados potenciales, el emplazamiento de nuevas industrias y de puntos de venta, etc. son, hoy, actividades soportadas en gran medida por herramientas SIG.<\/p>\n<p>Pero muchos proyectos se encuentran con dificultades innecesarias a causa de los problemas de disponibilidad de datos geoespaciales b\u00e1sicos, y tambi\u00e9n de su compatibilidad (est\u00e1ndares) y dificultades para el intercambio.<\/p>\n<p>El creciente uso de la IG conlleva nuevos productos y servicios que pueden tener un fuerte impacto en la calidad de vida y en la competitividad de nuestro sector econ\u00f3mico, y contribuyen a tomar mejores decisiones, sean pol\u00edticas\u00a0 y a aumentar la eficiencia de las mismas.<\/p>\n<p>Existiendo, pues, un volumen importante de informaci\u00f3n geogr\u00e1fica disponible en distintos formatos, lugares, tipos, etc., la finalidad es que los usuarios puedan saber QU\u00c9 hay, D\u00d3NDE se puede encontrar, QUI\u00c9N es el propietario y C\u00d3MO se puede acceder y obtener esta informaci\u00f3n, y tambi\u00e9n CU\u00c1LES son sus caracter\u00edsticas. Responder a estas preguntas nos lleva a establecer los cat\u00e1logos y los metadatos, instrumento principal de la IDE.<\/p>\n<p>Tanto si es usuario final, como empresa de servicios o de valor a\u00f1adido, o comerciante de contenidos, o generador de contenidos para Internet, o productor de datos, aqu\u00ed tiene su sitio.<\/p>\n","protected":false},"excerpt":{"rendered":"<p>El n\u00famero de instituciones y empresas que generen y\/o utilizan IG ha incrementado en los \u00faltimos a\u00f1os, y existe un mercado en alza para los datos topogr\u00e1ficos digitales, las im\u00e1genes de sat\u00e9lite,<a class=\"moretag\" href=\"https:\/\/ide.ucuenca.edu.ec\/?page_id=35\">Leer m\u00e1s&#8230;<\/a><\/p>\n","protected":false},"author":1,"featured_media":0,"parent":0,"menu_order":0,"comment_status":"closed","ping_status":"closed","template":"","meta":{"footnotes":""},"class_list":["post-35","page","type-page","status-publish","hentry"],"_links":{"self":[{"href":"https:\/\/ide.ucuenca.edu.ec\/index.php?rest_route=\/wp\/v2\/pages\/35","targetHints":{"allow":["GET"]}}],"collection":[{"href":"https:\/\/ide.ucuenca.edu.ec\/index.php?rest_route=\/wp\/v2\/pages"}],"about":[{"href":"https:\/\/ide.ucuenca.edu.ec\/index.php?rest_route=\/wp\/v2\/types\/page"}],"author":[{"embeddable":true,"href":"https:\/\/ide.ucuenca.edu.ec\/index.php?rest_route=\/wp\/v2\/users\/1"}],"replies":[{"embeddable":true,"href":"https:\/\/ide.ucuenca.edu.ec\/index.php?rest_route=%2Fwp%2Fv2%2Fcomments&post=35"}],"version-history":[{"count":2,"href":"https:\/\/ide.ucuenca.edu.ec\/index.php?rest_route=\/wp\/v2\/pages\/35\/revisions"}],"predecessor-version":[{"id":116,"href":"https:\/\/ide.ucuenca.edu.ec\/index.php?rest_route=\/wp\/v2\/pages\/35\/revisions\/116"}],"wp:attachment":[{"href":"https:\/\/ide.ucuenca.edu.ec\/index.php?rest_route=%2Fwp%2Fv2%2Fmedia&parent=35"}],"curies":[{"name":"wp","href":"https:\/\/api.w.org\/{rel}","templated":true}]}}