{"id":301,"date":"2016-08-26T02:42:52","date_gmt":"2016-08-26T07:42:52","guid":{"rendered":"http:\/\/localhost\/wordpress\/?page_id=301"},"modified":"2024-12-06T10:33:46","modified_gmt":"2024-12-06T15:33:46","slug":"tesis-doctorales","status":"publish","type":"page","link":"https:\/\/ide.ucuenca.edu.ec\/?page_id=301","title":{"rendered":"Tesis Doctorales"},"content":{"rendered":"\t\t<div data-elementor-type=\"wp-page\" data-elementor-id=\"301\" class=\"elementor elementor-301\">\n\t\t\t\t\t\t<section class=\"elementor-section elementor-top-section elementor-element elementor-element-5c3a5ed7 elementor-section-boxed elementor-section-height-default elementor-section-height-default\" data-id=\"5c3a5ed7\" data-element_type=\"section\">\n\t\t\t\t\t\t<div class=\"elementor-container elementor-column-gap-default\">\n\t\t\t\t\t<div class=\"elementor-column elementor-col-100 elementor-top-column elementor-element elementor-element-378f2c07\" data-id=\"378f2c07\" data-element_type=\"column\">\n\t\t\t<div class=\"elementor-widget-wrap elementor-element-populated\">\n\t\t\t\t\t\t<div class=\"elementor-element elementor-element-4b1f9422 elementor-widget elementor-widget-text-editor\" data-id=\"4b1f9422\" data-element_type=\"widget\" data-widget_type=\"text-editor.default\">\n\t\t\t\t<div class=\"elementor-widget-container\">\n\t\t\t\t\t\t\t\t\t<ul><li>Natalia Pacurucu, Villie Morocho (2024). Las Nuevas Tecnolog\u00edas de la Informaci\u00f3n y la Comunicaci\u00f3n en los Procesos de Participaci\u00f3n P\u00fablica en la Ordenaci\u00f3n Territorial Ecuatoriana. Caso de Estudio Cant\u00f3n Cuenca. Universidad nacional de Cuyo.<\/li><\/ul>\t\t\t\t\t\t\t\t<\/div>\n\t\t\t\t<\/div>\n\t\t\t\t\t<\/div>\n\t\t<\/div>\n\t\t\t\t\t<\/div>\n\t\t<\/section>\n\t\t\t\t<\/div>\n\t\t","protected":false},"excerpt":{"rendered":"<p>Natalia Pacurucu, Villie Morocho (2024). Las Nuevas Tecnolog\u00edas de la Informaci\u00f3n y la Comunicaci\u00f3n en los Procesos de Participaci\u00f3n P\u00fablica en la Ordenaci\u00f3n Territorial Ecuatoriana. Caso de Estudio Cant\u00f3n Cuenca. Universidad nacional<a class=\"moretag\" href=\"https:\/\/ide.ucuenca.edu.ec\/?page_id=301\">Leer m\u00e1s&#8230;<\/a><\/p>\n","protected":false},"author":1,"featured_media":0,"parent":0,"menu_order":0,"comment_status":"closed","ping_status":"closed","template":"","meta":{"footnotes":""},"class_list":["post-301","page","type-page","status-publish","hentry"],"_links":{"self":[{"href":"https:\/\/ide.ucuenca.edu.ec\/index.php?rest_route=\/wp\/v2\/pages\/301","targetHints":{"allow":["GET"]}}],"collection":[{"href":"https:\/\/ide.ucuenca.edu.ec\/index.php?rest_route=\/wp\/v2\/pages"}],"about":[{"href":"https:\/\/ide.ucuenca.edu.ec\/index.php?rest_route=\/wp\/v2\/types\/page"}],"author":[{"embeddable":true,"href":"https:\/\/ide.ucuenca.edu.ec\/index.php?rest_route=\/wp\/v2\/users\/1"}],"replies":[{"embeddable":true,"href":"https:\/\/ide.ucuenca.edu.ec\/index.php?rest_route=%2Fwp%2Fv2%2Fcomments&post=301"}],"version-history":[{"count":9,"href":"https:\/\/ide.ucuenca.edu.ec\/index.php?rest_route=\/wp\/v2\/pages\/301\/revisions"}],"predecessor-version":[{"id":968,"href":"https:\/\/ide.ucuenca.edu.ec\/index.php?rest_route=\/wp\/v2\/pages\/301\/revisions\/968"}],"wp:attachment":[{"href":"https:\/\/ide.ucuenca.edu.ec\/index.php?rest_route=%2Fwp%2Fv2%2Fmedia&parent=301"}],"curies":[{"name":"wp","href":"https:\/\/api.w.org\/{rel}","templated":true}]}}