{"id":299,"date":"2016-08-26T02:41:26","date_gmt":"2016-08-26T07:41:26","guid":{"rendered":"http:\/\/localhost\/wordpress\/?page_id=299"},"modified":"2024-12-06T09:37:35","modified_gmt":"2024-12-06T14:37:35","slug":"publicaciones","status":"publish","type":"page","link":"https:\/\/ide.ucuenca.edu.ec\/?page_id=299","title":{"rendered":"Publicaciones"},"content":{"rendered":"\t\t<div data-elementor-type=\"wp-page\" data-elementor-id=\"299\" class=\"elementor elementor-299\">\n\t\t\t\t\t\t<section class=\"elementor-section elementor-top-section elementor-element elementor-element-34c26ae elementor-section-boxed elementor-section-height-default elementor-section-height-default\" data-id=\"34c26ae\" data-element_type=\"section\">\n\t\t\t\t\t\t<div class=\"elementor-container elementor-column-gap-default\">\n\t\t\t\t\t<div class=\"elementor-column elementor-col-100 elementor-top-column elementor-element elementor-element-133f9991\" data-id=\"133f9991\" data-element_type=\"column\">\n\t\t\t<div class=\"elementor-widget-wrap elementor-element-populated\">\n\t\t\t\t\t\t<div class=\"elementor-element elementor-element-52545ae2 elementor-widget elementor-widget-text-editor\" data-id=\"52545ae2\" data-element_type=\"widget\" data-widget_type=\"text-editor.default\">\n\t\t\t\t<div class=\"elementor-widget-container\">\n\t\t\t\t\t\t\t\t\t<ul><li>Vivanco, L., Pacurucu-C\u00e1ceres, N., Achig, R., &amp; Morocho, V (2023). <strong>Citizen Participation in the Management of Territorial Information.<\/strong> In International Conference on Geospatial Information Sciences (pp. 229-239). Charm: Springer Nature Switzerland.<\/li><li>Morocho, V., Pacurucu-C\u00e1ceres, N., Vivanco, L., Santander, F., Bustamante, J., &amp; Achig, R. (2023). <strong>How to Integrate AI into Spatial Data Infrastructures: Evolution of the UCuenca SDI.<\/strong> In International Conference on Geospatial Information Sciences (pp. 101-117). Charm: Springer Nature Switzerland.<\/li><li>Morocho, V., Achig, R., Vivanco, L., Pacurucu, N., &amp; Bustamante, J. (2023). <strong>Framework for Training a VA that Supports Territorial Planning.<\/strong> In 2023 Ninth International Conference on eDemocracy &amp; eGovernment (ICEDEG) (pp. 1-5). IEEE.<\/li><li>Morocho, V., Achig, R., Bustamante, J., &amp; Mendieta, F. (2022). <strong>Virtual Assistants to bring geospatial information closer to a smart citizen.<\/strong> In 2022 IEEE Sixth Ecuador Technical Chapters Meeting (ETCM) (pp. 01-06). IEEE.<\/li><li>L\u00f3pez-V\u00e1zquez, C., Gonzalez-Campos, M. E., Bernab\u00e9-Poveda, M. A., Moctezuma, D., Hochsztain, E., Barrera, M. A., &#8230; &amp; Seco, D. (2022). <strong>Building a Gold Standard Dataset to Identify Articles About Geographic Information Science.<\/strong>\u00a0<i>IEEE Access<\/i>,\u00a0<i>10<\/i>, 19926-19936. <a href=\"https:\/\/doi.org\/10.1109\/ACCESS.2022.3150869\">https:\/\/doi.org\/10.1109\/ACCESS.2022.3150869<\/a>.<\/li><li>Olmedo G., Acosta F., Villamar\u00edn D., Santander F., Achig R., Morocho V. <strong>Prototype of a Centralized Alert and Emergency System for Digital Terrestrial Television in Ecuador<\/strong> (2021). Advances in Itelligent Systems and Computing, 1326 AISC, pp. 191-201. DOI: 10.1007\/978-3-030-68080-0_144.<\/li><li>Vilches Bl\u00e1zquez, L. M., Granell, C., Corti\u00f1as \u00c1lvarez, A., Achig Balarezo, R., Pesantez Cabrera, P. G., &amp; Morocho Zurita, C. V. (2021). <strong>A scoping review on the use, processing and fusion of geographic data in virtual assistants.<\/strong> Transactions in GIS. <a href=\"https:\/\/doi.org\/10.1111\/tgis.12720\">https:\/\/doi.org\/10.1111\/tgis.12720<\/a><\/li><li>Morocho, V., Achig, R., Santander, F., Bautista, S. (2020). <strong>Esquema de Activaci\u00f3n de Alertas Tempranas en Televisi\u00f3n Digital Generadas a trav\u00e9s de una IDE.<\/strong> Revista Geoespacial, vol. 14 N\u00fam. 2.<\/li><li>Pacurucu Caceres, N., Morocho, V. (2020). <strong>Los PP GIS como GEO-Herramienta para el Mapeo de zonas vulnerables, en el contexto de la Planificaci\u00f3n Territorial: Una Revisi\u00f3n Bibiliogr\u00e1fica.<\/strong> Revista Geoespacial, vol. 14 N\u00fam. 2. <a href=\"https:\/\/journal.espe.edu.ec\/ojs\/index.php\/revista-geoespacial\/article\/view\/1608\">https:\/\/journal.espe.edu.ec\/ojs\/index.php\/revista-geoespacial\/article\/view\/1608<\/a>.<\/li><li>Morocho, V., Astudillo, J., Vivanco, L., Pacurucu, N., Calderon, A., Santander, F., &amp; Achig, R. (2020). <strong>Como aportar a la generaci\u00f3n de informaci\u00f3n de vulnerabilidades para los planes de ordenamiento territorial.<\/strong> In\u00a0<i>Derechos a la Ciudad y Territorio: Memorias del XI Simposio Nacional de Desarrollo Urbano y Planificaci\u00f3n Territorial<\/i> (pp. 314-325). Universidad de Cuenca. <a href=\"https:\/\/www.researchgate.net\/profile\/Pedro-Jimenez-Pacheco\/publication\/356919061_MemoriasXI1pdf\/data\/61b37b6c4b318a6970d05049\/MemoriasXI1.pdf#page=316\">https:\/\/www.researchgate.net\/profile\/Pedro-Jimenez-Pacheco\/publication\/356919061_MemoriasXI1pdf\/data\/61b37b6c4b318a6970d05049\/MemoriasXI1.pdf#page=316.<\/a><\/li><li>Cruz, L. V., C\u00e1ceres, N. P., Morocho, V., Lucero, A., Astudillo, J., &amp; Calder\u00f2n, A. (2020). <strong>Democratizar el acceso y uso de la informaci\u00f3n como mecanismo de transparencia para los procesos deplanificaci\u00f3n territorial.<\/strong> In\u00a0<i>Derechos a la Ciudad y Territorio: Memorias del XI Simposio Nacional de Desarrollo Urbano y Planificaci\u00f3n Territorial<\/i> (pp. 102-111). Universidad de Cuenca. <a href=\"https:\/\/dialnet.unirioja.es\/servlet\/articulo?codigo=8427106\">https:\/\/dialnet.unirioja.es\/servlet\/articulo?codigo=8427106.<\/a><\/li><li>Morocho V., Achig R., Santander F., Bautista S. (2019) <strong>Spatial Data Infrastructure as the Core for Activating Early Alerts Using EWBS and Interactive Applications in Digital Terrestrial Television.<\/strong> Information Technology and Systems. ICITS 2019. Advances in Intelligent Systems and Computing, vol 918. Springer, Cham. <a href=\"https:\/\/doi.org\/10.1007\/978-3-030-11890-7_34\">https:\/\/doi.org\/10.1007\/978-3-030-11890-7_34<\/a><\/li><li>Achig, R., Morocho, V., Santander, F., &amp; Pacurucu, N. (2019). <strong>Implantaci\u00f3n de una Aplicaci\u00f3n M\u00f3vil para PPGIS destinada a deslizamientos e integrada a una IDE.<\/strong>\u00a0 <a href=\"https:\/\/journal.espe.edu.ec\/ojs\/index.php\/revista-geoespacial\/issue\/view\/118\">Revista Geoespacial<\/a>, vol. 15 N\u00fam. 2. <a href=\"https:\/\/doi.org\/10.24133\/geoespacial.v15i2.1352\">https:\/\/doi.org\/10.24133\/geoespacial.v15i2.1352<\/a><\/li><li>Santander, F., Morocho, V. (2019). <strong>Levantamiento, An\u00e1lisis y Publicaci\u00f3n de Geoinformaci\u00f3n en un Visualizador 3D.<\/strong> <a href=\"Revista%20Geoespacial\">Revista Geoespacial<\/a>, vol. 15 N\u00fam. 2. <a href=\"https:\/\/doi.org\/10.24133\/geoespacial.v15i2.1350\">https:\/\/doi.org\/10.24133\/geoespacial.v15i2.1350<\/a><\/li><li>Pacurucu Caceres, N., Acosta, E., Morocho, V. (2019).<strong> Mapeo de Zonas Vunlnerables a Deslizamientos usando PP GIS y T\u00e9cnicas de Teledetecci\u00f3n.<\/strong> <a href=\"Revista%20Geoespacial\">Revista Geoespacial<\/a>, vol. 15 N\u00fam. 2. <a href=\"https:\/\/doi.org\/10.24133\/geoespacial.v15i2.13533\">https:\/\/doi.org\/24133\/geoespacial.v15i2.13533<\/a><\/li><li>Vivanco Cruz, L., Mej\u00eda, R., Morocho, V. (2019). <strong>Pol\u00edticas para la Gesti\u00f3n de la Informaci\u00f3n en la\u00a0 Planificaci\u00f3n Territorial.<\/strong> <a href=\"Revista%20Geoespacial\">Revista Geoespacial<\/a>, vol. 15 N\u00fam. 2. <a href=\"https:\/\/doi.org\/10.24133\/geoespacial.v15i2.1354\">https:\/\/doi.org\/10.24133\/geoespacial.v15i2.1354<\/a><\/li><li>Acero, P., Caldas, M., Mejia, P., Pes\u00e1ntez Cabrera, P., Piedra, R., Morocho, V. (2017). <strong>Tipolog\u00eda y Cin\u00e9tica del Deslizamiento Reina Del Cisne (Cuenca) a partir de Fotograf\u00edas A\u00e9reas, GPS, Esc\u00e1ner L\u00e1ser Terrestre y Ensayos Geot\u00e9cnicos del Suelo.<\/strong> <a href=\"Revista%20Geoespacial\">Revista Geoespacial<\/a>, vol. 14 N\u00fam. 2.<\/li><li>Apolo, D., Guam\u00e1n, V., Crespo, C., Pinos, Y., Pineda, N., Morocho, Villie, M., Anguisaca, E., Acosta, E. (2017). <strong>Cuantificaci\u00f3n y Mapeo de Sedimento Movilizado por Barrido Hidr\u00e1ulico en el Modelo F\u00edsico a Escala Reducida del Proyecto Hidroel\u00e9ctrico Normand\u00eda (Ecuador) Mediante Esc\u00e1ner L\u00e1ser Terrestre.<\/strong> Revista Geoespacial, vol. 14 N\u00fam. 2<\/li><li>Morocho, V., Vivanco, V., Pacurucu, N., Pinos, G. (2017). <strong>Conformando un Sistema de Informaci\u00f3n Subnacional para Modelado Territorial: Caso Ecuador.<\/strong> Revista Geoespacial, vol. 14 N\u00fam.2, pag. 98 \u2013 105<\/li><li>Villie Morocho, Nataly Naranjo, Rosario Achig. <strong>Integrando informaci\u00f3n documental a las infraestructuras de datos espaciales.<\/strong> Revista Geoespacial Vol 13, N2, pp14-26. Dic. (2016). ISSN 1390-3993.<\/li><li>Fabi\u00e1n Santander, Villie Morocho. \u00a0<strong>Optimizando uso de ancho de banda en una IDE el caso de las Islas Gal\u00e1pagos.<\/strong> Revista Geoespacial Vol 13, N2, pp27-40. Dic. (2016). ISSN 1390-3993.<\/li><li>Lorena Vivanco, Natalia Pacurucu, Johnatan Astudillo and Villie Morocho. \u00a0<strong>Gesti\u00f3n de la informaci\u00f3n geoespacial para la planificaci\u00f3n territorial y urbana.<\/strong> Revista Geoespacial Vol 13, N2, pp41-52. Dic. (2016). ISSN 1390-3993.<\/li><li>Liliana\u00a0Chaglla, Villie Morocho.<strong> Cosechador de metadatos en geonetwork para mejorar el acceso a informaci\u00f3n en una ide subnacional.<\/strong> Revista Geoespacial Vol 13, N2, pp70-83. Dic. (2016). ISSN 1390-3993.<\/li><li>Natalia Pacurucu, Lorena Vivanco, Villie Morocho, Johnatan Astudillo.<strong> Generaci\u00f3n automatizada de modelos territorial y urbano usando geoprocesamiento en una IDE.<\/strong> Jornadas Iberoamericana de Infraestructura de Datos Espaciales, Barcelona Espa\u00f1a, Sep (2016).<\/li><li>Villie Morocho, Natalia Pacurucu, Lorena Vivanco and Johnatan Astudillo. <strong>Geoprocessing by Spatial Data Infrastructure as semiautomatic tool for developing Territorial and Urbanistic Model.<\/strong> Infraestructure for Spatial Information in Europe Conference (2016), Barcelona Espa\u00f1a. Sep\/2016<\/li><li>Natalia Pacurucu, Lorena Vivanco, Villie Morocho, Johnatan Astudillo. <strong>Construcci\u00f3n del Modelo Urbano Actual para la ordenaci\u00f3n urbana a trav\u00e9s de geoprocesamiento sobre una IDE.<\/strong> Memorias del Congreso de Ciencia y Tecnolog\u00eda ESPE2016. Jun (2016). ISSN: 1390-4663. Vol11, pp 56-63.<\/li><li>Ruben Medina, Sebastian Bautista, Pablo Vanegas, Villie Morocho.<strong> Desarrollo de una Plataforma de Software para la Visualizaci\u00f3n y An\u00e1lisis de Im\u00e1genes Cardiacas 3-D de Tomograf\u00eda Multicorte.<\/strong> Memorias\u00a0 del Congreso de Ciencia y Tecnolog\u00edas ESPE (2016). Jun2016. ISSN: 1390-4663. Vol 11, pp 195-199.<\/li><li>R. Medina, E. Ibarra, V. Morocho, and P. Vanegas, <strong>Cardiac motion estimation in mri using optical flow.<\/strong> IEEE Latinamerica transactions, (2016). (por publicarse)<\/li><li>Ruben Medina, Sebastian Bautista, Pablo Vanegas, Villie Morocho. <strong>A Software Platform for Left Ventricle Hypertrophy Diagnosis Based on Visualization and Processing of 3-D MSCT Images.<\/strong> Abstract aceptado en el Congreso STSIVA (2016), actualmente se trabaja en la redacci\u00f3n del paper.<\/li><li>Ballari, D., Orellana, D., Acosta, E., Espinoza, A., &amp; Morocho, V. (2016). <strong>Uav monitoring for enviromental management in galapagos islands<\/strong> (Vol. 2016-January, pp. 1105-1111). Presentado en International Archives of the Photogrammetry, Remote Sensing and Spatial Information Sciences &#8211; ISPRS Archives. <a href=\"https:\/\/doi.org\/10.5194\/isprsarchives-XLI-B1-1105-2016\">https:\/\/doi.org\/10.5194\/isprsarchives-XLI-B1-1105-2016<\/a><\/li><li>E. Ibarra, R. Medina, V. Morocho, and P. Vanegas. <strong>Optical flow as a tool for cardiac motion estimation.<\/strong> Computer Aided System Engineering (APCASE), 2015 Asia-Pacific Conference on. IEEE, (2015), pp. 173\u2013178.<\/li><li>E. C. Rivas, F. Moreno, A. Benitez, V. Morocho, P. Vanegas, and R. Medina. <strong>Hepatic steatosis detection using the co-occurrence matrix in tomography and ultrasound images.<\/strong> Signal Processing, Images and Computer Vision (STSIVA), (2015) 20th Symposium on. IEEE, 2015, pp. 1\u20137.<\/li><li>R. Medina, A. La Cruz, A. Ordo\u00f1es, D. Pesantez, V. Morocho, and P. Vanegas.<strong> Level set algorithms comparison for multi-slice ct left ventricle segmentation.<\/strong> 11th International Symposium on Medical Information Processing and Analysis (SIPAIM 2015). International Society for Optics and Photonics, (2015), pp. 96 810O1\u201396 810O12<\/li><li>A. LA-CRUZ, R. MEDINA, V. MOROCHO, P. VANEGAS, and S. WONG. <strong>A biomedical engineering graduate program at university of cuenca, ecuador.<\/strong> Proceedings of 37th Annual International Conference of the IEEE Engineering in Medicine and Biology Society. Agosto 2015. IEEE, (2015).<\/li><li>R. Medina, E. Ibarra, V. Morocho, and P. Vanegas. <strong>Validacion de un algoritmo robusto para la estimacion del movimiento en secuencias de im\u00e1genes cardiacas.<\/strong> Revista Maskana, vol. Numero especial, 2-5 de Diciembre (2015), pp. 37\u201343, 2015.<\/li><li>Ballari Daniela, Acosta Enrique, Espinoza \u00c1ngel, Orellana Daniel, Morocho Villie, Martin Maximilian, Torsten Ulf. <strong>An\u00e1lisis de Im\u00e1genes UAV de las Islas Gal\u00e1pagos.<\/strong> Revista Geospacial. Dic, (2015). No12. ISSN:1390-3993<\/li><li>Astudillo Johnatan, Morocho Villie, Vivanco Lorena, Pacurucu Lorena, Salazar Ximena. <strong>Procesamiento Web Geoespacial sobre una IDE para la ordenaci\u00f3n territorial y urban\u00edstica.<\/strong> Revista Geospacial. Dic, (2015). No12. ISSN:1390-399<\/li><li>Morocho Villie, Santander Fabian. <strong>De los r\u00edgidos c\u00f3digos internos de una IDE a un ambiente gr\u00e1fico de administraci\u00f3n y gesti\u00f3n: IDE Ucuenca V3.5.<\/strong> Revista Geospacial. Dic, (2015). No12. ISSN:1390-3993<\/li><li>Morocho Villie, Pindo Juan, Romero Fernando. <strong>Sensor ciudadano como fuente de informaci\u00f3n para alertas tempranas integradas a la IDE RedCEDIA.<\/strong> Memorias de las X Jornadas de IDERA \u2013 Argentina Mayo (2015).<\/li><li>Morocho Villie, Pindo-Macas Juan, Romero-Ca\u00f1izares Fernando. <strong>La Infraestructura de Datos Espaciales como n\u00facleo de un sistema de gesti\u00f3n de alertas tempranas.<\/strong> Revista Digital Congreso de Ciencia y Tecnolog\u00eda ESPE. (2015). Pp. 257-261. ISSN: 1390-4671.<\/li><li>Colina, E., Falcon\u00ed, M., Morocho, V., Medina, J., Mora, A. <strong>Document Design of a Supervisory Control System for a Clinker Kiln Operation.<\/strong> Proceedings &#8211; (2015) Asia-Pacific Conference on Computer-Aided System Engineering, APCASE 2015 7287051, pp. 387-391<\/li><li>Morocho V., Colina E., Bautista S., Mora A. and Falconi M. (2015). <strong>Analysis of Thermographic Patterns using Open CV &#8211; Case Study: A Clinker Kiln.<\/strong> In Proceedings of the 12th International Conference on Informatics in Control, Automation and Robotics, pages 479-484. DOI: 10.5220\/0005535304790484<\/li><li>Morocho Villie, Fernandez Jackeline, Chac\u00f3n Humberto. <strong>NotiCEDIA una alternativa digital a un cirbuito interinstitucional de TV para promover la comunicaci\u00f3n entre la comunidad universitaria.<\/strong> Actas TICAL2015, Jul (2015). ISBN: 978-956-9390-04-3.Vi\u00f1a del Mar, Chile. Pp 551-558. <a href=\"http:\/\/tical2015.redclara.net\/\">http:\/\/tical2015.redclara.net\/<\/a><\/li><li>La Cruz, A., Zeas A.L., Quishpi E.A., Campoverde J.L., Guam\u00e1n H.K, Morocho V. (2014). <strong>Clinical validation of footprint analysis using the low cost Photo-podoscope JHECA NAWE.<\/strong> MASKANA Actas del Congreso I+D+ingenier\u00eda MATCH\u201914. ISSN: 1390-6143. (pp 95-102).<\/li><li>Gonz\u00e1lez, P.V. y Morocho, V. (2013). <strong>Estrategias de sensibilizaci\u00f3n para la ejecuci\u00f3n de proyectos en Telesalud.<\/strong> En Dos Santos Editor , A.F. y Fern\u00e1ndez Editor, A., Desarrollo de la Telesalud en Am\u00e9rica Latina, aspectos conceptuales y estado actual (pp 171-183). Chile: Publicaci\u00f3n de las Naciones Unidas.<\/li><li>Gonz\u00e1lez, P.V. y Morocho, V. (2013). <strong>Implementaci\u00f3n de proyectos de Telesalud: aspectos involucrados.<\/strong> En Dos Santos Editor , A.F. y Fern\u00e1ndez Editor, A., Desarrollo de la Telesalud en Am\u00e9rica Latina, aspectos conceptuales y estado actual (pp 185-198). Chile: Publicaci\u00f3n de las Naciones Unidas.<\/li><li>Morocho Villie. <strong>Mejorando la Usabilidad en las Plataformas de Infraestructura de Datos Espaciales.<\/strong> Revista Digital Congreso de Ciencia y Tecnolog\u00eca. May (2014). Vol9. Pp.106-110. ISSN: 1390-4663.<\/li><li>Morocho Villie. <strong>Nuevos m\u00e9todos y tecnolog\u00edas para fortalecer la participaci\u00f3n ciudadana en caso de alertas tempranas, potenciando IDE RedCEDIA.<\/strong> Newsletter IDE Iberoamerica. Febrero (2014) Vol.10 No2. pp. 22. ISSN 1852-0847<\/li><li>Morocho Villie, Morales Andrea, Feijoo Ana, Sarmiento Andr\u00e9s, Garcia-Almirall Pilar,\u00a0 Queralt\u00f3 i Ros, Pau. <strong>Estudio del impacto social, econ\u00f3mico y acad\u00e9mico de la Infraestructura de Datos Espaciales de la Universidad de Cuenca.<\/strong> ACE: Architecture, City and Environment = Arquitectura, Ciudad y Entorno ISSN 1886-4805. Vol 19. P\u00e1g: 265 &#8211; 284\u00a0\u00a0\u00a0\u00a0\u00a0\u00a0\u00a0\u00a0\u00a0\u00a0\u00a0\u00a0\u00a0\u00a0 Junio (2012). Espa\u00f1a.<\/li><li>Mabel \u00c1lvarez, Villie Morocho, Andrea Morales, Zulema Beatriz Rosanigo, Gwyn Jones, Lara L\u00f3pez \u00c1lvarez. <strong>Contributions to the SDI from Latin American Universities &#8211; Some Undertaken Initiatives.<\/strong> Global Geospatial Conference 2012 Spatially Enabling Government, Industry and Citizens Pag 1- 17. Mayo (2012). Quebec, Canada<\/li><li>Villie Morocho, Andrea Morales, Ana Feijoo. <strong>LATIN IDE \u2013 Comunidad Latinoamericana de Infraestructura de Datos Espaciales.<\/strong> Newsletter IDE Iberoamericano. Diciembre (2011) Vol. 7 No. 12 pp 3 ISSN 18520847<\/li><li>Villie Morocho, Andrea Morales. <strong>El vertiginoso crecimiento de la IDE Ucuenca hacia la IDE REDCEDIA: Un estudio de caso exitoso de IDE SUBNACIONAL.<\/strong> <em>Revista Galileo de la Facultad de Ingenier\u00eda de la Unviersidad de Cuenca.<\/em> Cuenca\/Ecuador. No 22. Nov, (2011).<\/li><li>Villie Morocho, Pilar Garcia-Almirall, Andrea Morales, Pau Queralto. <strong>El vertiginoso crecimiento de la IDE Cuenca hacia la IDE Red CEDIA.<\/strong> Proceedings of Jornadas Internacionales de IDEs 2011. 9-11 Noviembre (2011). Barcelona Espa\u00f1a.<\/li><li>Villie Morocho, Andrea Morales. <strong>El vertiginoso crecimiento de la IDE Ucuenca hacia la IDE REDCEDIA: Un estudio de caso exitoso de IDE SUBNACIONAL.<\/strong> Proceedings of CISCI 2011, 19-22 Julio (2011), Orlando, Florida, USA. <em>(seleccionado como uno de los mejores papers)<\/em><\/li><li>Villie Morocho, Andrea Morales. <strong>El vertiginoso crecimiento de la IDE ucuenca hacia la IDE REDCEDIA: un estudio de caso exitoso de IDE nacional.<\/strong> <em>\u00a0I Congreso Binacional Ecuador-Per\u00fa<\/em>. Abr, (2011).<\/li><li>Villie Morocho, Patricia Gonz\u00e1lez.<strong> Estrategia de Sensibilizaci\u00f3n para la Ejecuci\u00f3n de proyectos en Telesalud.<\/strong> Latin American Journal Of Telehealth, Vol 2(Num3), P\u00e1g. 302-317. Brasil, (2010). ISSN: 2175-2990 . Consultado may 13.\u00a0 <a href=\"http:\/\/cetes.medicina.ufmg.br\/revista\/index.php\/rlat\/article\/viewArticle\/80\">http:\/\/cetes.medicina.ufmg.br\/revista\/index.php\/rlat\/article\/viewArticle\/80<\/a><\/li><li>Maite Mijares, Villie Morocho, Ramiro Lopez. <strong>Diagn\u00f3stico da situa\u00e7\u00e3o de Teless\u00e1ude no Equador.<\/strong> Latin American Journal Of Telehealth, Vol 2(Num2). Pag. 244-251. Brasil, (2010). ISSN: 2175-2990.\u00a0 Consultado el septiembre 22, 2011, de <a href=\"http:\/\/cetes.medicina.ufmg.br\/revista\/index.php\/rlat\/article\/view\/84\/113\">http:\/\/cetes.medicina.ufmg.br\/revista\/index.php\/rlat\/article\/view\/84\/113<\/a><\/li><li>Villie Morocho, Pilar Garcia Almirall, Pau Queralto, Andrea Morales. <strong>Infraestructura de Datos Espaciales de la Universidad de Cuenca: una herramienta para el desarrollo local.<\/strong> <em>Mapping Interactivo, Revista Internacional de Ciencias de la Tierra; ISSN 1.131-9.100. Pag. 30-33. <\/em>Ago, (2010).<\/li><li>Villie Morocho. <strong>IDE UCuenca \u2013 Espa\u00f1a.<\/strong> Newsletter IDE Iberoamericano. Abril (2010) Vol. 6 No. 4 pp 7 \/ 14-15 ISSN 18520847.<\/li><li>Villie Morocho. <strong>Infraestructura de Datos Espaciales de la Universidad de Cuenca, una herramienta para el Desarrollo Local.<\/strong> Newsletter IDE Iberoamericano. Diciembre (2009) Vol. 5 No. 12 pp 4-5 ISSN 18520847.<\/li><li>Sof\u00eda Arevalo, Lorena C\u00e1rdenas, Villie Morocho. <strong>Sistema de Localizaci\u00f3n de Urgencias Personales SILUP.<\/strong> <em>Proceedings of JST09, ISSN 1390-3608.<\/em> P\u00e1g. 49-54. Universidad de Cuenca. Cuenca\/Ecuador. Jun (2009).<\/li><li>Juan Sebastian Moscoso, Andr\u00e9s Robles, Villie Morocho. <strong>Sistema de Publicidad M\u00f3vil Celular por proximidad. <\/strong><em>Proceedings of JST09, ISSN 1390-3608.<\/em> P\u00e1g. 112-116. Universidad de Cuenca. Cuenca\/Ecuador. Jun (2009).<\/li><li>Villie Morocho. <strong>Infraestructura de Datos Espaciales de la Unviersidad de Cuenca una Herramienta para el Desarrollo Local.<\/strong> Revista Galileo de la Facultad de Ingenier\u00eda de la Universidad de Cuenca. Cuenca\/Ecuador. Feb, (2009).<\/li><li>Villie Morocho. <strong>Redes para la Investigaci\u00f3n Regional en Salud: Propuestas y Dsaf\u00edos.<\/strong> <em>Revista Galileo de la Facultad de Ingenier\u00eda de la Unviersidad de Cuenca.<\/em> Cuenca\/Ecuador. Feb, (2009).<\/li><li>Villie Morocho. <strong>IDE \u2013 Ecuador.<\/strong> Newsletter IDE Iberoamericano. Diciembre (2008) Vol. 4 No. 12 pp 3-4. ISSN 1852-0847.<\/li><li>Villie Morocho Zurita. <strong>Las TIC y el Sector de la Salud en Latinoam\u00e9rica.<\/strong> Fundaci\u00f3n Telef\u00f3nica. Editorial Ariel (Barcelona Espa\u00f1a). Pag. 193-195. (2008). ISBN 978-84-08-07757-2<\/li><li>Villie Morocho Zurita, Juan Barros, Darwin Astudillo. <strong>Estudio de Factibilidad de Implantaci\u00f2n de Aplicaciones M\u00f3viles en Prcesos de Campo de la EERCS.<\/strong> <em>Revista ANDINATRAFFIC Edici\u00f3n N\u00ba2 (ISBN 978-958-44-1982-8)<\/em>. Colombia. Oct, (2007).<\/li><li>Villie Morocho. <strong>Integrando Tecnolog\u00eda M\u00f3vil a los Sistemas Inform\u00e1ticos.<\/strong> <em>Revista Galileo de la Facultad de Ingenier\u00eda de la Universidad de Cuenca<\/em>. Cuenca\/Ecuador. Mar, (2007).<\/li><li>Villie Morocho Zurita. <strong>El Examen M\u00e9dico llega al Celular.<\/strong> Revista LIDERES, de El Comercio. Ecuador. Jun, (2007).<\/li><li>Villie Morocho Zurita, Lluis P\u00e9rez Vidal and F\u00e8lix Saltor. <strong>Database Schema Detection and Mapping on Mobile Applications: An Ontology-based Approach.<\/strong> In proceedings of <em>the IASTED International Conference on Databases and Applications<\/em>. Innsbruck, Austria. Feb, (2004).<\/li><li>Villie Morocho, Llu\u00eds P\u00e9rez-Vidal and F\u00e8lix Saltor. <strong>Semantic Integration on Spatial Databases: SIT-SD prototype.<\/strong> In proceedings of <em>VIII Jornadas de Ingenier\u00eda del Software y Bases de Datos <\/em><em>JISBD&#8217;03<\/em>, Alicante, Spain. Nov, (2003).<\/li><li>Villie Morocho, Llu\u00eds P\u00e9rez-Vidal, and F\u00e8lix Saltor. <strong>Ontolog\u00edas en el mapeo de esquemas de BD espaciales (in spanish<\/strong><em><strong>).<\/strong> Conferencia ESRI 2003<\/em>, Madrid, Spain, Oct (2003).<\/li><li>Villie Morocho Zurita, F\u00e8lix Saltor and Lluis P\u00e9rez Vidal. <strong>Schema Integration on Federated Spatial DB across ontologies.<\/strong> In proceedings of <em>Engineering Federated Information Systems, Coventry United Kingdom<\/em>. Jul (2003).<\/li><li>Villie Morocho Zurita, F\u00e8lix Saltor and Lluis P\u00e9rez Vidal. <strong>Ontologies\u00a0: Solving Semantic Heterogeneity in a Federated Spatial Database System.<\/strong> In proceedings of fifth International Conference on Enterprise Information Systems<em> 2003, Angers-France<\/em>. Apr (2003).<\/li><li>Villie Morocho Zurita, F\u00e8lix Saltor and Lluis P\u00e9rez Vidal. <strong>Tower integration of spatial database.<\/strong> JSIG\u201901 Almagro-Espa\u00f1a. nov., (2001). (En espa\u00f1ol)<\/li><li>Villie Morocho Zurita. <strong>Analysis of new information sources of semistructured data (as geographics data) for a loosely coupled FDBS.<\/strong> LSI-UPC, (2001).<\/li><li>Villie Morocho Zurita. <strong>Analysis of possibilities of XML as tool for developed a FDBS of loosely coupled of structured data and semi structured data.<\/strong> Technical Report LSI-01-01-T, LSI-UPC, (2001).<\/li><\/ul>\t\t\t\t\t\t\t\t<\/div>\n\t\t\t\t<\/div>\n\t\t\t\t\t<\/div>\n\t\t<\/div>\n\t\t\t\t\t<\/div>\n\t\t<\/section>\n\t\t\t\t<\/div>\n\t\t","protected":false},"excerpt":{"rendered":"<p>Vivanco, L., Pacurucu-C\u00e1ceres, N., Achig, R., &amp; Morocho, V (2023). Citizen Participation in the Management of Territorial Information. In International Conference on Geospatial Information Sciences (pp. 229-239). Charm: Springer Nature Switzerland. Morocho,<a class=\"moretag\" href=\"https:\/\/ide.ucuenca.edu.ec\/?page_id=299\">Leer m\u00e1s&#8230;<\/a><\/p>\n","protected":false},"author":1,"featured_media":0,"parent":0,"menu_order":0,"comment_status":"closed","ping_status":"closed","template":"","meta":{"footnotes":""},"class_list":["post-299","page","type-page","status-publish","hentry"],"_links":{"self":[{"href":"https:\/\/ide.ucuenca.edu.ec\/index.php?rest_route=\/wp\/v2\/pages\/299","targetHints":{"allow":["GET"]}}],"collection":[{"href":"https:\/\/ide.ucuenca.edu.ec\/index.php?rest_route=\/wp\/v2\/pages"}],"about":[{"href":"https:\/\/ide.ucuenca.edu.ec\/index.php?rest_route=\/wp\/v2\/types\/page"}],"author":[{"embeddable":true,"href":"https:\/\/ide.ucuenca.edu.ec\/index.php?rest_route=\/wp\/v2\/users\/1"}],"replies":[{"embeddable":true,"href":"https:\/\/ide.ucuenca.edu.ec\/index.php?rest_route=%2Fwp%2Fv2%2Fcomments&post=299"}],"version-history":[{"count":21,"href":"https:\/\/ide.ucuenca.edu.ec\/index.php?rest_route=\/wp\/v2\/pages\/299\/revisions"}],"predecessor-version":[{"id":951,"href":"https:\/\/ide.ucuenca.edu.ec\/index.php?rest_route=\/wp\/v2\/pages\/299\/revisions\/951"}],"wp:attachment":[{"href":"https:\/\/ide.ucuenca.edu.ec\/index.php?rest_route=%2Fwp%2Fv2%2Fmedia&parent=299"}],"curies":[{"name":"wp","href":"https:\/\/api.w.org\/{rel}","templated":true}]}}