{"id":292,"date":"2016-08-26T00:59:41","date_gmt":"2016-08-26T00:59:41","guid":{"rendered":"http:\/\/localhost\/wordpress\/?page_id=292"},"modified":"2016-08-26T00:59:41","modified_gmt":"2016-08-26T00:59:41","slug":"objetivo","status":"publish","type":"page","link":"https:\/\/ide.ucuenca.edu.ec\/?page_id=292","title":{"rendered":"Objetivo"},"content":{"rendered":"<p>Consolidar la experiencia en generaci\u00f3n de proyectos relacionados a Geoinform\u00e1tica que se han generado en investigaci\u00f3n, desarrollo e innovaci\u00f3n. Esto permitir\u00e1 integrar a docentes\/investigadores en un grupo de trabajo donde el equipamiento tambi\u00e9n sea compartible y permita la colaboraci\u00f3n m\u00e1s directa entre sus integrantes. A pesar que el laboratorio se crea bajo el Departamento de Ciencias de la Computaci\u00f3n, en este laboratorio puede existir colaboraci\u00f3n de docentes\/investigadores de otros Departamentos y Facultades.<\/p>\n","protected":false},"excerpt":{"rendered":"<p>Consolidar la experiencia en generaci\u00f3n de proyectos relacionados a Geoinform\u00e1tica que se han generado en investigaci\u00f3n, desarrollo e innovaci\u00f3n. Esto permitir\u00e1 integrar a docentes\/investigadores en un grupo de trabajo donde el equipamiento<a class=\"moretag\" href=\"https:\/\/ide.ucuenca.edu.ec\/?page_id=292\">Leer m\u00e1s&#8230;<\/a><\/p>\n","protected":false},"author":1,"featured_media":0,"parent":0,"menu_order":0,"comment_status":"closed","ping_status":"closed","template":"","meta":{"footnotes":""},"class_list":["post-292","page","type-page","status-publish","hentry"],"_links":{"self":[{"href":"https:\/\/ide.ucuenca.edu.ec\/index.php?rest_route=\/wp\/v2\/pages\/292","targetHints":{"allow":["GET"]}}],"collection":[{"href":"https:\/\/ide.ucuenca.edu.ec\/index.php?rest_route=\/wp\/v2\/pages"}],"about":[{"href":"https:\/\/ide.ucuenca.edu.ec\/index.php?rest_route=\/wp\/v2\/types\/page"}],"author":[{"embeddable":true,"href":"https:\/\/ide.ucuenca.edu.ec\/index.php?rest_route=\/wp\/v2\/users\/1"}],"replies":[{"embeddable":true,"href":"https:\/\/ide.ucuenca.edu.ec\/index.php?rest_route=%2Fwp%2Fv2%2Fcomments&post=292"}],"version-history":[{"count":1,"href":"https:\/\/ide.ucuenca.edu.ec\/index.php?rest_route=\/wp\/v2\/pages\/292\/revisions"}],"predecessor-version":[{"id":293,"href":"https:\/\/ide.ucuenca.edu.ec\/index.php?rest_route=\/wp\/v2\/pages\/292\/revisions\/293"}],"wp:attachment":[{"href":"https:\/\/ide.ucuenca.edu.ec\/index.php?rest_route=%2Fwp%2Fv2%2Fmedia&parent=292"}],"curies":[{"name":"wp","href":"https:\/\/api.w.org\/{rel}","templated":true}]}}