{"id":286,"date":"2016-08-25T17:55:12","date_gmt":"2016-08-25T22:55:12","guid":{"rendered":"http:\/\/localhost\/wordpress\/?page_id=286"},"modified":"2023-01-11T19:05:31","modified_gmt":"2023-01-12T00:05:31","slug":"historia","status":"publish","type":"page","link":"https:\/\/ide.ucuenca.edu.ec\/?page_id=286","title":{"rendered":"Proyectos"},"content":{"rendered":"<h2>Proyectos Generados en IDE<\/h2>\n<table width=\"800\">\n<tbody>\n<tr>\n<td width=\"359\"><strong>Nombre del proyecto<\/strong><\/td>\n<td width=\"57\"><strong>Inicio<\/strong><\/td>\n<td width=\"63\"><strong>Fin<\/strong><\/td>\n<td width=\"64\"><strong>Financiado por<\/strong><\/td>\n<td width=\"66\"><strong>Tipo Financia.<\/strong><\/td>\n<td width=\"51\"><\/td>\n<td width=\"140\"><strong>Participantes<\/strong><\/td>\n<\/tr>\n<tr>\n<td width=\"359\">PORTAL DE DESARROLLO LOCAL PARA LA MANCOMUNIDAD DE LA CUENCA DEL R\u00cdO JUBONES COMO NODO DE UN IDE REGIONAL<\/td>\n<td width=\"57\">feb-08<\/td>\n<td width=\"63\">ene-09<\/td>\n<td width=\"64\">AECID<\/td>\n<td width=\"66\">Extranjero<\/td>\n<td width=\"51\">Externo<\/td>\n<td width=\"140\">Universidad Polit\u00e9cnica de Catalu\u00f1a, PYDLOS<\/td>\n<\/tr>\n<tr>\n<td width=\"359\">CREACION DEL CENTRO DE SOPORTE IDE EN LA UNIVERSIDAD DE CUENCA<\/td>\n<td width=\"57\">feb-09<\/td>\n<td width=\"63\">ene-10<\/td>\n<td width=\"64\">AECID<\/td>\n<td width=\"66\">Extranjero<\/td>\n<td width=\"51\">Externo<\/td>\n<td width=\"140\">Universidad Polit\u00e9cnica de Catalu\u00f1a<\/td>\n<\/tr>\n<tr>\n<td width=\"359\">Infraestructura de Datos Espaciales sobre la Red Avanzada<\/td>\n<td width=\"57\">nov-09<\/td>\n<td width=\"63\">may-11<\/td>\n<td width=\"64\">CEDIA<\/td>\n<td width=\"66\">Nacional<\/td>\n<td width=\"51\">Externo<\/td>\n<td width=\"140\">UPS, UEB, UTN<\/td>\n<\/tr>\n<tr>\n<td width=\"359\">CREACI\u00d3N DE LA RED DE IDE\u2019S INTERUNIVERISTARIA EN EL MARCO DE CEDIA<\/td>\n<td width=\"57\">feb-10<\/td>\n<td width=\"63\">ene-11<\/td>\n<td width=\"64\">AECID<\/td>\n<td width=\"66\">Extranjero<\/td>\n<td width=\"51\">Externo<\/td>\n<td width=\"140\">Universidad Polit\u00e9cnica de Catalu\u00f1a<\/td>\n<\/tr>\n<tr>\n<td width=\"359\">Georeferenciaci\u00f3n para el desarrollo de datos de Radiodifusi\u00f3n\u00a0 y Televisi\u00f3n<\/td>\n<td width=\"57\">jun-10<\/td>\n<td width=\"63\">feb-11<\/td>\n<td width=\"64\">SUPERTEL<\/td>\n<td width=\"66\">Nacional<\/td>\n<td width=\"51\">Externo<\/td>\n<td width=\"140\"><\/td>\n<\/tr>\n<tr>\n<td width=\"359\">CREACI\u00d3N DE LA RED DE IDE\u2019S INTERUNIVERISTARIA EN EL MARCO CEDIA (fase 2)<\/td>\n<td width=\"57\">feb-11<\/td>\n<td width=\"63\">ene-12<\/td>\n<td width=\"64\">AECID<\/td>\n<td width=\"66\">Extranjero<\/td>\n<td width=\"51\">Externo<\/td>\n<td width=\"140\">Universidad Polit\u00e9cnica de Catalu\u00f1a<\/td>\n<\/tr>\n<tr>\n<td width=\"359\">Infraestructura de Datos Espaciales sobre la Red Avanzada Integraci\u00f3n nuevos actores<\/td>\n<td width=\"57\">ago-11<\/td>\n<td width=\"63\">jul-12<\/td>\n<td width=\"64\">CEDIA<\/td>\n<td width=\"66\">Nacional<\/td>\n<td width=\"51\">Externo<\/td>\n<td width=\"140\">UNIANDES, ESPOCH, UTPL<\/td>\n<\/tr>\n<tr>\n<td width=\"359\">Nuevos m\u00e9todos y tecnolog\u00edas para fortalecer la participaci\u00f3n ciudadana en caso de alertas tempranas, potenciando IDE RedCEDIA<\/td>\n<td width=\"57\">dic-13<\/td>\n<td width=\"63\">nov-14<\/td>\n<td width=\"64\">CEDIA<\/td>\n<td width=\"66\">Nacional<\/td>\n<td width=\"51\">Externo<\/td>\n<td width=\"140\">ESPOL, UNIANDES, ESPOCH<\/td>\n<\/tr>\n<tr>\n<td width=\"359\">Levantamiento Experimental de Informaic\u00f3n cartogr\u00e1fica 3D para representaci\u00f3n en el IDE Ucuenca<\/td>\n<td width=\"57\">jun-14<\/td>\n<td width=\"63\">dic-15<\/td>\n<td width=\"64\">DIUC<\/td>\n<td width=\"66\">Nacional<\/td>\n<td width=\"51\">Interno<\/td>\n<td width=\"140\">Departamento CC, Facultad de Arquitectura<\/td>\n<\/tr>\n<tr>\n<td width=\"359\">Avances en la investigaci\u00f3n y Desarrollo en IDEs, GT-IDE<\/td>\n<td width=\"57\">ene-15<\/td>\n<td width=\"63\">dic-15<\/td>\n<td width=\"64\">CEDIA<\/td>\n<td width=\"66\">Nacional<\/td>\n<td width=\"51\">Externo<\/td>\n<td width=\"140\">ESPOL, UTPL, ESOPCH, UNIANDES<\/td>\n<\/tr>\n<tr>\n<td width=\"359\">Integraci\u00f3n de fuentes de datos espaciales y monitoreo ambiental con UAV para la toma de decisiones en \u00e1reas pobladas y \u00e1reas protegidas de las Islas Gal\u00e1pagos<\/td>\n<td width=\"57\">ene-15<\/td>\n<td width=\"63\">jun-16<\/td>\n<td width=\"64\">WWF<\/td>\n<td width=\"66\">Extranjero<\/td>\n<td width=\"51\">Externo<\/td>\n<td width=\"140\">WWF, Direcci\u00f3n del Parque Nacional Gal\u00e1pagos, CGREG<\/td>\n<\/tr>\n<tr>\n<td width=\"359\">Avances en la investigaci\u00f3n y Desarrollo en IDEs, GT-IDE 2<\/td>\n<td width=\"57\">ene-16<\/td>\n<td width=\"63\">dic-16<\/td>\n<td width=\"64\">CEDIA<\/td>\n<td width=\"66\">Nacional<\/td>\n<td width=\"51\">Externo<\/td>\n<td width=\"140\">ESPOL, UTPL, ESOPCH, UNIANDES<\/td>\n<\/tr>\n<\/tbody>\n<\/table>\n","protected":false},"excerpt":{"rendered":"<p>Proyectos Generados en IDE Nombre del proyecto Inicio Fin Financiado por Tipo Financia. Participantes PORTAL DE DESARROLLO LOCAL PARA LA MANCOMUNIDAD DE LA CUENCA DEL R\u00cdO JUBONES COMO NODO DE UN IDE<a class=\"moretag\" href=\"https:\/\/ide.ucuenca.edu.ec\/?page_id=286\">Leer m\u00e1s&#8230;<\/a><\/p>\n","protected":false},"author":1,"featured_media":0,"parent":0,"menu_order":0,"comment_status":"closed","ping_status":"closed","template":"","meta":{"footnotes":""},"class_list":["post-286","page","type-page","status-publish","hentry"],"_links":{"self":[{"href":"https:\/\/ide.ucuenca.edu.ec\/index.php?rest_route=\/wp\/v2\/pages\/286","targetHints":{"allow":["GET"]}}],"collection":[{"href":"https:\/\/ide.ucuenca.edu.ec\/index.php?rest_route=\/wp\/v2\/pages"}],"about":[{"href":"https:\/\/ide.ucuenca.edu.ec\/index.php?rest_route=\/wp\/v2\/types\/page"}],"author":[{"embeddable":true,"href":"https:\/\/ide.ucuenca.edu.ec\/index.php?rest_route=\/wp\/v2\/users\/1"}],"replies":[{"embeddable":true,"href":"https:\/\/ide.ucuenca.edu.ec\/index.php?rest_route=%2Fwp%2Fv2%2Fcomments&post=286"}],"version-history":[{"count":9,"href":"https:\/\/ide.ucuenca.edu.ec\/index.php?rest_route=\/wp\/v2\/pages\/286\/revisions"}],"predecessor-version":[{"id":838,"href":"https:\/\/ide.ucuenca.edu.ec\/index.php?rest_route=\/wp\/v2\/pages\/286\/revisions\/838"}],"wp:attachment":[{"href":"https:\/\/ide.ucuenca.edu.ec\/index.php?rest_route=%2Fwp%2Fv2%2Fmedia&parent=286"}],"curies":[{"name":"wp","href":"https:\/\/api.w.org\/{rel}","templated":true}]}}