{"id":174,"date":"2016-08-03T06:21:38","date_gmt":"2016-08-03T06:21:38","guid":{"rendered":"http:\/\/localhost\/wordpress\/?page_id=174"},"modified":"2023-01-11T19:32:46","modified_gmt":"2023-01-12T00:32:46","slug":"capacitaciones","status":"publish","type":"page","link":"https:\/\/ide.ucuenca.edu.ec\/?page_id=174","title":{"rendered":"Capacitaciones"},"content":{"rendered":"\t\t<div data-elementor-type=\"wp-page\" data-elementor-id=\"174\" class=\"elementor elementor-174\">\n\t\t\t\t\t\t<section class=\"elementor-section elementor-top-section elementor-element elementor-element-2673b356 elementor-section-boxed elementor-section-height-default elementor-section-height-default\" data-id=\"2673b356\" data-element_type=\"section\">\n\t\t\t\t\t\t<div class=\"elementor-container elementor-column-gap-default\">\n\t\t\t\t\t<div class=\"elementor-column elementor-col-100 elementor-top-column elementor-element elementor-element-3e231e62\" data-id=\"3e231e62\" data-element_type=\"column\">\n\t\t\t<div class=\"elementor-widget-wrap elementor-element-populated\">\n\t\t\t\t\t\t<div class=\"elementor-element elementor-element-7f692f0d elementor-widget elementor-widget-text-editor\" data-id=\"7f692f0d\" data-element_type=\"widget\" data-widget_type=\"text-editor.default\">\n\t\t\t\t<div class=\"elementor-widget-container\">\n\t\t\t\t\t\t\t\t\t<div class=\"items-leading\"><div class=\"leading-0\"><h2>Capacitaciones en IDEs<\/h2><p>Desde el primer proyecto generando en 2008 se han desarrollado capacitaciones que fomentan la implementaci\u00f3n y uso de Infraestructura de Datos Espaciales bajo m\u00e1s de una decena de proyectos se ha logrado capacitar a docentes, investigadores, alumnos y sobre todo ciudadanos. Esto ha logrado que varios proyectos integren otras \u00e1reas de conocimientos como es el caso del <a href=\"http:\/\/lavcite.ucuenca.edu.ec\/\">Laboratorio Virtual de Ciudad y Territorio<\/a>.\u00a0<\/p><p>Las capacitaciones m\u00e1s recientes son en relaci\u00f3n al proyecto <em>\u201cLos asistentes virtuales como aporte en los procesos de participaci\u00f3n ciudadana de los planes de desarrollo y ordenamiento territorial\u201d <\/em>que principalmente incentiva al ciudadano para usar herramientas geoespaciales en su que hacer, fomentando as\u00ed la participaci\u00f3n p\u00fablica en la planificaci\u00f3n territorial.<\/p><p>Se realizaron reuniones en los diferentes GADs de la ciudad en el mes de octubre del 2022.<\/p><p><img fetchpriority=\"high\" decoding=\"async\" class=\"aligncenter wp-image-571 size-full\" src=\"https:\/\/ide.ucuenca.edu.ec\/wp-content\/uploads\/2022\/10\/BeFunky-collage-scaled.jpg\" alt=\"\" width=\"2560\" height=\"2560\" srcset=\"https:\/\/ide.ucuenca.edu.ec\/wp-content\/uploads\/2022\/10\/BeFunky-collage-scaled.jpg 2560w, https:\/\/ide.ucuenca.edu.ec\/wp-content\/uploads\/2022\/10\/BeFunky-collage-300x300.jpg 300w, https:\/\/ide.ucuenca.edu.ec\/wp-content\/uploads\/2022\/10\/BeFunky-collage-1024x1024.jpg 1024w, https:\/\/ide.ucuenca.edu.ec\/wp-content\/uploads\/2022\/10\/BeFunky-collage-150x150.jpg 150w, https:\/\/ide.ucuenca.edu.ec\/wp-content\/uploads\/2022\/10\/BeFunky-collage-768x768.jpg 768w, https:\/\/ide.ucuenca.edu.ec\/wp-content\/uploads\/2022\/10\/BeFunky-collage-1536x1536.jpg 1536w, https:\/\/ide.ucuenca.edu.ec\/wp-content\/uploads\/2022\/10\/BeFunky-collage-2048x2048.jpg 2048w\" sizes=\"(max-width: 2560px) 100vw, 2560px\" \/><\/p><\/div><\/div>\t\t\t\t\t\t\t\t<\/div>\n\t\t\t\t<\/div>\n\t\t\t\t\t<\/div>\n\t\t<\/div>\n\t\t\t\t\t<\/div>\n\t\t<\/section>\n\t\t\t\t<\/div>\n\t\t","protected":false},"excerpt":{"rendered":"<p>Capacitaciones en IDEs Desde el primer proyecto generando en 2008 se han desarrollado capacitaciones que fomentan la implementaci\u00f3n y uso de Infraestructura de Datos Espaciales bajo m\u00e1s de una decena de proyectos<a class=\"moretag\" href=\"https:\/\/ide.ucuenca.edu.ec\/?page_id=174\">Leer m\u00e1s&#8230;<\/a><\/p>\n","protected":false},"author":1,"featured_media":0,"parent":0,"menu_order":0,"comment_status":"closed","ping_status":"closed","template":"","meta":{"footnotes":""},"class_list":["post-174","page","type-page","status-publish","hentry"],"_links":{"self":[{"href":"https:\/\/ide.ucuenca.edu.ec\/index.php?rest_route=\/wp\/v2\/pages\/174","targetHints":{"allow":["GET"]}}],"collection":[{"href":"https:\/\/ide.ucuenca.edu.ec\/index.php?rest_route=\/wp\/v2\/pages"}],"about":[{"href":"https:\/\/ide.ucuenca.edu.ec\/index.php?rest_route=\/wp\/v2\/types\/page"}],"author":[{"embeddable":true,"href":"https:\/\/ide.ucuenca.edu.ec\/index.php?rest_route=\/wp\/v2\/users\/1"}],"replies":[{"embeddable":true,"href":"https:\/\/ide.ucuenca.edu.ec\/index.php?rest_route=%2Fwp%2Fv2%2Fcomments&post=174"}],"version-history":[{"count":19,"href":"https:\/\/ide.ucuenca.edu.ec\/index.php?rest_route=\/wp\/v2\/pages\/174\/revisions"}],"predecessor-version":[{"id":847,"href":"https:\/\/ide.ucuenca.edu.ec\/index.php?rest_route=\/wp\/v2\/pages\/174\/revisions\/847"}],"wp:attachment":[{"href":"https:\/\/ide.ucuenca.edu.ec\/index.php?rest_route=%2Fwp%2Fv2%2Fmedia&parent=174"}],"curies":[{"name":"wp","href":"https:\/\/api.w.org\/{rel}","templated":true}]}}