{"id":166,"date":"2016-08-03T06:09:17","date_gmt":"2016-08-03T06:09:17","guid":{"rendered":"http:\/\/localhost\/wordpress\/?page_id=166"},"modified":"2022-01-28T19:51:31","modified_gmt":"2022-01-29T00:51:31","slug":"la-ide-y-el-cidi","status":"publish","type":"page","link":"https:\/\/ide.ucuenca.edu.ec\/?page_id=166","title":{"rendered":"LAVCITE"},"content":{"rendered":"<p><!--EndFragment--><\/p>\n\n\n<p><strong>Laboratorio Virtual de Ciudad y Territorio<\/strong>\u00a0<\/p>\n\n\n\n<p>Es una herramienta de procesamiento web geoespacial para la generaci\u00f3n de modelos territoriales y urbanos de la situaci\u00f3n actual, que permitan comprender la realidad de los territorios y que por lo tanto sirvan de insumo para la toma de decisiones en los procesos de planificaci\u00f3n.\u00a0<\/p>\n\n\n\n<p><strong>Infraestructura de Datos Espaciales FAUC<\/strong>\u00a0<\/p>\n\n\n\n<p>La Infraestructura de Datos Espaciales (IDE) es una herramienta que permite poner a disposici\u00f3n de los investigadores, t\u00e9cnicos de los GADs y del ciudadano en general, informaci\u00f3n geoespacial. Son muchas las ventajas que una IDE presenta para facilitar el uso de informaci\u00f3n, sin embargo, tambi\u00e9n tiene ciertas desventajas que resultan de c\u00f3mo se enfoc\u00f3 el desarrollo, pues no pasa de ser un software. Este es el principal motivo por el que el dise\u00f1o de software busca mejorar la funcionalidad de la plataforma IDE.\u00a0<strong><em>.<\/em><\/strong><\/p>\n\n\n\n<ul class=\"wp-block-list\"><li><strong>Gestor de visores y capas.&nbsp;<\/strong>Este sistema cumple con m\u00faltiples funcionalidades que permiten gestionar la informaci\u00f3n de forma din\u00e1mica, r\u00e1pida y sencilla, logrando agilizar tiempos de trabajo con respecto a la generaci\u00f3n de visores y publicaci\u00f3n de mapas.<\/li><li><strong>Visores de mapas.&nbsp;<\/strong>Un visor de mapas es donde se muestra la informaci\u00f3n geogr\u00e1fica para que est\u00e9 a disposici\u00f3n del usuario final. En este r\u00e9gimen se ha a\u00f1adido la funcionalidad de ser un<em>visor p\u00fablico o privado<\/em>&nbsp;permitiendo as\u00ed compartir o proteger cierta informaci\u00f3n.<\/li><\/ul>\n\n\n\n<p>Para m\u00e1s informaci\u00f3n:\u00a0<a href=\"http:\/\/lavcite.ucuenca.edu.ec\/index.php\">http:\/\/lavcite.ucuenca.edu.ec\/index.php<\/a>\u00a0<\/p>\n\n\n\n<p>Visor:\u00a0<a href=\"http:\/\/lavcite.ucuenca.edu.ec\/ide\/web\/laboratorio\/\">http:\/\/lavcite.ucuenca.edu.ec\/ide\/web\/laboratorio\/<\/a><\/p>\n","protected":false},"excerpt":{"rendered":"<p>Laboratorio Virtual de Ciudad y Territorio\u00a0 Es una herramienta de procesamiento web geoespacial para la generaci\u00f3n de modelos territoriales y urbanos de la situaci\u00f3n actual, que permitan comprender la realidad de los<a class=\"moretag\" href=\"https:\/\/ide.ucuenca.edu.ec\/?page_id=166\">Leer m\u00e1s&#8230;<\/a><\/p>\n","protected":false},"author":1,"featured_media":0,"parent":0,"menu_order":0,"comment_status":"closed","ping_status":"closed","template":"","meta":{"footnotes":""},"class_list":["post-166","page","type-page","status-publish","hentry"],"_links":{"self":[{"href":"https:\/\/ide.ucuenca.edu.ec\/index.php?rest_route=\/wp\/v2\/pages\/166","targetHints":{"allow":["GET"]}}],"collection":[{"href":"https:\/\/ide.ucuenca.edu.ec\/index.php?rest_route=\/wp\/v2\/pages"}],"about":[{"href":"https:\/\/ide.ucuenca.edu.ec\/index.php?rest_route=\/wp\/v2\/types\/page"}],"author":[{"embeddable":true,"href":"https:\/\/ide.ucuenca.edu.ec\/index.php?rest_route=\/wp\/v2\/users\/1"}],"replies":[{"embeddable":true,"href":"https:\/\/ide.ucuenca.edu.ec\/index.php?rest_route=%2Fwp%2Fv2%2Fcomments&post=166"}],"version-history":[{"count":7,"href":"https:\/\/ide.ucuenca.edu.ec\/index.php?rest_route=\/wp\/v2\/pages\/166\/revisions"}],"predecessor-version":[{"id":463,"href":"https:\/\/ide.ucuenca.edu.ec\/index.php?rest_route=\/wp\/v2\/pages\/166\/revisions\/463"}],"wp:attachment":[{"href":"https:\/\/ide.ucuenca.edu.ec\/index.php?rest_route=%2Fwp%2Fv2%2Fmedia&parent=166"}],"curies":[{"name":"wp","href":"https:\/\/api.w.org\/{rel}","templated":true}]}}