{"id":147,"date":"2016-08-03T05:48:43","date_gmt":"2016-08-03T05:48:43","guid":{"rendered":"http:\/\/localhost\/wordpress\/?page_id=147"},"modified":"2023-01-11T19:08:27","modified_gmt":"2023-01-12T00:08:27","slug":"lanzamiento-proyecto-ide","status":"publish","type":"page","link":"https:\/\/ide.ucuenca.edu.ec\/?page_id=147","title":{"rendered":"AV-PPGIS"},"content":{"rendered":"El proyecto denominado <em>\u00abLos asistentes virtuales como aporte en los procesos de participaci\u00f3n ciudadana de los planes\nde desarrollo y ordenamiento territorial\u00bb\u00a0\u00a0es\u00a0ganador del\u00a0\u00a0<\/em>II CONCURSO UNIVERSITARIO DE PROYECTOS DE INVESTIGACI\u00d3N-VINCULACI\u00d3N\u00a02021-2022 de la Universidad de Cuenca. Pertenece al \u00e1rea de conocimiento de los Estudios Urbanos (Planificaci\u00f3n y Desarrollo), y tambi\u00e9n intervienen las \u00e1reas de Poblaci\u00f3n, Territorio y Cultura.\n\nPara la formulaci\u00f3n de pol\u00edticas p\u00fablicas es indispensable la participaci\u00f3n ciudadana que promueva la deliberaci\u00f3n, planificaci\u00f3n y toma de decisiones de la gesti\u00f3n de los asuntos p\u00fablicos. La ordenaci\u00f3n territorial es una pol\u00edtica p\u00fablica que tiene como instrumento los Planes de Desarrollo y Ordenamiento\u00a0Territorial (PDOT) cuyo objetivo es satisfacer las necesidades de la poblaci\u00f3n para mejorar su calidad de vida. La problem\u00e1tica de los territorios a planificar requiere de diferentes m\u00e9todos y herramientas de acercamiento a la poblaci\u00f3n para involucrarlos.\n\nEn el cant\u00f3n Cuenca se produce la participaci\u00f3n ciudadana generalmente por medio de asambleas ciudadanas, presenciales y virtuales debido al COVID-19. Entre las mayores dificultades para los t\u00e9cnicos suelen estar la generaci\u00f3n de insumos de\u00a0informaci\u00f3n y el desconocimiento de las etapas del proceso planificador por parte de la ciudadan\u00eda. La informaci\u00f3n es m\u00e1s visible y entendible por medio de mapas, pero no necesariamente el ciudadano est\u00e1 acostumbrado a usarlos, peor a\u00fan encontrarlos en las plataformas que se ponen a disposici\u00f3n.\n\n<!-- \/wp:post-content --> <!-- wp:paragraph -->\n\nLas Infraestructuras de Datos Espaciales (IDEs) permiten acceder a geoinformaci\u00f3n y obtener conectividad a fuentes oficiales, a diferencia de las herramientas comerciales. Por otro lado, los\nAsistentes Virtuales han acercado al ciudadano com\u00fan a fuentes de datos que no son f\u00e1ciles de obtener y que al tener una interfaz m\u00e1s personalizada, facilitan su uso. Estos se constituyen en una herramienta \u00fatil para apoyar los procesos de participaci\u00f3n ciudadana por medio de las IDEs a fin de transparentar y democratizar la geoinformaci\u00f3n como insumo para la planificaci\u00f3n del territorio.\n\n<!--EndFragment-->\n\n<strong>Objetivo General:<\/strong>\n\n<!--EndFragment-->\n\n<!--EndFragment-->\n\n<!-- wp:paragraph -->\n\nImplementar una propuesta de asistente virtual como alternativa para mejorar la participaci\u00f3n ciudadana en los procesos de ordenaci\u00f3n territorial por medio de las IDE.\n\n<!-- \/wp:paragraph -->\n\n<strong>Objetivos\u00a0Espec\u00edficos:<\/strong>\n\n<!-- \/wp:paragraph --> <!-- wp:list -->\n<ul>\n \t<li>O1. Identificar las limitaciones de los espacios de participaci\u00f3n ciudadana en los PDOT del GAD de Cuenca (2015-2019) y (2021-2030).<\/li>\n \t<li>O2. Identificar las necesidades de informaci\u00f3n en los procesos de participaci\u00f3n ciudadana del ordenamiento territorial.<\/li>\n \t<li>O3. Dise\u00f1ar e implementar el Asistente Virtual (AV) como apoyo para mejorar los procesos de participaci\u00f3n ciudadana del ordenamiento territorial.<\/li>\n \t<li>O4. Integrar en la IDE el AV con la capacidad dise\u00f1ada para experimentaci\u00f3n en el caso de estudio.<\/li>\n \t<li>O5. Implementar un m\u00f3dulo de difusi\u00f3n sobre los resultados del ciclo de la participaci\u00f3n ciudadana en los PDOT del cant\u00f3n Cuenca a trav\u00e9s de la IDE UCuenca.<\/li>\n<\/ul>\n<strong>Metas\u00a0de\u00a0Cumplimiento:<\/strong>\n\n<!-- \/wp:list --> <!-- wp:list -->\n<ul>\n \t<li>M1. Un diagn\u00f3stico que recoge los hallazgos respecto a la participaci\u00f3n ciudadana en los procesos de ordenaci\u00f3n territorial.<\/li>\n \t<li>M2. Un an\u00e1lisis de las necesidades de informaci\u00f3n en procesos de ordenamiento territorial.<\/li>\n \t<li>M3. Implementaci\u00f3n del AV.<\/li>\n \t<li>M4.Integraci\u00f3n del AV a la IDE UCuenca.<\/li>\n \t<li>M5. Publicaci\u00f3n de material multimedia para la difusi\u00f3n de los procesos de ordenamiento territorial.<\/li>\n<\/ul>\n<!--EndFragment-->\n\nPara m\u00e1s informaci\u00f3n visitar <a href=\"https:\/\/ide.ucuenca.edu.ec\/av-ppgis\/\">AV-PPGIS<\/a>\n\n<!--EndFragment-->\n\n<!--EndFragment-->","protected":false},"excerpt":{"rendered":"<p>El proyecto denominado \u00abLos asistentes virtuales como aporte en los procesos de participaci\u00f3n ciudadana de los planes de desarrollo y ordenamiento territorial\u00bb\u00a0\u00a0es\u00a0ganador del\u00a0\u00a0II CONCURSO UNIVERSITARIO DE PROYECTOS DE INVESTIGACI\u00d3N-VINCULACI\u00d3N\u00a02021-2022 de la Universidad<a class=\"moretag\" href=\"https:\/\/ide.ucuenca.edu.ec\/?page_id=147\">Leer m\u00e1s&#8230;<\/a><\/p>\n","protected":false},"author":1,"featured_media":0,"parent":0,"menu_order":0,"comment_status":"closed","ping_status":"closed","template":"","meta":{"footnotes":""},"class_list":["post-147","page","type-page","status-publish","hentry"],"_links":{"self":[{"href":"https:\/\/ide.ucuenca.edu.ec\/index.php?rest_route=\/wp\/v2\/pages\/147","targetHints":{"allow":["GET"]}}],"collection":[{"href":"https:\/\/ide.ucuenca.edu.ec\/index.php?rest_route=\/wp\/v2\/pages"}],"about":[{"href":"https:\/\/ide.ucuenca.edu.ec\/index.php?rest_route=\/wp\/v2\/types\/page"}],"author":[{"embeddable":true,"href":"https:\/\/ide.ucuenca.edu.ec\/index.php?rest_route=\/wp\/v2\/users\/1"}],"replies":[{"embeddable":true,"href":"https:\/\/ide.ucuenca.edu.ec\/index.php?rest_route=%2Fwp%2Fv2%2Fcomments&post=147"}],"version-history":[{"count":16,"href":"https:\/\/ide.ucuenca.edu.ec\/index.php?rest_route=\/wp\/v2\/pages\/147\/revisions"}],"predecessor-version":[{"id":843,"href":"https:\/\/ide.ucuenca.edu.ec\/index.php?rest_route=\/wp\/v2\/pages\/147\/revisions\/843"}],"wp:attachment":[{"href":"https:\/\/ide.ucuenca.edu.ec\/index.php?rest_route=%2Fwp%2Fv2%2Fmedia&parent=147"}],"curies":[{"name":"wp","href":"https:\/\/api.w.org\/{rel}","templated":true}]}}