{"id":138,"date":"2016-08-03T05:27:03","date_gmt":"2016-08-03T05:27:03","guid":{"rendered":"http:\/\/localhost\/wordpress\/?page_id=138"},"modified":"2025-01-08T09:33:15","modified_gmt":"2025-01-08T14:33:15","slug":"personal","status":"publish","type":"page","link":"https:\/\/ide.ucuenca.edu.ec\/?page_id=138","title":{"rendered":"\u00bfQui\u00e9nes somos?"},"content":{"rendered":"\t\t<div data-elementor-type=\"wp-page\" data-elementor-id=\"138\" class=\"elementor elementor-138\">\n\t\t\t\t\t\t<section class=\"elementor-section elementor-top-section elementor-element elementor-element-3ebec2c elementor-section-boxed elementor-section-height-default elementor-section-height-default\" data-id=\"3ebec2c\" data-element_type=\"section\">\n\t\t\t\t\t\t<div class=\"elementor-container elementor-column-gap-default\">\n\t\t\t\t\t<div class=\"elementor-column elementor-col-100 elementor-top-column elementor-element elementor-element-dc8854d\" data-id=\"dc8854d\" data-element_type=\"column\">\n\t\t\t<div class=\"elementor-widget-wrap elementor-element-populated\">\n\t\t\t\t\t\t<div class=\"elementor-element elementor-element-298ff09 elementor-widget elementor-widget-text-editor\" data-id=\"298ff09\" data-element_type=\"widget\" data-widget_type=\"text-editor.default\">\n\t\t\t\t<div class=\"elementor-widget-container\">\n\t\t\t\t\t\t\t\t\t<p>El Grupo de Investigaci\u00f3n de Infraestructura de Datos Espaciales de la Universidad de Cuenca reconocido en el a\u00f1o 2022 por el Vicerrectorado de Investigaci\u00f3n de la Universidad de Cuenca con 15 a\u00f1os de experiencia en investigaci\u00f3n, desarrollo e innovaci\u00f3n geoespacial con \u00e9nfasis en \u00e9l \u00e1rea inform\u00e1tica. Este grupo integra especialistas de planificaci\u00f3n y ordenamiento territorial desde la Facultad de Arquitectura y Urbanismo, gesti\u00f3n de datos e investigaci\u00f3n en ingenier\u00eda en software desde la Facultad de Ingenier\u00eda. Est\u00e1 conformado adem\u00e1s por profesionales, investigadores, ayudantes de investigaci\u00f3n, estudiantes de pregrados y postgrado que han aportados en proyectos de investigaci\u00f3n aplicada, y desarrollo.<\/p><p>La principal herramienta que se ha desarrollado y que se pone a disposici\u00f3n de la comunidad es el n\u00facleo de la IDE-UCUENCA sobre la que se sigue desarrollando m\u00f3dulos e integrando funcionalidades para mejorar y mantener los servicios brindados desde el inicio de su creaci\u00f3n.<\/p><h4><strong>Personal del Grupo de Investigaci\u00f3n IDE<\/strong><\/h4>\t\t\t\t\t\t\t\t<\/div>\n\t\t\t\t<\/div>\n\t\t\t\t\t<\/div>\n\t\t<\/div>\n\t\t\t\t\t<\/div>\n\t\t<\/section>\n\t\t\t\t<section class=\"elementor-section elementor-top-section elementor-element elementor-element-e133bad elementor-section-boxed elementor-section-height-default elementor-section-height-default\" data-id=\"e133bad\" data-element_type=\"section\">\n\t\t\t\t\t\t<div class=\"elementor-container elementor-column-gap-default\">\n\t\t\t\t\t<div class=\"elementor-column elementor-col-100 elementor-top-column elementor-element elementor-element-e5f6ad0\" data-id=\"e5f6ad0\" data-element_type=\"column\">\n\t\t\t<div class=\"elementor-widget-wrap elementor-element-populated\">\n\t\t\t\t\t\t<div class=\"elementor-element elementor-element-5f58ddf elementor-widget elementor-widget-accordion\" data-id=\"5f58ddf\" data-element_type=\"widget\" data-widget_type=\"accordion.default\">\n\t\t\t\t<div class=\"elementor-widget-container\">\n\t\t\t\t\t\t\t<div class=\"elementor-accordion\">\n\t\t\t\t\t\t\t<div class=\"elementor-accordion-item\">\n\t\t\t\t\t<div id=\"elementor-tab-title-9991\" class=\"elementor-tab-title\" data-tab=\"1\" role=\"button\" aria-controls=\"elementor-tab-content-9991\" aria-expanded=\"false\">\n\t\t\t\t\t\t\t\t\t\t\t\t\t<span class=\"elementor-accordion-icon elementor-accordion-icon-left\" aria-hidden=\"true\">\n\t\t\t\t\t\t\t\t\t\t\t\t\t\t\t<span class=\"elementor-accordion-icon-closed\"><i class=\"fas fa-plus\"><\/i><\/span>\n\t\t\t\t\t\t\t\t<span class=\"elementor-accordion-icon-opened\"><i class=\"fas fa-minus\"><\/i><\/span>\n\t\t\t\t\t\t\t\t\t\t\t\t\t\t<\/span>\n\t\t\t\t\t\t\t\t\t\t\t\t<a class=\"elementor-accordion-title\" tabindex=\"0\">Ing. Villie Morocho Zurita, PhD.<\/a>\n\t\t\t\t\t<\/div>\n\t\t\t\t\t<div id=\"elementor-tab-content-9991\" class=\"elementor-tab-content elementor-clearfix\" data-tab=\"1\" role=\"region\" aria-labelledby=\"elementor-tab-title-9991\"><h5>Director del Grupo de Investigaci\u00f3n IDE-UCUENCA<\/h5><p>Doctor por la Universidad Polit\u00e9cnica de Catalu\u00f1a 2004, donde obtuvo este grado con la tesis doctoral \u201cEnfoque sem\u00e1ntico para la Integraci\u00f3n de Fuentes de Datos Espaciales\u201d. Tambi\u00e9n tiene un Diploma de Estudios Avanzados en Lenguajes y Sistemas Inform\u00e1ticos por la misma universidad.<\/p><p>Villie pertenece a la Direcci\u00f3n de Investigaci\u00f3n de la Universidad de Cuenca (DIUC) donde desempe\u00f1a como Investigador Principal. Fue fundador y director del Centro de Investigaci\u00f3n, Desarrollo e Innovaci\u00f3n desde el 2007 al 2011. Tambi\u00e9n fungi\u00f3 como Director Ejecutivo de la Red Acad\u00e9mica Nacional CEDIA entre el 2009 y 2013. Es especialista en Infraestructura de Datos Espaciales (IDE), ha sido director de proyectos relacionados a este campo desde el a\u00f1o 2008, con financiamiento Nacional e Internacional, entre los que se resalta El de la Agencia Espa\u00f1ola de Cooperaci\u00f3n Internacional para el Desarrollo (AECID) (2008- 2012). \u00a0<\/p><p>Fue Coordinador del Grupo de trabajo sudamericano LATIN IDE, que es auspiciado por la RedCLARA, CEDIA y la Universidad de Cuenca. Secretario general del Grupo de Trabajo en Infraestructura de Datos Espaciales 2014-2018 auspiciado por CEDIA http:\/\/gtide.cedia.org.ec\/ . Investigador del proyecto de Laboratorio Virtual de Ciudad y Territorio http:\/\/lavcite.ucuenca.edu.ec (2015-2018). Director del proyecto \u201cIntegraci\u00f3n de fuentes de datos espaciales para la toma de decisiones en \u00e1reas protegidas y zonas pobladas del Parque Nacional Gal\u00e1pagos\u201d auspiciado por la World Wide LifeFund (WWF) 2015-2017 http:\/\/geoportal.gobiernogalapagos.gob.ec\/web\/ . \u00a0\u00a0\u00a0<\/p><p><strong>E-mail:<\/strong>\u00a0<a href=\"mailto:villie.morocho@ucuenca.edu.ec\">villie.morocho@ucuenca<\/a>\u00a0|\u00a0<a href=\"mailto:cidi@ucuenca.edu.ec\">cidi@ucuenca.edu.ec<\/a>\u00a0<em>\u00a0<\/em><\/p><\/div>\n\t\t\t\t<\/div>\n\t\t\t\t\t\t\t<div class=\"elementor-accordion-item\">\n\t\t\t\t\t<div id=\"elementor-tab-title-9992\" class=\"elementor-tab-title\" data-tab=\"2\" role=\"button\" aria-controls=\"elementor-tab-content-9992\" aria-expanded=\"false\">\n\t\t\t\t\t\t\t\t\t\t\t\t\t<span class=\"elementor-accordion-icon elementor-accordion-icon-left\" aria-hidden=\"true\">\n\t\t\t\t\t\t\t\t\t\t\t\t\t\t\t<span class=\"elementor-accordion-icon-closed\"><i class=\"fas fa-plus\"><\/i><\/span>\n\t\t\t\t\t\t\t\t<span class=\"elementor-accordion-icon-opened\"><i class=\"fas fa-minus\"><\/i><\/span>\n\t\t\t\t\t\t\t\t\t\t\t\t\t\t<\/span>\n\t\t\t\t\t\t\t\t\t\t\t\t<a class=\"elementor-accordion-title\" tabindex=\"0\">Ing. Fabian Santander, Mcs.<\/a>\n\t\t\t\t\t<\/div>\n\t\t\t\t\t<div id=\"elementor-tab-content-9992\" class=\"elementor-tab-content elementor-clearfix\" data-tab=\"2\" role=\"region\" aria-labelledby=\"elementor-tab-title-9992\"><p>M\u00e1ster en Direcci\u00f3n de Sistemas por la\u00a0Universitat de Barcelona en 2018. Graduado de\u00a0Ingeniero de Sistemas por la Universidad Cat\u00f3lica de Cuenca en 2014.<\/p><p>Cuenta con experiencia investigativa desde el a\u00f1o 2013 cuando se desempe\u00f1\u00f3 como\u00a0Investigador del Departamento de Ciencias de la Computaci\u00f3n de la Universidad de Cuenca hasta el 2019.<\/p><p>A partir de ello ha participado en varios proyectos de Investigaci\u00f3n dentro de la Universidad de Cuenca y en conjunto con entidades como CEDIA, PNUD &#8211; SNGR, WWF. Adem\u00e1s, en estos \u00faltimos a\u00f1os se ha destacado como\u00a0Analista de sistemas en la Direcci\u00f3n de Tecnolog\u00edas de la Informaci\u00f3n y Comunicaci\u00f3n de la Universidad de Cuenca desde el a\u00f1o 2019.Tambi\u00e9n se desempe\u00f1a en el uso de Sistemas Operativos (Windows y Linux), Base de Datos (MySql, Oracle, SqlServer, Postgresql), Lenguajes de Programaci\u00f3n (C#, .Net, Genexus, Javascript, Java, PHP), Sistemas de Informaci\u00f3n Geogr\u00e1fica y en la gesti\u00f3n de contenidos.<\/p><p><strong>E-Mail:\u00a0<\/strong><a href=\"mailto:fabian.santander@ucuenca.edu.ec\">fabian.santander@ucuenca.edu.ec<\/a><\/p><\/div>\n\t\t\t\t<\/div>\n\t\t\t\t\t\t\t<div class=\"elementor-accordion-item\">\n\t\t\t\t\t<div id=\"elementor-tab-title-9993\" class=\"elementor-tab-title\" data-tab=\"3\" role=\"button\" aria-controls=\"elementor-tab-content-9993\" aria-expanded=\"false\">\n\t\t\t\t\t\t\t\t\t\t\t\t\t<span class=\"elementor-accordion-icon elementor-accordion-icon-left\" aria-hidden=\"true\">\n\t\t\t\t\t\t\t\t\t\t\t\t\t\t\t<span class=\"elementor-accordion-icon-closed\"><i class=\"fas fa-plus\"><\/i><\/span>\n\t\t\t\t\t\t\t\t<span class=\"elementor-accordion-icon-opened\"><i class=\"fas fa-minus\"><\/i><\/span>\n\t\t\t\t\t\t\t\t\t\t\t\t\t\t<\/span>\n\t\t\t\t\t\t\t\t\t\t\t\t<a class=\"elementor-accordion-title\" tabindex=\"0\">Ing. Rosario Achig B., Msc.<\/a>\n\t\t\t\t\t<\/div>\n\t\t\t\t\t<div id=\"elementor-tab-content-9993\" class=\"elementor-tab-content elementor-clearfix\" data-tab=\"3\" role=\"region\" aria-labelledby=\"elementor-tab-title-9993\"><p>Ingeniera de Sistemas por la Universidad de Cuenca y M\u00e1ster en Telem\u00e1tica por la Universidad de Barcelona.<\/p><p>Desde 2015 es investigadora del Departamento de Inform\u00e1tica de la Universidad de Cuenca. Forma parte del grupo de investigaci\u00f3n SDI y colabora principalmente con el proyecto IDEAIS-CYTED (Virtual Assistants for SDI, 2019-2023). Ha trabajado en proyectos de ingenier\u00eda aplicada en TV Digital, Infraestructura de Datos Espaciales, entre otros. Fue ingeniera QoS para el servicio de Internet en CEDIA (Red Nacional de Educaci\u00f3n e Investigaci\u00f3n de Ecuador) de 2009 a 2015. Fue investigadora del Centro RDi de la Facultad de Ingenier\u00eda de la Universidad de Cuenca de 2009 a 2013.<\/p><p><strong>E-mail:\u00a0<\/strong><a href=\"mailto:rosario.achig@ucuenca.edu.ec\">rosario.achig@ucuenca.edu.ec<\/a><\/p><\/div>\n\t\t\t\t<\/div>\n\t\t\t\t\t\t\t<div class=\"elementor-accordion-item\">\n\t\t\t\t\t<div id=\"elementor-tab-title-9994\" class=\"elementor-tab-title\" data-tab=\"4\" role=\"button\" aria-controls=\"elementor-tab-content-9994\" aria-expanded=\"false\">\n\t\t\t\t\t\t\t\t\t\t\t\t\t<span class=\"elementor-accordion-icon elementor-accordion-icon-left\" aria-hidden=\"true\">\n\t\t\t\t\t\t\t\t\t\t\t\t\t\t\t<span class=\"elementor-accordion-icon-closed\"><i class=\"fas fa-plus\"><\/i><\/span>\n\t\t\t\t\t\t\t\t<span class=\"elementor-accordion-icon-opened\"><i class=\"fas fa-minus\"><\/i><\/span>\n\t\t\t\t\t\t\t\t\t\t\t\t\t\t<\/span>\n\t\t\t\t\t\t\t\t\t\t\t\t<a class=\"elementor-accordion-title\" tabindex=\"0\">Ing. Jaime Veintimilla, PhD.<\/a>\n\t\t\t\t\t<\/div>\n\t\t\t\t\t<div id=\"elementor-tab-content-9994\" class=\"elementor-tab-content elementor-clearfix\" data-tab=\"4\" role=\"region\" aria-labelledby=\"elementor-tab-title-9994\"><p>M\u00e1ster en gerencia de sistemas de informaci\u00f3n, manejo de sistemas de informaci\u00f3n geogr\u00e1fico. Doctorado en bio-ingenier\u00eda, optmizaci\u00f3n, visi\u00f3n por computador, aprendizaje profundo, manejo de grandes volumenes de informaci\u00f3n y miner\u00eda de datos.<\/p><\/div>\n\t\t\t\t<\/div>\n\t\t\t\t\t\t\t<div class=\"elementor-accordion-item\">\n\t\t\t\t\t<div id=\"elementor-tab-title-9995\" class=\"elementor-tab-title\" data-tab=\"5\" role=\"button\" aria-controls=\"elementor-tab-content-9995\" aria-expanded=\"false\">\n\t\t\t\t\t\t\t\t\t\t\t\t\t<span class=\"elementor-accordion-icon elementor-accordion-icon-left\" aria-hidden=\"true\">\n\t\t\t\t\t\t\t\t\t\t\t\t\t\t\t<span class=\"elementor-accordion-icon-closed\"><i class=\"fas fa-plus\"><\/i><\/span>\n\t\t\t\t\t\t\t\t<span class=\"elementor-accordion-icon-opened\"><i class=\"fas fa-minus\"><\/i><\/span>\n\t\t\t\t\t\t\t\t\t\t\t\t\t\t<\/span>\n\t\t\t\t\t\t\t\t\t\t\t\t<a class=\"elementor-accordion-title\" tabindex=\"0\">Arq. Lorena Vivanco, PhD.<\/a>\n\t\t\t\t\t<\/div>\n\t\t\t\t\t<div id=\"elementor-tab-content-9995\" class=\"elementor-tab-content elementor-clearfix\" data-tab=\"5\" role=\"region\" aria-labelledby=\"elementor-tab-title-9995\"><p>(Loja, 1977. Ecuador) es arquitecta con menci\u00f3n en Planificaci\u00f3n y Dise\u00f1o Urbano (2005), tiene un master en Ordenaci\u00f3n Territorial (2013) y una especialidad en Gesti\u00f3n de Desarrollo Local y Participaci\u00f3n Ciudadana por la Universidad de Cuenca. Actualmente cursa el Doctorado en Ciencias Pol\u00edticas, Administraci\u00f3n y Relaciones Internacionales, en la Universidad Complutense de Madrid, Madrid \u2013 Espa\u00f1a.\u00a0<\/p><p>Desde el 2005 hasta el 2013, en la funci\u00f3n p\u00fablica se ha desempe\u00f1ado en cargos de gesti\u00f3n administrativa t\u00e9cnica y t\u00e9cnica en el Gobierno Aut\u00f3nomo Descentralizado de S\u00facua, Gobierno Aut\u00f3nomo Descentralizado de Paute, Gobierno Aut\u00f3nomo Descentralizado del Cant\u00f3n; Secretaria Nacional de Planificaci\u00f3n y Desarrollo, (SENPLADES, Z6 Austro). En el \u00e1mbito privado fue Quantity Surveyor&amp; Cost Control Engineer para Zachry International, Inc.\u00a0&amp; Espinosa Pachano Joint Venture in the United States New Embassy Compound Project in Quito- Ecuador.\u00a0<\/p><p>Es docente-Investigadora desde 2014, en la Universidad de Cuenca, en la Facultad de Arquitectura y Urbanismo. Es Directora de la Maestr\u00eda en Ordenaci\u00f3n Territorial del Centro de Posgrados de Arquitectura. Est\u00e1 vinculada con proyectos de investigaci\u00f3n sobre \u201cestudios de la ciudad\u201d \u201cestudios territoriales\u201d, \u201cdesigualdad socio-espacial\u201d, \u201cparticipaci\u00f3n ciudadana\u201d y \u201cpol\u00edticas p\u00fablicas\u201d. Directora e Investigadora Principal del Proyecto de Investigaci\u00f3n \u201cLaboratorio Virtual de Ciudad y Territorio\u201d. Participo en la construcci\u00f3n de la \u201cAgenda de Desarrollo Z6-Austro 2013- 2017\u201d, \u201cEstrategia para la erradicaci\u00f3n de la pobreza\u201d. Asesoro el proceso participativo de la zona 6 \u2013 Austro para la construcci\u00f3n colectiva del Plan Nacional del Buen Vivir 2013- 2017. Tiene algunos art\u00edculos y publicaciones en sus l\u00edneas de investigaci\u00f3n, ha participado en congresos y seminarios en calidad de expositora.<\/p><p><strong>Email:\u00a0<\/strong><a href=\"mailto:lorena.vivanco@ucuenca.edu.ec\">lorena.vivanco@ucuenca.edu.ec<\/a><\/p><\/div>\n\t\t\t\t<\/div>\n\t\t\t\t\t\t\t<div class=\"elementor-accordion-item\">\n\t\t\t\t\t<div id=\"elementor-tab-title-9996\" class=\"elementor-tab-title\" data-tab=\"6\" role=\"button\" aria-controls=\"elementor-tab-content-9996\" aria-expanded=\"false\">\n\t\t\t\t\t\t\t\t\t\t\t\t\t<span class=\"elementor-accordion-icon elementor-accordion-icon-left\" aria-hidden=\"true\">\n\t\t\t\t\t\t\t\t\t\t\t\t\t\t\t<span class=\"elementor-accordion-icon-closed\"><i class=\"fas fa-plus\"><\/i><\/span>\n\t\t\t\t\t\t\t\t<span class=\"elementor-accordion-icon-opened\"><i class=\"fas fa-minus\"><\/i><\/span>\n\t\t\t\t\t\t\t\t\t\t\t\t\t\t<\/span>\n\t\t\t\t\t\t\t\t\t\t\t\t<a class=\"elementor-accordion-title\" tabindex=\"0\">Arq. Natalia Pacurucu, PhD.<\/a>\n\t\t\t\t\t<\/div>\n\t\t\t\t\t<div id=\"elementor-tab-content-9996\" class=\"elementor-tab-content elementor-clearfix\" data-tab=\"6\" role=\"region\" aria-labelledby=\"elementor-tab-title-9996\"><p>(Cuenca, 1988. ECUADOR) es Arquitecta. Master en\u00a0 Gesti\u00f3n Sostenible de la Tierra y el Territorio, Universidad de Santiago de Compostela, Lugo, Espa\u00f1a. Premio Extraordinario del MASTERTERRA. Profesora Ocasional de la Universidad de Cuenca, Carrera de Arquitectura y Urbanismo desde 2014. Investigadora de los proyectos de investigaci\u00f3n vinculados a la Facultad de Arquitectura y Direcci\u00f3n de Investigaci\u00f3n de la Universidad de Cuenca: \u201cEvaluaci\u00f3n de la Aplicabilidad de la Herramienta OpenRULES en el Ecuador\u201d; \u201cLaboratorio Virtual de Ciudad y Territorio\u201d; \u201cEvaluaci\u00f3n de Planes de Ordenamiento Urbano: determinaciones de Uso y Ocupaci\u00f3n del Suelo. \u00c1reas urbanas de la Zona 6\u201d. Doctoranda en la Universidad Nacional del Cuyo, Mendoza, Argentina, Doctorado en Ordenamiento Territorial y Desarrollo Sostenible. Ha publicado art\u00edculos sobre Open RULES, Sistema de Ayuda a la Decisi\u00f3n Espacial (SADE).<\/p><p><strong>Email:\u00a0<\/strong><a href=\"mailto:natalia.pacurucu@ucuenca.edu.ec\">natalia.pacurucu@ucuenca.edu.ec<\/a><\/p><\/div>\n\t\t\t\t<\/div>\n\t\t\t\t\t\t\t<div class=\"elementor-accordion-item\">\n\t\t\t\t\t<div id=\"elementor-tab-title-9997\" class=\"elementor-tab-title\" data-tab=\"7\" role=\"button\" aria-controls=\"elementor-tab-content-9997\" aria-expanded=\"false\">\n\t\t\t\t\t\t\t\t\t\t\t\t\t<span class=\"elementor-accordion-icon elementor-accordion-icon-left\" aria-hidden=\"true\">\n\t\t\t\t\t\t\t\t\t\t\t\t\t\t\t<span class=\"elementor-accordion-icon-closed\"><i class=\"fas fa-plus\"><\/i><\/span>\n\t\t\t\t\t\t\t\t<span class=\"elementor-accordion-icon-opened\"><i class=\"fas fa-minus\"><\/i><\/span>\n\t\t\t\t\t\t\t\t\t\t\t\t\t\t<\/span>\n\t\t\t\t\t\t\t\t\t\t\t\t<a class=\"elementor-accordion-title\" tabindex=\"0\">Arq. Monica Gonz\u00e1lez, Mcs.<\/a>\n\t\t\t\t\t<\/div>\n\t\t\t\t\t<div id=\"elementor-tab-content-9997\" class=\"elementor-tab-content elementor-clearfix\" data-tab=\"7\" role=\"region\" aria-labelledby=\"elementor-tab-title-9997\"><p>Arquitecta graduada en la Universidad de Cuenca, Magister en Ordenamiento Territorial, candidata doctoral en Ordenamiento Territorial y Desarrollo Sostenible en la Universidad Nacional del Cuyo &#8211; Argentina. Docente de la Facultad de Arquitectura y Urbanismo de la Universidad de Cuenca. Coordinadora de Vinculaci\u00f3n con la Sociedad en el per\u00edodo 2015-2017, donde se trabajaron proyectos en sectores vulnerables, especialmente en la dotaci\u00f3n de equipamiento comunitario y planificaci\u00f3n urbana. Participaci\u00f3n en proyectos de investigaci\u00f3n en la l\u00ednea de ciudad y territorio, donde se evaluaron los Planes de Desarrollo y Ordenamiento Territorial en Ecuador; as\u00ed como, la identificaci\u00f3n de irregularidades mediante el uso de im\u00e1genes Raster; a la fecha, investigadora en el proyecto \u201cla aplicaci\u00f3n de la teor\u00eda de la renta de la tierra en la valuaci\u00f3n del suelo urbano con fines catastrales para la gesti\u00f3n de las municipalidades en el Ecuador\u201d. Ponente en diversos Congresos relativos a la planificaci\u00f3n y ordenaci\u00f3n territorial.<\/p><\/div>\n\t\t\t\t<\/div>\n\t\t\t\t\t\t\t<div class=\"elementor-accordion-item\">\n\t\t\t\t\t<div id=\"elementor-tab-title-9998\" class=\"elementor-tab-title\" data-tab=\"8\" role=\"button\" aria-controls=\"elementor-tab-content-9998\" aria-expanded=\"false\">\n\t\t\t\t\t\t\t\t\t\t\t\t\t<span class=\"elementor-accordion-icon elementor-accordion-icon-left\" aria-hidden=\"true\">\n\t\t\t\t\t\t\t\t\t\t\t\t\t\t\t<span class=\"elementor-accordion-icon-closed\"><i class=\"fas fa-plus\"><\/i><\/span>\n\t\t\t\t\t\t\t\t<span class=\"elementor-accordion-icon-opened\"><i class=\"fas fa-minus\"><\/i><\/span>\n\t\t\t\t\t\t\t\t\t\t\t\t\t\t<\/span>\n\t\t\t\t\t\t\t\t\t\t\t\t<a class=\"elementor-accordion-title\" tabindex=\"0\">Ing. Ver\u00f3nica Viloria<\/a>\n\t\t\t\t\t<\/div>\n\t\t\t\t\t<div id=\"elementor-tab-content-9998\" class=\"elementor-tab-content elementor-clearfix\" data-tab=\"8\" role=\"region\" aria-labelledby=\"elementor-tab-title-9998\"><p>Ingeniera en Electr\u00f3nica y Telecomunicaciones que ha participado en proyectos de investigaci\u00f3n relacionados con Telemedicina en la optimizaci\u00f3n de calidad de servicio de redes SDN. A participado de proyectos relacionados a Infraestructura de Datos Espaciales relacionados a Planificaci\u00f3n Territorial y Participaci\u00f3n P\u00fablica, con enfasis en la creaci\u00f3n de MOOCs para capacitaci\u00f3n. Actualmente se especializa en aplicaciones de Inteligencia Artificial para la creaci\u00f3n de asistentes virtuales. Por lo tanto su perfil actual le permite aportar en el \u00e1rea Geo y Telemedicina.<\/p><\/div>\n\t\t\t\t<\/div>\n\t\t\t\t\t\t\t\t<\/div>\n\t\t\t\t\t\t<\/div>\n\t\t\t\t<\/div>\n\t\t\t\t\t<\/div>\n\t\t<\/div>\n\t\t\t\t\t<\/div>\n\t\t<\/section>\n\t\t\t\t<\/div>\n\t\t","protected":false},"excerpt":{"rendered":"<p>El Grupo de Investigaci\u00f3n de Infraestructura de Datos Espaciales de la Universidad de Cuenca reconocido en el a\u00f1o 2022 por el Vicerrectorado de Investigaci\u00f3n de la Universidad de Cuenca con 15 a\u00f1os<a class=\"moretag\" href=\"https:\/\/ide.ucuenca.edu.ec\/?page_id=138\">Leer m\u00e1s&#8230;<\/a><\/p>\n","protected":false},"author":1,"featured_media":0,"parent":0,"menu_order":0,"comment_status":"closed","ping_status":"closed","template":"","meta":{"footnotes":""},"class_list":["post-138","page","type-page","status-publish","hentry"],"_links":{"self":[{"href":"https:\/\/ide.ucuenca.edu.ec\/index.php?rest_route=\/wp\/v2\/pages\/138","targetHints":{"allow":["GET"]}}],"collection":[{"href":"https:\/\/ide.ucuenca.edu.ec\/index.php?rest_route=\/wp\/v2\/pages"}],"about":[{"href":"https:\/\/ide.ucuenca.edu.ec\/index.php?rest_route=\/wp\/v2\/types\/page"}],"author":[{"embeddable":true,"href":"https:\/\/ide.ucuenca.edu.ec\/index.php?rest_route=\/wp\/v2\/users\/1"}],"replies":[{"embeddable":true,"href":"https:\/\/ide.ucuenca.edu.ec\/index.php?rest_route=%2Fwp%2Fv2%2Fcomments&post=138"}],"version-history":[{"count":40,"href":"https:\/\/ide.ucuenca.edu.ec\/index.php?rest_route=\/wp\/v2\/pages\/138\/revisions"}],"predecessor-version":[{"id":972,"href":"https:\/\/ide.ucuenca.edu.ec\/index.php?rest_route=\/wp\/v2\/pages\/138\/revisions\/972"}],"wp:attachment":[{"href":"https:\/\/ide.ucuenca.edu.ec\/index.php?rest_route=%2Fwp%2Fv2%2Fmedia&parent=138"}],"curies":[{"name":"wp","href":"https:\/\/api.w.org\/{rel}","templated":true}]}}