{"id":122,"date":"2016-07-10T05:03:47","date_gmt":"2016-07-10T05:03:47","guid":{"rendered":"http:\/\/localhost\/wordpress\/?page_id=122"},"modified":"2023-01-11T18:50:56","modified_gmt":"2023-01-11T23:50:56","slug":"que-puede-encontrar-en-esta-pagina","status":"publish","type":"page","link":"https:\/\/ide.ucuenca.edu.ec\/?page_id=122","title":{"rendered":"\u00bfQu\u00e9 puede encontrar en esta p\u00e1gina?"},"content":{"rendered":"\t\t<div data-elementor-type=\"wp-page\" data-elementor-id=\"122\" class=\"elementor elementor-122\">\n\t\t\t\t\t\t<section class=\"elementor-section elementor-top-section elementor-element elementor-element-5d91f686 elementor-section-boxed elementor-section-height-default elementor-section-height-default\" data-id=\"5d91f686\" data-element_type=\"section\">\n\t\t\t\t\t\t<div class=\"elementor-container elementor-column-gap-default\">\n\t\t\t\t\t<div class=\"elementor-column elementor-col-100 elementor-top-column elementor-element elementor-element-139acba1\" data-id=\"139acba1\" data-element_type=\"column\">\n\t\t\t<div class=\"elementor-widget-wrap elementor-element-populated\">\n\t\t\t\t\t\t<div class=\"elementor-element elementor-element-75615987 elementor-widget elementor-widget-text-editor\" data-id=\"75615987\" data-element_type=\"widget\" data-widget_type=\"text-editor.default\">\n\t\t\t\t<div class=\"elementor-widget-container\">\n\t\t\t\t\t\t\t\t\t<div><p><strong>Elementos de informaci\u00f3n relacionada con el Proyecto IDE<\/strong><\/p><ul><li>Presentaci\u00f3n del Proyecto IDE<\/li><li>Noticias. Seguimiento del proyecto, eventos nacionales e internacionales<\/li><li>Links a otras organizaciones (est\u00e1ndares y proyectos IDE)<\/li><li>Links a productores de datos b\u00e1sicos<\/li><\/ul><\/div><p><strong>Elementos para dar a conocer los metadatos<\/strong><\/p><div><ul><li>Qu\u00e9 son; utilidades para las organizaciones; utilidades para la comunidad<\/li><li>Descripci\u00f3n del Perfil Ecuatoriano de Metadatos.<\/li><li>Descripci\u00f3n del Cat\u00e1logo Nacional de Objetos Geogr\u00e1ficos.<\/li><\/ul><\/div><div><strong>Descripci\u00f3n de proyectos:<\/strong><\/div><ul><li>Descripci\u00f3n del proyecto: \u00ab<em>Los asistentes virtuales como aporte en los procesos de participaci\u00f3n ciudadana de los planes de desarrollo y ordenamiento territorial<\/em>\u00ab.<\/li><li>Descripci\u00f3n del proyecto: \u00ab<em>Avances en la investigaci\u00f3n y Desarrollo en IDEs, GT-IDE 3<\/em>\u00ab.<\/li><li>Descripci\u00f3n de IDEAIS-CYTED.<\/li><li>Descripci\u00f3n del Laboratorio Virtual de Ciudad y Territorio LAVCITE.<\/li><\/ul><div>\u00a0<\/div>\t\t\t\t\t\t\t\t<\/div>\n\t\t\t\t<\/div>\n\t\t\t\t\t<\/div>\n\t\t<\/div>\n\t\t\t\t\t<\/div>\n\t\t<\/section>\n\t\t\t\t<\/div>\n\t\t","protected":false},"excerpt":{"rendered":"<p>Elementos de informaci\u00f3n relacionada con el Proyecto IDE Presentaci\u00f3n del Proyecto IDE Noticias. Seguimiento del proyecto, eventos nacionales e internacionales Links a otras organizaciones (est\u00e1ndares y proyectos IDE) Links a productores de<a class=\"moretag\" href=\"https:\/\/ide.ucuenca.edu.ec\/?page_id=122\">Leer m\u00e1s&#8230;<\/a><\/p>\n","protected":false},"author":1,"featured_media":0,"parent":0,"menu_order":0,"comment_status":"closed","ping_status":"closed","template":"","meta":{"footnotes":""},"class_list":["post-122","page","type-page","status-publish","hentry"],"_links":{"self":[{"href":"https:\/\/ide.ucuenca.edu.ec\/index.php?rest_route=\/wp\/v2\/pages\/122","targetHints":{"allow":["GET"]}}],"collection":[{"href":"https:\/\/ide.ucuenca.edu.ec\/index.php?rest_route=\/wp\/v2\/pages"}],"about":[{"href":"https:\/\/ide.ucuenca.edu.ec\/index.php?rest_route=\/wp\/v2\/types\/page"}],"author":[{"embeddable":true,"href":"https:\/\/ide.ucuenca.edu.ec\/index.php?rest_route=\/wp\/v2\/users\/1"}],"replies":[{"embeddable":true,"href":"https:\/\/ide.ucuenca.edu.ec\/index.php?rest_route=%2Fwp%2Fv2%2Fcomments&post=122"}],"version-history":[{"count":11,"href":"https:\/\/ide.ucuenca.edu.ec\/index.php?rest_route=\/wp\/v2\/pages\/122\/revisions"}],"predecessor-version":[{"id":835,"href":"https:\/\/ide.ucuenca.edu.ec\/index.php?rest_route=\/wp\/v2\/pages\/122\/revisions\/835"}],"wp:attachment":[{"href":"https:\/\/ide.ucuenca.edu.ec\/index.php?rest_route=%2Fwp%2Fv2%2Fmedia&parent=122"}],"curies":[{"name":"wp","href":"https:\/\/api.w.org\/{rel}","templated":true}]}}