{"id":118,"date":"2016-07-10T05:01:26","date_gmt":"2016-07-10T05:01:26","guid":{"rendered":"http:\/\/localhost\/wordpress\/?page_id=118"},"modified":"2016-08-30T16:52:26","modified_gmt":"2016-08-30T21:52:26","slug":"que-es-una-ide","status":"publish","type":"page","link":"https:\/\/ide.ucuenca.edu.ec\/?page_id=118","title":{"rendered":"\u00bfQu\u00e9 es una IDE?"},"content":{"rendered":"<div>\u00abUn conjunto de tecnolog\u00edas, pol\u00edticas, est\u00e1ndares y recursos humanos necesarios para adquirir, procesar, almacenar, distribuir y mejorar la utilizaci\u00f3n de la informaci\u00f3n geogr\u00e1fica\u00bb.<\/div>\n<div><\/div>\n<div>El conjunto de actuaciones para materializar esta definici\u00f3n es:<\/div>\n<ul>\n<li>Implantaci\u00f3n de mecanismos para el descubrimiento, acceso y distribuci\u00f3n de datos, mediante la red, entre proveedores, gestores y usuarios (<em>clearinghouse<\/em>)<\/li>\n<li>Establecimiento de est\u00e1ndares<\/li>\n<li>Identificaci\u00f3n y desarrollo de los datos b\u00e1sicos m\u00e1s demandados<\/li>\n<li>Difusi\u00f3n p\u00fablica de la informaci\u00f3n producida por la Administraci\u00f3n<\/li>\n<li>Acuerdos entre los organismos para la producci\u00f3n de informaci\u00f3n de inter\u00e9s mutuo.<\/li>\n<\/ul>\n","protected":false},"excerpt":{"rendered":"<p>\u00abUn conjunto de tecnolog\u00edas, pol\u00edticas, est\u00e1ndares y recursos humanos necesarios para adquirir, procesar, almacenar, distribuir y mejorar la utilizaci\u00f3n de la informaci\u00f3n geogr\u00e1fica\u00bb. El conjunto de actuaciones para materializar esta definici\u00f3n es:<a class=\"moretag\" href=\"https:\/\/ide.ucuenca.edu.ec\/?page_id=118\">Leer m\u00e1s&#8230;<\/a><\/p>\n","protected":false},"author":1,"featured_media":0,"parent":0,"menu_order":0,"comment_status":"closed","ping_status":"closed","template":"","meta":{"footnotes":""},"class_list":["post-118","page","type-page","status-publish","hentry"],"_links":{"self":[{"href":"https:\/\/ide.ucuenca.edu.ec\/index.php?rest_route=\/wp\/v2\/pages\/118","targetHints":{"allow":["GET"]}}],"collection":[{"href":"https:\/\/ide.ucuenca.edu.ec\/index.php?rest_route=\/wp\/v2\/pages"}],"about":[{"href":"https:\/\/ide.ucuenca.edu.ec\/index.php?rest_route=\/wp\/v2\/types\/page"}],"author":[{"embeddable":true,"href":"https:\/\/ide.ucuenca.edu.ec\/index.php?rest_route=\/wp\/v2\/users\/1"}],"replies":[{"embeddable":true,"href":"https:\/\/ide.ucuenca.edu.ec\/index.php?rest_route=%2Fwp%2Fv2%2Fcomments&post=118"}],"version-history":[{"count":1,"href":"https:\/\/ide.ucuenca.edu.ec\/index.php?rest_route=\/wp\/v2\/pages\/118\/revisions"}],"predecessor-version":[{"id":119,"href":"https:\/\/ide.ucuenca.edu.ec\/index.php?rest_route=\/wp\/v2\/pages\/118\/revisions\/119"}],"wp:attachment":[{"href":"https:\/\/ide.ucuenca.edu.ec\/index.php?rest_route=%2Fwp%2Fv2%2Fmedia&parent=118"}],"curies":[{"name":"wp","href":"https:\/\/api.w.org\/{rel}","templated":true}]}}