{"id":97,"date":"2024-11-12T18:57:15","date_gmt":"2024-11-12T22:57:15","guid":{"rendered":"https:\/\/ide.ucuenca.edu.ec\/geo-telesalud\/home\/"},"modified":"2024-12-05T16:20:38","modified_gmt":"2024-12-05T20:20:38","slug":"inicio","status":"publish","type":"page","link":"https:\/\/ide.ucuenca.edu.ec\/geo-telesalud\/","title":{"rendered":"Inicio"},"content":{"rendered":"\n\n\t\t\t<h4>\n\t\t\t\t\tGrupo de Infraestructura de Datos Espaciales\n\t\t\t\t<\/h4>\n\t\t\t<h3>\n\t\t\t\t\tPropuesta metodol\u00f3gica para la planificaci\u00f3n de la infraestructura de salud con enfoque en telesalud usando datos geoespaciales en un entorno de ciudades inteligentes\n\t\t\t\t<\/h3>\n\t\t\t\t<img decoding=\"async\" src=\"https:\/\/ide.ucuenca.edu.ec\/geo-telesalud\/wp-content\/uploads\/2024\/11\/panel_telemedicina.jpg\" alt=\"panel_telemedicina\" itemprop=\"image\"\/>\n\t\t<h2>\n\t\tActividades del Proyecto\n\t<\/h2>\n    <div aria-live=\"off\" id=\"soliloquy-container-1841\" class=\"soliloquy-container soliloquy-transition-fade  soliloquy-theme-classic\" style=\"max-width:960px;max-height:300px;\"><ul id=\"soliloquy-1841\" class=\"soliloquy-slider soliloquy-slides soliloquy-wrap soliloquy-clear\"><li aria-hidden=\"true\" class=\"soliloquy-item soliloquy-item-1 soliloquy-image-slide\" draggable=\"false\" style=\"list-style:none\"><img decoding=\"async\" id=\"soliloquy-image-1842\" class=\"soliloquy-image soliloquy-image-1\" src=\"https:\/\/ide.ucuenca.edu.ec\/geo-telesalud\/wp-content\/uploads\/2024\/11\/WhatsApp-Image-2024-07-17-at-12.49.19-PM-1.jpeg\" alt=\"WhatsApp Image 2024-07-17 at 12.49.19 PM\" \/><\/li><li aria-hidden=\"true\" class=\"soliloquy-item soliloquy-item-2 soliloquy-image-slide\" draggable=\"false\" style=\"list-style:none\"><img decoding=\"async\" id=\"soliloquy-image-1843\" class=\"soliloquy-image soliloquy-image-2\" src=\"https:\/\/ide.ucuenca.edu.ec\/geo-telesalud\/wp-content\/uploads\/2024\/11\/WhatsApp-Image-2024-07-17-at-12.49.00-PM-1.jpeg\" alt=\"WhatsApp Image 2024-07-17 at 12.49.00 PM\" \/><\/li><li aria-hidden=\"true\" class=\"soliloquy-item soliloquy-item-3 soliloquy-image-slide\" draggable=\"false\" style=\"list-style:none\"><img decoding=\"async\" id=\"soliloquy-image-1844\" class=\"soliloquy-image soliloquy-image-3\" src=\"https:\/\/ide.ucuenca.edu.ec\/geo-telesalud\/wp-content\/uploads\/2024\/11\/WhatsApp-Image-2024-06-12-at-9.23.02-AM-1.jpeg\" alt=\"WhatsApp Image 2024-06-12 at 9.23.02 AM\" \/><\/li><li aria-hidden=\"true\" class=\"soliloquy-item soliloquy-item-4 soliloquy-image-slide\" draggable=\"false\" style=\"list-style:none\"><img decoding=\"async\" id=\"soliloquy-image-1845\" class=\"soliloquy-image soliloquy-image-4\" src=\"https:\/\/ide.ucuenca.edu.ec\/geo-telesalud\/wp-content\/uploads\/2024\/11\/WhatsApp-Image-2024-05-23-at-9.48.38-AM-1.jpeg\" alt=\"WhatsApp Image 2024-05-23 at 9.48.38 AM\" \/><\/li><li aria-hidden=\"true\" class=\"soliloquy-item soliloquy-item-5 soliloquy-image-slide\" draggable=\"false\" style=\"list-style:none\"><img decoding=\"async\" id=\"soliloquy-image-1846\" class=\"soliloquy-image soliloquy-image-5\" src=\"https:\/\/ide.ucuenca.edu.ec\/geo-telesalud\/wp-content\/uploads\/2024\/11\/WhatsApp-Image-2024-05-01-at-11.26.27-AM.jpeg\" alt=\"WhatsApp Image 2024-05-01 at 11.26.27 AM\" \/><\/li><li aria-hidden=\"true\" class=\"soliloquy-item soliloquy-item-6 soliloquy-image-slide\" draggable=\"false\" style=\"list-style:none\"><img decoding=\"async\" id=\"soliloquy-image-1902\" class=\"soliloquy-image soliloquy-image-6\" src=\"https:\/\/ide.ucuenca.edu.ec\/geo-telesalud\/wp-content\/uploads\/2024\/12\/PHOTO-2024-11-27-11-05-171.jpg\" alt=\"PHOTO-2024-11-27-11-05-17(1)\" \/><\/li><li aria-hidden=\"true\" class=\"soliloquy-item soliloquy-item-7 soliloquy-image-slide\" draggable=\"false\" style=\"list-style:none\"><img decoding=\"async\" id=\"soliloquy-image-1903\" class=\"soliloquy-image soliloquy-image-7\" src=\"https:\/\/ide.ucuenca.edu.ec\/geo-telesalud\/wp-content\/uploads\/2024\/12\/IMG_2671.jpg\" alt=\"IMG_2671\" \/><\/li><li aria-hidden=\"true\" class=\"soliloquy-item soliloquy-item-8 soliloquy-image-slide\" draggable=\"false\" style=\"list-style:none\"><img decoding=\"async\" id=\"soliloquy-image-1904\" class=\"soliloquy-image soliloquy-image-8\" src=\"https:\/\/ide.ucuenca.edu.ec\/geo-telesalud\/wp-content\/uploads\/2024\/12\/IMG_1443.jpg\" alt=\"IMG_1443\" \/><\/li><\/ul><\/div><noscript><style type=\"text\/css\">#soliloquy-container-1841{opacity:1}<\/style><\/noscript>\n\t\t\t\t<img decoding=\"async\" src=\"https:\/\/ide.ucuenca.edu.ec\/geo-telesalud\/wp-content\/uploads\/2024\/11\/ciudad_inteligente.jpg\" alt=\"ciudad_inteligente\" itemprop=\"image\"\/>\n\t\t\t<h3>\n\t\t\t\t\tCiudades Inteligentes\n\t\t\t\t<\/h3>\n\t\t\t<p>Las ciudades inteligentes son aquellas que utilizan tecnolog\u00eda avanzada, datos y redes de comunicaci\u00f3n para mejorar la calidad de vida de sus habitantes y optimizar la gesti\u00f3n de los recursos y servicios. En una ciudad inteligente, se integran sistemas de informaci\u00f3n en tiempo real para \u00e1reas como transporte, salud, educaci\u00f3n, energ\u00eda y medio ambiente, lo que permite tomar decisiones m\u00e1s informadas y eficientes. El uso de sensores, redes de datos y an\u00e1lisis de informaci\u00f3n ayuda a resolver problemas urbanos, reducir la huella ecol\u00f3gica y facilitar el acceso a servicios esenciales.<\/p>\n\t\t\t<a href=\"https:\/\/blogs.iadb.org\/ciudades-sostenibles\/es\/esta-mi-ciudad-esta-preparada-para-convertirse-en-una-ciudad-inteligente\/\" target=\"_blank\" role=\"button\" rel=\"noopener\">\n\t\t\t\t\t\tM\u00e1s Informaci\u00f3n\n\t\t<\/a>\n\t\t\t\t<img decoding=\"async\" src=\"https:\/\/ide.ucuenca.edu.ec\/geo-telesalud\/wp-content\/uploads\/2024\/11\/datos_geoespaciale.jpg\" alt=\"datos_geoespaciale\" itemprop=\"image\"\/>\n\t\t\t<h3>\n\t\t\t\t\tDatos Geoespaciales\n\t\t\t\t<\/h3>\n\t\t\t<p>Los datos geoespaciales son informaci\u00f3n que tiene una referencia geogr\u00e1fica o de ubicaci\u00f3n espec\u00edfica, como coordenadas GPS, direcciones o \u00e1reas en un mapa. Estos datos permiten analizar y visualizar la distribuci\u00f3n de recursos, patrones de movilidad, y necesidades de la poblaci\u00f3n en un contexto geogr\u00e1fico. Los <strong>Sistemas de Informaci\u00f3n Geogr\u00e1fica (SIG)<\/strong> son herramientas que recopilan, analizan y presentan estos datos en mapas interactivos, permitiendo que los planificadores tomen decisiones informadas basadas en la localizaci\u00f3n.<\/p>\n\t\t\t\t<img decoding=\"async\" src=\"https:\/\/ide.ucuenca.edu.ec\/geo-telesalud\/wp-content\/uploads\/2024\/11\/planificacion_territorial.jpg\" alt=\"planificacion_territorial\" itemprop=\"image\"\/>\n\t\t\t<h3>\n\t\t\t\t\tPlanificaci\u00f3n Territorial\n\t\t\t\t<\/h3>\n\t\t\t<p>La planificaci\u00f3n territorial es el proceso mediante el cual se organiza el uso del suelo y los recursos en una regi\u00f3n para mejorar la calidad de vida, proteger el medio ambiente y promover el desarrollo econ\u00f3mico. Este proceso ayuda a definir d\u00f3nde se construyen viviendas, hospitales, carreteras, parques, y dem\u00e1s infraestructuras, considerando c\u00f3mo afectan a la comunidad, al entorno y al crecimiento futuro. La planificaci\u00f3n territorial busca que los diferentes usos del suelo est\u00e9n en equilibrio, evitando problemas como la congesti\u00f3n, la contaminaci\u00f3n o la falta de servicios en \u00e1reas densamente pobladas.<\/p>\n\t\t\t<a href=\"https:\/\/ide.ucuenca.edu.ec\/av-ppgis\/recursos\/\" target=\"_blank\" role=\"button\" rel=\"noopener\">\n\t\t\t\t\t\tM\u00e1s Informaci\u00f3n\n\t\t<\/a>\n\t\t\t\t<img decoding=\"async\" src=\"https:\/\/ide.ucuenca.edu.ec\/geo-telesalud\/wp-content\/uploads\/2024\/11\/metodologia_localizacion-asignacion.jpg\" alt=\"metodologia_localizacion-asignacion\" itemprop=\"image\"\/>\n\t\t\t<h3>\n\t\t\t\t\tMetodolog\u00eda de Localizaci\u00f3n-Asignaci\u00f3n\n\t\t\t\t<\/h3>\n\t\t\t<p>La metodolog\u00eda de localizaci\u00f3n-asignaci\u00f3n es una t\u00e9cnica que ayuda a decidir las ubicaciones \u00f3ptimas para instalaciones como hospitales, escuelas o centros de servicios, y asigna estos recursos a las personas que los necesitan, con el fin de maximizar la accesibilidad y eficiencia de los servicios. Esta metodolog\u00eda utiliza datos de la poblaci\u00f3n, tr\u00e1fico, y otros factores para identificar los lugares donde se necesitan m\u00e1s ciertos servicios y planear su ubicaci\u00f3n de forma estrat\u00e9gica. As\u00ed, se evita que algunas \u00e1reas tengan demasiados recursos mientras que otras se quedan sin servicios b\u00e1sicos, promoviendo un acceso equitativo para todos los ciudadanos.<\/p>\n\t\t\t\t<img decoding=\"async\" src=\"https:\/\/ide.ucuenca.edu.ec\/geo-telesalud\/wp-content\/uploads\/2024\/11\/telemedicina.jpg\" alt=\"telemedicina\" itemprop=\"image\"\/>\n\t\t\t<h3>\n\t\t\t\t\tTelemedicina\n\t\t\t\t<\/h3>\n\t\t\t<p>La telemedicina es el uso de tecnolog\u00eda y comunicaciones para brindar servicios m\u00e9dicos a distancia. Permite que los pacientes reciban atenci\u00f3n m\u00e9dica, orientaci\u00f3n, monitoreo y diagn\u00f3stico sin tener que desplazarse f\u00edsicamente a un centro de salud, algo especialmente \u00fatil para personas en zonas remotas, con problemas de movilidad o en situaciones de emergencia. La telemedicina puede incluir videollamadas, consultas en l\u00ednea, monitoreo remoto a trav\u00e9s de dispositivos m\u00e9dicos conectados, y env\u00edo de recetas digitales. Con esta tecnolog\u00eda, los m\u00e9dicos pueden dar seguimiento a sus pacientes, compartir resultados de ex\u00e1menes, y ofrecer recomendaciones de tratamiento en tiempo real.<\/p>\n\n","protected":false},"excerpt":{"rendered":"<p>Grupo de Infraestructura de Datos Espaciales Propuesta metodol\u00f3gica para la planificaci\u00f3n de la infraestructura de salud con enfoque en telesalud usando datos geoespaciales en un entorno de ciudades inteligentes Actividades del Proyecto Ciudades Inteligentes Las ciudades inteligentes son aquellas que utilizan tecnolog\u00eda avanzada, datos y redes de comunicaci\u00f3n para mejorar la calidad de vida de [&hellip;]<\/p>\n","protected":false},"author":1,"featured_media":0,"parent":0,"menu_order":0,"comment_status":"closed","ping_status":"closed","template":"","meta":{"_uag_custom_page_level_css":"","site-sidebar-layout":"no-sidebar","site-content-layout":"page-builder","ast-site-content-layout":"","site-content-style":"default","site-sidebar-style":"default","ast-global-header-display":"","ast-banner-title-visibility":"","ast-main-header-display":"","ast-hfb-above-header-display":"","ast-hfb-below-header-display":"","ast-hfb-mobile-header-display":"","site-post-title":"disabled","ast-breadcrumbs-content":"","ast-featured-img":"disabled","footer-sml-layout":"","theme-transparent-header-meta":"disabled","adv-header-id-meta":"","stick-header-meta":"","header-above-stick-meta":"","header-main-stick-meta":"","header-below-stick-meta":"","astra-migrate-meta-layouts":"default","ast-page-background-enabled":"default","ast-page-background-meta":{"desktop":{"background-color":"","background-image":"","background-repeat":"repeat","background-position":"center center","background-size":"auto","background-attachment":"scroll","background-type":"","background-media":"","overlay-type":"","overlay-color":"","overlay-opacity":"","overlay-gradient":""},"tablet":{"background-color":"","background-image":"","background-repeat":"repeat","background-position":"center center","background-size":"auto","background-attachment":"scroll","background-type":"","background-media":"","overlay-type":"","overlay-color":"","overlay-opacity":"","overlay-gradient":""},"mobile":{"background-color":"","background-image":"","background-repeat":"repeat","background-position":"center center","background-size":"auto","background-attachment":"scroll","background-type":"","background-media":"","overlay-type":"","overlay-color":"","overlay-opacity":"","overlay-gradient":""}},"ast-content-background-meta":{"desktop":{"background-color":"var(--ast-global-color-5)","background-image":"","background-repeat":"repeat","background-position":"center center","background-size":"auto","background-attachment":"scroll","background-type":"","background-media":"","overlay-type":"","overlay-color":"","overlay-opacity":"","overlay-gradient":""},"tablet":{"background-color":"var(--ast-global-color-5)","background-image":"","background-repeat":"repeat","background-position":"center center","background-size":"auto","background-attachment":"scroll","background-type":"","background-media":"","overlay-type":"","overlay-color":"","overlay-opacity":"","overlay-gradient":""},"mobile":{"background-color":"var(--ast-global-color-5)","background-image":"","background-repeat":"repeat","background-position":"center center","background-size":"auto","background-attachment":"scroll","background-type":"","background-media":"","overlay-type":"","overlay-color":"","overlay-opacity":"","overlay-gradient":""}},"footnotes":""},"class_list":["post-97","page","type-page","status-publish","hentry"],"uagb_featured_image_src":{"full":false,"thumbnail":false,"medium":false,"medium_large":false,"large":false,"1536x1536":false,"2048x2048":false},"uagb_author_info":{"display_name":"vero","author_link":"https:\/\/ide.ucuenca.edu.ec\/geo-telesalud\/author\/vero\/"},"uagb_comment_info":0,"uagb_excerpt":"Grupo de Infraestructura de Datos Espaciales Propuesta metodol\u00f3gica para la planificaci\u00f3n de la infraestructura de salud con enfoque en telesalud usando datos geoespaciales en un entorno de ciudades inteligentes Actividades del Proyecto Ciudades Inteligentes Las ciudades inteligentes son aquellas que utilizan tecnolog\u00eda avanzada, datos y redes de comunicaci\u00f3n para mejorar la calidad de vida de&hellip;","_links":{"self":[{"href":"https:\/\/ide.ucuenca.edu.ec\/geo-telesalud\/wp-json\/wp\/v2\/pages\/97","targetHints":{"allow":["GET"]}}],"collection":[{"href":"https:\/\/ide.ucuenca.edu.ec\/geo-telesalud\/wp-json\/wp\/v2\/pages"}],"about":[{"href":"https:\/\/ide.ucuenca.edu.ec\/geo-telesalud\/wp-json\/wp\/v2\/types\/page"}],"author":[{"embeddable":true,"href":"https:\/\/ide.ucuenca.edu.ec\/geo-telesalud\/wp-json\/wp\/v2\/users\/1"}],"replies":[{"embeddable":true,"href":"https:\/\/ide.ucuenca.edu.ec\/geo-telesalud\/wp-json\/wp\/v2\/comments?post=97"}],"version-history":[{"count":23,"href":"https:\/\/ide.ucuenca.edu.ec\/geo-telesalud\/wp-json\/wp\/v2\/pages\/97\/revisions"}],"predecessor-version":[{"id":1894,"href":"https:\/\/ide.ucuenca.edu.ec\/geo-telesalud\/wp-json\/wp\/v2\/pages\/97\/revisions\/1894"}],"wp:attachment":[{"href":"https:\/\/ide.ucuenca.edu.ec\/geo-telesalud\/wp-json\/wp\/v2\/media?parent=97"}],"curies":[{"name":"wp","href":"https:\/\/api.w.org\/{rel}","templated":true}]}}