{"id":1769,"date":"2024-11-12T18:57:15","date_gmt":"2024-11-12T22:57:15","guid":{"rendered":"https:\/\/ide.ucuenca.edu.ec\/geo-telesalud\/programs\/"},"modified":"2024-11-13T16:21:59","modified_gmt":"2024-11-13T20:21:59","slug":"enlaces-importantes","status":"publish","type":"page","link":"https:\/\/ide.ucuenca.edu.ec\/geo-telesalud\/enlaces-importantes\/","title":{"rendered":"Enlaces Importantes"},"content":{"rendered":"\n\n\t\t\t<h1>\n\t\t\t\t\tEnlaces Importantes\n\t\t\t\t<\/h1>\n\t\t\t\t<img decoding=\"async\" src=\"https:\/\/ide.ucuenca.edu.ec\/geo-telesalud\/wp-content\/uploads\/2024\/11\/bid_smart-cities.jpg\" alt=\"bid_smart-cities\" itemprop=\"image\"\/>\n\t\t\t<h3>\n\t\t\t\t\tEvaluaci\u00f3n de nivel de madurez de Ciudades Inteligentes &#8211; BID\n\t\t\t\t<\/h3>\n\t\t\t<a href=\"https:\/\/code.iadb.org\/es\/herramientas\/evaluacion-de-nivel-de-madurez-smart\" target=\"_self\" role=\"button\" rel=\"noopener\">\n\t\t\t\t\t\tAcceder\n\t\t<\/a>\n\t\t\t\t<img decoding=\"async\" src=\"https:\/\/ide.ucuenca.edu.ec\/geo-telesalud\/wp-content\/uploads\/2024\/11\/mintel_smart-cities.jpg\" alt=\"mintel_smart-cities\" itemprop=\"image\"\/>\n\t\t\t<h3>\n\t\t\t\t\tEvaluaci\u00f3n de nivel de madurez de Ciudades Intelegentes &#8211; Mintel\n\t\t\t\t<\/h3>\n\t\t\t<a href=\"https:\/\/observatorioecuadordigital.mintel.gob.ec\/biblioteca\/\" target=\"_self\" role=\"button\" rel=\"noopener\">\n\t\t\t\t\t\tAcceder\n\t\t<\/a>\n\t\t\t\t<img decoding=\"async\" src=\"https:\/\/ide.ucuenca.edu.ec\/geo-telesalud\/wp-content\/uploads\/2024\/11\/pexels-photo-373543-373543.jpg\" alt=\"Dynamic urban scene showcasing interconnected light trails representing digital communication networks.\" itemprop=\"image\"\/>\n\t\t\t<h3>\n\t\t\t\t\tSelecci\u00f3n de Metodolog\u00edas de Madurez para  Ciudades Inteligentes\n\t\t\t\t<\/h3>\n\t\t\t<a href=\"https:\/\/drive.google.com\/drive\/u\/0\/folders\/1bV_Jyh0A5t24dXKAzRev-R_Gs3n6g1Cv\" target=\"_self\" role=\"button\" rel=\"noopener\">\n\t\t\t\t\t\tDescargar\n\t\t<\/a>\n\n","protected":false},"excerpt":{"rendered":"<p>Enlaces Importantes Evaluaci\u00f3n de nivel de madurez de Ciudades Inteligentes &#8211; BID Acceder Evaluaci\u00f3n de nivel de madurez de Ciudades Intelegentes &#8211; Mintel Acceder Selecci\u00f3n de Metodolog\u00edas de Madurez para Ciudades Inteligentes Descargar<\/p>\n","protected":false},"author":1,"featured_media":0,"parent":0,"menu_order":0,"comment_status":"closed","ping_status":"closed","template":"","meta":{"_uag_custom_page_level_css":"","site-sidebar-layout":"no-sidebar","site-content-layout":"page-builder","ast-site-content-layout":"","site-content-style":"default","site-sidebar-style":"default","ast-global-header-display":"","ast-banner-title-visibility":"","ast-main-header-display":"","ast-hfb-above-header-display":"","ast-hfb-below-header-display":"","ast-hfb-mobile-header-display":"","site-post-title":"disabled","ast-breadcrumbs-content":"","ast-featured-img":"disabled","footer-sml-layout":"","theme-transparent-header-meta":"default","adv-header-id-meta":"","stick-header-meta":"","header-above-stick-meta":"","header-main-stick-meta":"","header-below-stick-meta":"","astra-migrate-meta-layouts":"default","ast-page-background-enabled":"default","ast-page-background-meta":{"desktop":{"background-color":"","background-image":"","background-repeat":"repeat","background-position":"center center","background-size":"auto","background-attachment":"scroll","background-type":"","background-media":"","overlay-type":"","overlay-color":"","overlay-opacity":"","overlay-gradient":""},"tablet":{"background-color":"","background-image":"","background-repeat":"repeat","background-position":"center center","background-size":"auto","background-attachment":"scroll","background-type":"","background-media":"","overlay-type":"","overlay-color":"","overlay-opacity":"","overlay-gradient":""},"mobile":{"background-color":"","background-image":"","background-repeat":"repeat","background-position":"center center","background-size":"auto","background-attachment":"scroll","background-type":"","background-media":"","overlay-type":"","overlay-color":"","overlay-opacity":"","overlay-gradient":""}},"ast-content-background-meta":{"desktop":{"background-color":"var(--ast-global-color-5)","background-image":"","background-repeat":"repeat","background-position":"center center","background-size":"auto","background-attachment":"scroll","background-type":"","background-media":"","overlay-type":"","overlay-color":"","overlay-opacity":"","overlay-gradient":""},"tablet":{"background-color":"var(--ast-global-color-5)","background-image":"","background-repeat":"repeat","background-position":"center center","background-size":"auto","background-attachment":"scroll","background-type":"","background-media":"","overlay-type":"","overlay-color":"","overlay-opacity":"","overlay-gradient":""},"mobile":{"background-color":"var(--ast-global-color-5)","background-image":"","background-repeat":"repeat","background-position":"center center","background-size":"auto","background-attachment":"scroll","background-type":"","background-media":"","overlay-type":"","overlay-color":"","overlay-opacity":"","overlay-gradient":""}},"footnotes":""},"class_list":["post-1769","page","type-page","status-publish","hentry"],"uagb_featured_image_src":{"full":false,"thumbnail":false,"medium":false,"medium_large":false,"large":false,"1536x1536":false,"2048x2048":false},"uagb_author_info":{"display_name":"vero","author_link":"https:\/\/ide.ucuenca.edu.ec\/geo-telesalud\/author\/vero\/"},"uagb_comment_info":0,"uagb_excerpt":"Enlaces Importantes Evaluaci\u00f3n de nivel de madurez de Ciudades Inteligentes &#8211; BID Acceder Evaluaci\u00f3n de nivel de madurez de Ciudades Intelegentes &#8211; Mintel Acceder Selecci\u00f3n de Metodolog\u00edas de Madurez para Ciudades Inteligentes Descargar","_links":{"self":[{"href":"https:\/\/ide.ucuenca.edu.ec\/geo-telesalud\/wp-json\/wp\/v2\/pages\/1769","targetHints":{"allow":["GET"]}}],"collection":[{"href":"https:\/\/ide.ucuenca.edu.ec\/geo-telesalud\/wp-json\/wp\/v2\/pages"}],"about":[{"href":"https:\/\/ide.ucuenca.edu.ec\/geo-telesalud\/wp-json\/wp\/v2\/types\/page"}],"author":[{"embeddable":true,"href":"https:\/\/ide.ucuenca.edu.ec\/geo-telesalud\/wp-json\/wp\/v2\/users\/1"}],"replies":[{"embeddable":true,"href":"https:\/\/ide.ucuenca.edu.ec\/geo-telesalud\/wp-json\/wp\/v2\/comments?post=1769"}],"version-history":[{"count":3,"href":"https:\/\/ide.ucuenca.edu.ec\/geo-telesalud\/wp-json\/wp\/v2\/pages\/1769\/revisions"}],"predecessor-version":[{"id":1870,"href":"https:\/\/ide.ucuenca.edu.ec\/geo-telesalud\/wp-json\/wp\/v2\/pages\/1769\/revisions\/1870"}],"wp:attachment":[{"href":"https:\/\/ide.ucuenca.edu.ec\/geo-telesalud\/wp-json\/wp\/v2\/media?parent=1769"}],"curies":[{"name":"wp","href":"https:\/\/api.w.org\/{rel}","templated":true}]}}