{"id":896,"date":"2022-10-03T12:18:55","date_gmt":"2022-10-03T16:18:55","guid":{"rendered":"http:\/\/localhost\/wordpress\/?page_id=896"},"modified":"2023-01-12T11:44:16","modified_gmt":"2023-01-12T15:44:16","slug":"ideais","status":"publish","type":"page","link":"https:\/\/ide.ucuenca.edu.ec\/av-ppgis\/noticias\/ideais\/","title":{"rendered":"IDEAIS: Asistentes inteligentes para las infraestructuras de datos"},"content":{"rendered":"\t\t<div data-elementor-type=\"wp-page\" data-elementor-id=\"896\" class=\"elementor elementor-896\">\n\t\t\t\t\t\t\t\t\t<section class=\"has_ma_el_bg_slider elementor-section elementor-top-section elementor-element elementor-element-80b952e elementor-section-height-min-height elementor-section-boxed elementor-section-height-default elementor-section-items-middle jltma-glass-effect-no\" data-id=\"80b952e\" data-element_type=\"section\" data-settings=\"{&quot;background_background&quot;:&quot;classic&quot;}\">\n\t\t\t\t\t\t<div class=\"elementor-container elementor-column-gap-default\">\n\t\t\t\t\t<div class=\"has_ma_el_bg_slider elementor-column elementor-col-100 elementor-top-column elementor-element elementor-element-df3c554 jltma-glass-effect-no\" data-id=\"df3c554\" data-element_type=\"column\">\n\t\t\t<div class=\"elementor-widget-wrap elementor-element-populated\">\n\t\t\t\t\t\t\t\t<div class=\"elementor-element elementor-element-d5cd3a6 jltma-glass-effect-no elementor-widget elementor-widget-heading\" data-id=\"d5cd3a6\" data-element_type=\"widget\" data-widget_type=\"heading.default\">\n\t\t\t\t<div class=\"elementor-widget-container\">\n\t\t\t<style>\/*! elementor - v3.10.0 - 09-01-2023 *\/\n.elementor-heading-title{padding:0;margin:0;line-height:1}.elementor-widget-heading .elementor-heading-title[class*=elementor-size-]>a{color:inherit;font-size:inherit;line-height:inherit}.elementor-widget-heading .elementor-heading-title.elementor-size-small{font-size:15px}.elementor-widget-heading .elementor-heading-title.elementor-size-medium{font-size:19px}.elementor-widget-heading .elementor-heading-title.elementor-size-large{font-size:29px}.elementor-widget-heading .elementor-heading-title.elementor-size-xl{font-size:39px}.elementor-widget-heading .elementor-heading-title.elementor-size-xxl{font-size:59px}<\/style><h1 class=\"elementor-heading-title elementor-size-default\"><a href=\"https:\/\/ide.ucuenca.edu.ec\/av-ppgis\/noticias\/\">Noticias<\/a><\/h1>\t\t<\/div>\n\t\t\t\t<\/div>\n\t\t\t\t\t<\/div>\n\t\t<\/div>\n\t\t\t\t\t\t\t<\/div>\n\t\t<\/section>\n\t\t\t\t<section class=\"has_ma_el_bg_slider elementor-section elementor-top-section elementor-element elementor-element-bc9eda3 elementor-section-boxed elementor-section-height-default elementor-section-height-default jltma-glass-effect-no\" data-id=\"bc9eda3\" data-element_type=\"section\">\n\t\t\t\t\t\t<div class=\"elementor-container elementor-column-gap-default\">\n\t\t\t\t\t<div class=\"has_ma_el_bg_slider elementor-column elementor-col-100 elementor-top-column elementor-element elementor-element-e752085 jltma-glass-effect-no\" data-id=\"e752085\" data-element_type=\"column\">\n\t\t\t<div class=\"elementor-widget-wrap elementor-element-populated\">\n\t\t\t\t\t\t\t\t<div class=\"elementor-element elementor-element-e08196e jltma-glass-effect-no elementor-widget elementor-widget-spacer\" data-id=\"e08196e\" data-element_type=\"widget\" data-widget_type=\"spacer.default\">\n\t\t\t\t<div class=\"elementor-widget-container\">\n\t\t\t<style>\/*! elementor - v3.10.0 - 09-01-2023 *\/\n.elementor-column .elementor-spacer-inner{height:var(--spacer-size)}.e-con{--container-widget-width:100%}.e-con-inner>.elementor-widget-spacer,.e-con>.elementor-widget-spacer{width:var(--container-widget-width,var(--spacer-size));--align-self:var(--container-widget-align-self,initial);--flex-shrink:0}.e-con-inner>.elementor-widget-spacer>.elementor-widget-container,.e-con-inner>.elementor-widget-spacer>.elementor-widget-container>.elementor-spacer,.e-con>.elementor-widget-spacer>.elementor-widget-container,.e-con>.elementor-widget-spacer>.elementor-widget-container>.elementor-spacer{height:100%}.e-con-inner>.elementor-widget-spacer>.elementor-widget-container>.elementor-spacer>.elementor-spacer-inner,.e-con>.elementor-widget-spacer>.elementor-widget-container>.elementor-spacer>.elementor-spacer-inner{height:var(--container-widget-height,var(--spacer-size))}<\/style>\t\t<div class=\"elementor-spacer\">\n\t\t\t<div class=\"elementor-spacer-inner\"><\/div>\n\t\t<\/div>\n\t\t\t\t<\/div>\n\t\t\t\t<\/div>\n\t\t\t\t<div class=\"elementor-element elementor-element-dab8e31 jltma-glass-effect-no elementor-widget elementor-widget-text-editor\" data-id=\"dab8e31\" data-element_type=\"widget\" data-widget_type=\"text-editor.default\">\n\t\t\t\t<div class=\"elementor-widget-container\">\n\t\t\t<style>\/*! elementor - v3.10.0 - 09-01-2023 *\/\n.elementor-widget-text-editor.elementor-drop-cap-view-stacked .elementor-drop-cap{background-color:#818a91;color:#fff}.elementor-widget-text-editor.elementor-drop-cap-view-framed .elementor-drop-cap{color:#818a91;border:3px solid;background-color:transparent}.elementor-widget-text-editor:not(.elementor-drop-cap-view-default) .elementor-drop-cap{margin-top:8px}.elementor-widget-text-editor:not(.elementor-drop-cap-view-default) .elementor-drop-cap-letter{width:1em;height:1em}.elementor-widget-text-editor .elementor-drop-cap{float:left;text-align:center;line-height:1;font-size:50px}.elementor-widget-text-editor .elementor-drop-cap-letter{display:inline-block}<\/style>\t\t\t\t<h3 style=\"text-align: center;\"><span style=\"color: #000000;\"><strong>IDEAIS: Asistentes Inteligentes para la Infraestructura de Datos<\/strong><\/span><\/h3><p><span style=\"color: #000000;\">Un objetivo de inter\u00e9s prioritario no solo para la regi\u00f3n iberoamericana, sino Global (GSDI), Europea (INSPIRE), Panamericana (IPGH) y Latinoamericana (GEOSUR) es que las instituciones, las organizaciones y los ciudadanos accedan f\u00e1cilmente a la Informaci\u00f3n Geogr\u00e1fica (IG) necesaria para el buen gobierno. Sin embargo, este objetivo no ha sido alcanzado, a pesar de los costosos esfuerzos de los gobiernos para crear y poner en marcha las Infraestructuras de Datos Espaciales (IDE). Esto se debe en parte a la falta de usabilidad de los geoportales a trav\u00e9s de los cuales se consulta y accede a la IG. Esta Red tem\u00e1tica propone la colaboraci\u00f3n iberoamericana para facilitar este objetivo mediante el uso de Sistemas Inteligentes (SI), que posibiliten el desarrollo de Asistentes Virtuales (AV) para la recuperaci\u00f3n eficiente de la IG. Estas tecnolog\u00edas ya se utilizan en dom\u00f3tica, en el desarrollo de las Ciudades Inteligentes y en otros escenarios de conexi\u00f3n y acceso a datos como LinkedData. Los AV podr\u00edan conectarse v\u00eda voz a las IDE, buscar\u00a0la IG necesaria sin que los usuarios deban especificar en forma exhaustiva la informaci\u00f3n\u00a0deseada. Como ejemplo ilustrativo consideremos un caso en el contexto de Protecci\u00f3n\u00a0Civil: Ante el aviso \u201cHa explotado el Tungurahua\u201d, el AV debe: (a) Descubrir que el\u00a0Tungurahua es un volc\u00e1n y que la expresi\u00f3n \u201cha explotado\u201d indica emergencia; (b)\u00a0localizar su situaci\u00f3n; (c) encontrar en las IDE la cartograf\u00eda necesaria en caso de<\/span><br \/><span style=\"color: #000000;\">erupci\u00f3n; (d) lanzar las peticiones a los servidores y (e) recibir y redirigir inmediatamente\u00a0las respuestas a los interesados (el que ha enviado la alerta, emergencias, polic\u00eda,\u00a0bomberos, etc.) cercanos al volc\u00e1n.<\/span><\/p><p><span style=\"color: #000000;\">Este proyecto inici\u00f3 en el a\u00f1o 2019 y cuenta con un financiamiento de $25.000 (anual).<\/span><\/p><p>\u00a0<\/p>\t\t\t\t\t\t<\/div>\n\t\t\t\t<\/div>\n\t\t\t\t\t<\/div>\n\t\t<\/div>\n\t\t\t\t\t\t\t<\/div>\n\t\t<\/section>\n\t\t\t\t\t\t\t<\/div>\n\t\t","protected":false},"excerpt":{"rendered":"<p>Noticias IDEAIS: Asistentes Inteligentes para la Infraestructura de Datos Un objetivo de inter\u00e9s prioritario no solo para la regi\u00f3n iberoamericana, sino Global (GSDI), Europea (INSPIRE), Panamericana (IPGH) y Latinoamericana (GEOSUR) es que las instituciones, las organizaciones y los ciudadanos accedan f\u00e1cilmente a la Informaci\u00f3n Geogr\u00e1fica (IG) necesaria para el buen gobierno. Sin embargo, este objetivo&hellip;&nbsp;<a href=\"https:\/\/ide.ucuenca.edu.ec\/av-ppgis\/noticias\/ideais\/\" class=\"\" rel=\"bookmark\">Read More &raquo;<span class=\"screen-reader-text\">IDEAIS: Asistentes inteligentes para las infraestructuras de datos<\/span><\/a><\/p>\n","protected":false},"author":1,"featured_media":0,"parent":571,"menu_order":0,"comment_status":"closed","ping_status":"closed","template":"page-templates\/template-pagebuilder-full-width.php","meta":{"neve_meta_sidebar":"","neve_meta_container":"","neve_meta_enable_content_width":"off","neve_meta_content_width":100,"neve_meta_title_alignment":"","neve_meta_author_avatar":"","neve_post_elements_order":"","neve_meta_disable_header":"","neve_meta_disable_footer":"","neve_meta_disable_title":"","footnotes":""},"class_list":["post-896","page","type-page","status-publish","hentry"],"yoast_head":"<!-- This site is optimized with the Yoast SEO plugin v19.14 - https:\/\/yoast.com\/wordpress\/plugins\/seo\/ -->\n<title>IDEAIS: Asistentes inteligentes para las infraestructuras de datos - AV-PPGIS<\/title>\n<meta name=\"robots\" content=\"index, follow, max-snippet:-1, max-image-preview:large, max-video-preview:-1\" \/>\n<link rel=\"canonical\" href=\"https:\/\/ide.ucuenca.edu.ec\/av-ppgis\/noticias\/ideais\/\" \/>\n<meta property=\"og:locale\" content=\"en_US\" \/>\n<meta property=\"og:type\" content=\"article\" \/>\n<meta property=\"og:title\" content=\"IDEAIS: Asistentes inteligentes para las infraestructuras de datos - AV-PPGIS\" \/>\n<meta property=\"og:description\" content=\"Noticias IDEAIS: Asistentes Inteligentes para la Infraestructura de Datos Un objetivo de inter\u00e9s prioritario no solo para la regi\u00f3n iberoamericana, sino Global (GSDI), Europea (INSPIRE), Panamericana (IPGH) y Latinoamericana (GEOSUR) es que las instituciones, las organizaciones y los ciudadanos accedan f\u00e1cilmente a la Informaci\u00f3n Geogr\u00e1fica (IG) necesaria para el buen gobierno. Sin embargo, este objetivo&hellip;&nbsp;Read More &raquo;IDEAIS: Asistentes inteligentes para las infraestructuras de datos\" \/>\n<meta property=\"og:url\" content=\"https:\/\/ide.ucuenca.edu.ec\/av-ppgis\/noticias\/ideais\/\" \/>\n<meta property=\"og:site_name\" content=\"AV-PPGIS\" \/>\n<meta property=\"article:modified_time\" content=\"2023-01-12T15:44:16+00:00\" \/>\n<meta name=\"twitter:card\" content=\"summary_large_image\" \/>\n<meta name=\"twitter:label1\" content=\"Est. reading time\" \/>\n\t<meta name=\"twitter:data1\" content=\"2 minutes\" \/>\n<script type=\"application\/ld+json\" class=\"yoast-schema-graph\">{\"@context\":\"https:\/\/schema.org\",\"@graph\":[{\"@type\":\"WebPage\",\"@id\":\"https:\/\/ide.ucuenca.edu.ec\/av-ppgis\/noticias\/ideais\/\",\"url\":\"https:\/\/ide.ucuenca.edu.ec\/av-ppgis\/noticias\/ideais\/\",\"name\":\"IDEAIS: Asistentes inteligentes para las infraestructuras de datos - AV-PPGIS\",\"isPartOf\":{\"@id\":\"https:\/\/ide.ucuenca.edu.ec\/av-ppgis\/#website\"},\"datePublished\":\"2022-10-03T16:18:55+00:00\",\"dateModified\":\"2023-01-12T15:44:16+00:00\",\"breadcrumb\":{\"@id\":\"https:\/\/ide.ucuenca.edu.ec\/av-ppgis\/noticias\/ideais\/#breadcrumb\"},\"inLanguage\":\"en-US\",\"potentialAction\":[{\"@type\":\"ReadAction\",\"target\":[\"https:\/\/ide.ucuenca.edu.ec\/av-ppgis\/noticias\/ideais\/\"]}]},{\"@type\":\"BreadcrumbList\",\"@id\":\"https:\/\/ide.ucuenca.edu.ec\/av-ppgis\/noticias\/ideais\/#breadcrumb\",\"itemListElement\":[{\"@type\":\"ListItem\",\"position\":1,\"name\":\"Home\",\"item\":\"https:\/\/ide.ucuenca.edu.ec\/av-ppgis\/\"},{\"@type\":\"ListItem\",\"position\":2,\"name\":\"Noticias\",\"item\":\"https:\/\/ide.ucuenca.edu.ec\/av-ppgis\/noticias\/\"},{\"@type\":\"ListItem\",\"position\":3,\"name\":\"IDEAIS: Asistentes inteligentes para las infraestructuras de datos\"}]},{\"@type\":\"WebSite\",\"@id\":\"https:\/\/ide.ucuenca.edu.ec\/av-ppgis\/#website\",\"url\":\"https:\/\/ide.ucuenca.edu.ec\/av-ppgis\/\",\"name\":\"AV-PPGIS\",\"description\":\"\",\"publisher\":{\"@id\":\"https:\/\/ide.ucuenca.edu.ec\/av-ppgis\/#organization\"},\"potentialAction\":[{\"@type\":\"SearchAction\",\"target\":{\"@type\":\"EntryPoint\",\"urlTemplate\":\"https:\/\/ide.ucuenca.edu.ec\/av-ppgis\/?s={search_term_string}\"},\"query-input\":\"required name=search_term_string\"}],\"inLanguage\":\"en-US\"},{\"@type\":\"Organization\",\"@id\":\"https:\/\/ide.ucuenca.edu.ec\/av-ppgis\/#organization\",\"name\":\"AV-PPGIS\",\"url\":\"https:\/\/ide.ucuenca.edu.ec\/av-ppgis\/\",\"logo\":{\"@type\":\"ImageObject\",\"inLanguage\":\"en-US\",\"@id\":\"https:\/\/ide.ucuenca.edu.ec\/av-ppgis\/#\/schema\/logo\/image\/\",\"url\":\"\",\"contentUrl\":\"\",\"caption\":\"AV-PPGIS\"},\"image\":{\"@id\":\"https:\/\/ide.ucuenca.edu.ec\/av-ppgis\/#\/schema\/logo\/image\/\"}}]}<\/script>\n<!-- \/ Yoast SEO plugin. -->","yoast_head_json":{"title":"IDEAIS: Asistentes inteligentes para las infraestructuras de datos - AV-PPGIS","robots":{"index":"index","follow":"follow","max-snippet":"max-snippet:-1","max-image-preview":"max-image-preview:large","max-video-preview":"max-video-preview:-1"},"canonical":"https:\/\/ide.ucuenca.edu.ec\/av-ppgis\/noticias\/ideais\/","og_locale":"en_US","og_type":"article","og_title":"IDEAIS: Asistentes inteligentes para las infraestructuras de datos - AV-PPGIS","og_description":"Noticias IDEAIS: Asistentes Inteligentes para la Infraestructura de Datos Un objetivo de inter\u00e9s prioritario no solo para la regi\u00f3n iberoamericana, sino Global (GSDI), Europea (INSPIRE), Panamericana (IPGH) y Latinoamericana (GEOSUR) es que las instituciones, las organizaciones y los ciudadanos accedan f\u00e1cilmente a la Informaci\u00f3n Geogr\u00e1fica (IG) necesaria para el buen gobierno. Sin embargo, este objetivo&hellip;&nbsp;Read More &raquo;IDEAIS: Asistentes inteligentes para las infraestructuras de datos","og_url":"https:\/\/ide.ucuenca.edu.ec\/av-ppgis\/noticias\/ideais\/","og_site_name":"AV-PPGIS","article_modified_time":"2023-01-12T15:44:16+00:00","twitter_card":"summary_large_image","twitter_misc":{"Est. reading time":"2 minutes"},"schema":{"@context":"https:\/\/schema.org","@graph":[{"@type":"WebPage","@id":"https:\/\/ide.ucuenca.edu.ec\/av-ppgis\/noticias\/ideais\/","url":"https:\/\/ide.ucuenca.edu.ec\/av-ppgis\/noticias\/ideais\/","name":"IDEAIS: Asistentes inteligentes para las infraestructuras de datos - AV-PPGIS","isPartOf":{"@id":"https:\/\/ide.ucuenca.edu.ec\/av-ppgis\/#website"},"datePublished":"2022-10-03T16:18:55+00:00","dateModified":"2023-01-12T15:44:16+00:00","breadcrumb":{"@id":"https:\/\/ide.ucuenca.edu.ec\/av-ppgis\/noticias\/ideais\/#breadcrumb"},"inLanguage":"en-US","potentialAction":[{"@type":"ReadAction","target":["https:\/\/ide.ucuenca.edu.ec\/av-ppgis\/noticias\/ideais\/"]}]},{"@type":"BreadcrumbList","@id":"https:\/\/ide.ucuenca.edu.ec\/av-ppgis\/noticias\/ideais\/#breadcrumb","itemListElement":[{"@type":"ListItem","position":1,"name":"Home","item":"https:\/\/ide.ucuenca.edu.ec\/av-ppgis\/"},{"@type":"ListItem","position":2,"name":"Noticias","item":"https:\/\/ide.ucuenca.edu.ec\/av-ppgis\/noticias\/"},{"@type":"ListItem","position":3,"name":"IDEAIS: Asistentes inteligentes para las infraestructuras de datos"}]},{"@type":"WebSite","@id":"https:\/\/ide.ucuenca.edu.ec\/av-ppgis\/#website","url":"https:\/\/ide.ucuenca.edu.ec\/av-ppgis\/","name":"AV-PPGIS","description":"","publisher":{"@id":"https:\/\/ide.ucuenca.edu.ec\/av-ppgis\/#organization"},"potentialAction":[{"@type":"SearchAction","target":{"@type":"EntryPoint","urlTemplate":"https:\/\/ide.ucuenca.edu.ec\/av-ppgis\/?s={search_term_string}"},"query-input":"required name=search_term_string"}],"inLanguage":"en-US"},{"@type":"Organization","@id":"https:\/\/ide.ucuenca.edu.ec\/av-ppgis\/#organization","name":"AV-PPGIS","url":"https:\/\/ide.ucuenca.edu.ec\/av-ppgis\/","logo":{"@type":"ImageObject","inLanguage":"en-US","@id":"https:\/\/ide.ucuenca.edu.ec\/av-ppgis\/#\/schema\/logo\/image\/","url":"","contentUrl":"","caption":"AV-PPGIS"},"image":{"@id":"https:\/\/ide.ucuenca.edu.ec\/av-ppgis\/#\/schema\/logo\/image\/"}}]}},"_links":{"self":[{"href":"https:\/\/ide.ucuenca.edu.ec\/av-ppgis\/wp-json\/wp\/v2\/pages\/896","targetHints":{"allow":["GET"]}}],"collection":[{"href":"https:\/\/ide.ucuenca.edu.ec\/av-ppgis\/wp-json\/wp\/v2\/pages"}],"about":[{"href":"https:\/\/ide.ucuenca.edu.ec\/av-ppgis\/wp-json\/wp\/v2\/types\/page"}],"author":[{"embeddable":true,"href":"https:\/\/ide.ucuenca.edu.ec\/av-ppgis\/wp-json\/wp\/v2\/users\/1"}],"replies":[{"embeddable":true,"href":"https:\/\/ide.ucuenca.edu.ec\/av-ppgis\/wp-json\/wp\/v2\/comments?post=896"}],"version-history":[{"count":13,"href":"https:\/\/ide.ucuenca.edu.ec\/av-ppgis\/wp-json\/wp\/v2\/pages\/896\/revisions"}],"predecessor-version":[{"id":2061,"href":"https:\/\/ide.ucuenca.edu.ec\/av-ppgis\/wp-json\/wp\/v2\/pages\/896\/revisions\/2061"}],"up":[{"embeddable":true,"href":"https:\/\/ide.ucuenca.edu.ec\/av-ppgis\/wp-json\/wp\/v2\/pages\/571"}],"wp:attachment":[{"href":"https:\/\/ide.ucuenca.edu.ec\/av-ppgis\/wp-json\/wp\/v2\/media?parent=896"}],"curies":[{"name":"wp","href":"https:\/\/api.w.org\/{rel}","templated":true}]}}