{"id":632,"date":"2022-09-23T09:45:12","date_gmt":"2022-09-23T13:45:12","guid":{"rendered":"http:\/\/localhost\/wordpress\/?page_id=632"},"modified":"2022-10-20T10:09:51","modified_gmt":"2022-10-20T14:09:51","slug":"quienes-somos","status":"publish","type":"page","link":"https:\/\/ide.ucuenca.edu.ec\/av-ppgis\/quienes-somos\/","title":{"rendered":"\u00bfQui\u00e9nes somos?"},"content":{"rendered":"\t\t<div data-elementor-type=\"wp-page\" data-elementor-id=\"632\" class=\"elementor elementor-632\">\n\t\t\t\t\t\t\t\t\t<section class=\"has_ma_el_bg_slider elementor-section elementor-top-section elementor-element elementor-element-1e5d303 elementor-section-height-min-height elementor-section-boxed elementor-section-height-default elementor-section-items-middle jltma-glass-effect-no\" data-id=\"1e5d303\" data-element_type=\"section\" data-settings=\"{&quot;background_background&quot;:&quot;classic&quot;}\">\n\t\t\t\t\t\t<div class=\"elementor-container elementor-column-gap-default\">\n\t\t\t\t\t<div class=\"has_ma_el_bg_slider elementor-column elementor-col-100 elementor-top-column elementor-element elementor-element-309e7b2 jltma-glass-effect-no\" data-id=\"309e7b2\" data-element_type=\"column\">\n\t\t\t<div class=\"elementor-widget-wrap elementor-element-populated\">\n\t\t\t\t\t\t\t\t<div class=\"elementor-element elementor-element-2dd50af jltma-glass-effect-no elementor-widget elementor-widget-heading\" data-id=\"2dd50af\" data-element_type=\"widget\" data-widget_type=\"heading.default\">\n\t\t\t\t<div class=\"elementor-widget-container\">\n\t\t\t<style>\/*! elementor - v3.10.0 - 09-01-2023 *\/\n.elementor-heading-title{padding:0;margin:0;line-height:1}.elementor-widget-heading .elementor-heading-title[class*=elementor-size-]>a{color:inherit;font-size:inherit;line-height:inherit}.elementor-widget-heading .elementor-heading-title.elementor-size-small{font-size:15px}.elementor-widget-heading .elementor-heading-title.elementor-size-medium{font-size:19px}.elementor-widget-heading .elementor-heading-title.elementor-size-large{font-size:29px}.elementor-widget-heading .elementor-heading-title.elementor-size-xl{font-size:39px}.elementor-widget-heading .elementor-heading-title.elementor-size-xxl{font-size:59px}<\/style><h1 class=\"elementor-heading-title elementor-size-default\">\u00bfQui\u00e9nes somos?<\/h1>\t\t<\/div>\n\t\t\t\t<\/div>\n\t\t\t\t\t<\/div>\n\t\t<\/div>\n\t\t\t\t\t\t\t<\/div>\n\t\t<\/section>\n\t\t\t\t<section class=\"has_ma_el_bg_slider elementor-section elementor-top-section elementor-element elementor-element-62c38ad elementor-section-boxed elementor-section-height-default elementor-section-height-default jltma-glass-effect-no\" data-id=\"62c38ad\" data-element_type=\"section\">\n\t\t\t\t\t\t<div class=\"elementor-container elementor-column-gap-default\">\n\t\t\t\t\t<div class=\"has_ma_el_bg_slider elementor-column elementor-col-100 elementor-top-column elementor-element elementor-element-0f352e9 jltma-glass-effect-no\" data-id=\"0f352e9\" data-element_type=\"column\">\n\t\t\t<div class=\"elementor-widget-wrap elementor-element-populated\">\n\t\t\t\t\t\t\t\t<div class=\"elementor-element elementor-element-cc551d7 jltma-glass-effect-no elementor-widget elementor-widget-spacer\" data-id=\"cc551d7\" data-element_type=\"widget\" data-widget_type=\"spacer.default\">\n\t\t\t\t<div class=\"elementor-widget-container\">\n\t\t\t<style>\/*! elementor - v3.10.0 - 09-01-2023 *\/\n.elementor-column .elementor-spacer-inner{height:var(--spacer-size)}.e-con{--container-widget-width:100%}.e-con-inner>.elementor-widget-spacer,.e-con>.elementor-widget-spacer{width:var(--container-widget-width,var(--spacer-size));--align-self:var(--container-widget-align-self,initial);--flex-shrink:0}.e-con-inner>.elementor-widget-spacer>.elementor-widget-container,.e-con-inner>.elementor-widget-spacer>.elementor-widget-container>.elementor-spacer,.e-con>.elementor-widget-spacer>.elementor-widget-container,.e-con>.elementor-widget-spacer>.elementor-widget-container>.elementor-spacer{height:100%}.e-con-inner>.elementor-widget-spacer>.elementor-widget-container>.elementor-spacer>.elementor-spacer-inner,.e-con>.elementor-widget-spacer>.elementor-widget-container>.elementor-spacer>.elementor-spacer-inner{height:var(--container-widget-height,var(--spacer-size))}<\/style>\t\t<div class=\"elementor-spacer\">\n\t\t\t<div class=\"elementor-spacer-inner\"><\/div>\n\t\t<\/div>\n\t\t\t\t<\/div>\n\t\t\t\t<\/div>\n\t\t\t\t\t<\/div>\n\t\t<\/div>\n\t\t\t\t\t\t\t<\/div>\n\t\t<\/section>\n\t\t\t\t<section class=\"has_ma_el_bg_slider elementor-section elementor-top-section elementor-element elementor-element-5e315ca elementor-section-boxed elementor-section-height-default elementor-section-height-default jltma-glass-effect-no\" data-id=\"5e315ca\" data-element_type=\"section\">\n\t\t\t\t\t\t<div class=\"elementor-container elementor-column-gap-default\">\n\t\t\t\t\t<div class=\"has_ma_el_bg_slider elementor-column elementor-col-100 elementor-top-column elementor-element elementor-element-68d3abf jltma-glass-effect-no\" data-id=\"68d3abf\" data-element_type=\"column\">\n\t\t\t<div class=\"elementor-widget-wrap elementor-element-populated\">\n\t\t\t\t\t\t\t\t<div class=\"elementor-element elementor-element-35f6c56 jltma-glass-effect-no elementor-widget elementor-widget-text-editor\" data-id=\"35f6c56\" data-element_type=\"widget\" data-widget_type=\"text-editor.default\">\n\t\t\t\t<div class=\"elementor-widget-container\">\n\t\t\t<style>\/*! elementor - v3.10.0 - 09-01-2023 *\/\n.elementor-widget-text-editor.elementor-drop-cap-view-stacked .elementor-drop-cap{background-color:#818a91;color:#fff}.elementor-widget-text-editor.elementor-drop-cap-view-framed .elementor-drop-cap{color:#818a91;border:3px solid;background-color:transparent}.elementor-widget-text-editor:not(.elementor-drop-cap-view-default) .elementor-drop-cap{margin-top:8px}.elementor-widget-text-editor:not(.elementor-drop-cap-view-default) .elementor-drop-cap-letter{width:1em;height:1em}.elementor-widget-text-editor .elementor-drop-cap{float:left;text-align:center;line-height:1;font-size:50px}.elementor-widget-text-editor .elementor-drop-cap-letter{display:inline-block}<\/style>\t\t\t\t<h3><span style=\"color: #000000;\"><strong>Antecedentes<\/strong><\/span><\/h3><p><span style=\"color: #000000;\">La principal problem\u00e1tica de la falta de organizaci\u00f3n de\u00a0<strong>la informaci\u00f3n geoespacial generada por los diferentes laboratorios y centros de las instituciones, as\u00ed como la imposibilidad de difusi\u00f3n de dichos estudios de manera directa y clara<\/strong>, demanda una visi\u00f3n diferente en el almacenamiento de informaci\u00f3n de este tipo, ya que en muchos casos estos se limitan a ser almacenados en un PC del investigador o en documentos f\u00edsicos (mapas impresos). Todo proyecto sea este tecnol\u00f3gico, de desarrollo humano, de implementaci\u00f3n de infraestructuras, de estudios que necesitan en alg\u00fan momento y en un grado diferente, de aprovechar la informaci\u00f3n geoespacial de la zona de estudio. Muchos estudios con esta informaci\u00f3n han sido y siguen desarroll\u00e1ndose en las instituciones, laboratorios, centros y m\u00e1s, con la \u00fanica posibilidad de b\u00fasqueda que actualmente brinda Google siempre y cuando dichos estudios hayan provocado elementos buscables, es decir, si dichos estudios promovieron alguna publicaci\u00f3n o alg\u00fan documento que adem\u00e1s haya sido indexado por los diferentes m\u00e9todos entre los que se podr\u00eda mencionar actualmente los Repositorios Digitales. Sin embargo, toda la producci\u00f3n geoespacial que estos estudios, proyectos, programas hayan desarrollado no podr\u00edan ser alcanzables si no tienen m\u00e9todos adecuados de presentaci\u00f3n o de inclusi\u00f3n en el Internet.<\/span><\/p><p><span style=\"color: #000000;\">Una de las formas de acceso a dicha informaci\u00f3n a nivel internacional fue organizada en Infraestructuras de Datos Espaciales.\u00a0 La gran diferencia entre promover dichas infraestructuras en latitudes de pa\u00edses desarrollados, es la existencia de entes de gran relevancia o de capacidad de imposici\u00f3n totalmente diferente a la realidad sudamericana.\u00a0 En Europa por ejemplo, basta con que la Uni\u00f3n Europea vea la potencialidad de la organizaci\u00f3n de esta informaci\u00f3n y el uso que podr\u00eda darse como para crear una directiva europea, que adem\u00e1s todos los pa\u00edses est\u00e1n sujetas a cumplirla. Es as\u00ed que la directiva INSIPRE fue creada en 2007 luego de que las IDE\u2019s a nivel de los pa\u00edses europeos hab\u00edan iniciado ya su trabajo, pero que gracias a esta posibilidad es mucho m\u00e1s asequible llegar a un consenso de los productores y generadores de informaci\u00f3n y sobretodo, es mucho m\u00e1s f\u00e1cil que el gobierno busque el cumplimiento de estas normas para que todos contribuyan a la creaci\u00f3n de un gran IDE Europeo.\u00a0 Al mismo tiempo que surg\u00eda la ola enorme de IDE\u2019s europeos, tambi\u00e9n se iniciaron trabajos que buscaban la manera de integraci\u00f3n de informaci\u00f3n con sentido, es decir, sirvi\u00e9ndose de la sem\u00e1ntica y contexto y no solamente de los datos. Estas iniciativas, para entonces precoces provocaron ya acercamiento para visionarias propuestas de utilizaci\u00f3n de informaci\u00f3n para aplicaciones en dispositivos m\u00f3viles donde se integrar\u00edan caracter\u00edsticas del individuo usuario del equipo m\u00e1s la informaci\u00f3n georeferenciada.<\/span><\/p><p><span style=\"color: #000000;\">Todo este escenario desarrollado a nivel europeo, ten\u00eda grandes dificultades para lograr ser implantado en pa\u00edses del tercer mundo como en el caso de Ecuador. La iniciativa fue propuesta desde la Universidad de Cuenca en el a\u00f1o 2008, donde se obtuvo la colaboraci\u00f3n del IDE Espa\u00f1ol y principalmente el IDE Catal\u00e1n (proyecto financiado por el AECID).\u00a0 En Ecuador era imposible presentar una ley que promueva directamente la colaboraci\u00f3n de los entes generadores de informaci\u00f3n georeferenciada. Peor aun, a nivel suramericano no existe un organismo capas de dictar normas que puedan se implementadas a nivel nacional y con suficiente poder de imposici\u00f3n que permita la implementaci\u00f3n de IDEs como fueron los casos europeos. Por lo tanto, era necesario enfocar dicha implementaci\u00f3n desde otra perspectiva, buscando siempre la colaboraci\u00f3n de los elementos capaces de intervenir en la consecuci\u00f3n de los objetivos de creaci\u00f3n de un IDE SUBNACIONAL.<\/span><\/p>\t\t\t\t\t\t<\/div>\n\t\t\t\t<\/div>\n\t\t\t\t\t<\/div>\n\t\t<\/div>\n\t\t\t\t\t\t\t<\/div>\n\t\t<\/section>\n\t\t\t\t\t\t\t<\/div>\n\t\t","protected":false},"excerpt":{"rendered":"<p>\u00bfQui\u00e9nes somos? Antecedentes La principal problem\u00e1tica de la falta de organizaci\u00f3n de\u00a0la informaci\u00f3n geoespacial generada por los diferentes laboratorios y centros de las instituciones, as\u00ed como la imposibilidad de difusi\u00f3n de dichos estudios de manera directa y clara, demanda una visi\u00f3n diferente en el almacenamiento de informaci\u00f3n de este tipo, ya que en muchos casos&hellip;&nbsp;<a href=\"https:\/\/ide.ucuenca.edu.ec\/av-ppgis\/quienes-somos\/\" class=\"\" rel=\"bookmark\">Read More &raquo;<span class=\"screen-reader-text\">\u00bfQui\u00e9nes somos?<\/span><\/a><\/p>\n","protected":false},"author":1,"featured_media":0,"parent":0,"menu_order":0,"comment_status":"open","ping_status":"open","template":"page-templates\/template-pagebuilder-full-width.php","meta":{"neve_meta_sidebar":"","neve_meta_container":"","neve_meta_enable_content_width":"off","neve_meta_content_width":100,"neve_meta_title_alignment":"","neve_meta_author_avatar":"","neve_post_elements_order":"","neve_meta_disable_header":"","neve_meta_disable_footer":"","neve_meta_disable_title":"","footnotes":""},"class_list":["post-632","page","type-page","status-publish","hentry"],"yoast_head":"<!-- This site is optimized with the Yoast SEO plugin v19.14 - https:\/\/yoast.com\/wordpress\/plugins\/seo\/ -->\n<title>\u00bfQui\u00e9nes somos? - AV-PPGIS<\/title>\n<meta name=\"robots\" content=\"index, follow, max-snippet:-1, max-image-preview:large, max-video-preview:-1\" \/>\n<link rel=\"canonical\" href=\"https:\/\/ide.ucuenca.edu.ec\/av-ppgis\/quienes-somos\/\" \/>\n<meta property=\"og:locale\" content=\"en_US\" \/>\n<meta property=\"og:type\" content=\"article\" \/>\n<meta property=\"og:title\" content=\"\u00bfQui\u00e9nes somos? - AV-PPGIS\" \/>\n<meta property=\"og:description\" content=\"\u00bfQui\u00e9nes somos? Antecedentes La principal problem\u00e1tica de la falta de organizaci\u00f3n de\u00a0la informaci\u00f3n geoespacial generada por los diferentes laboratorios y centros de las instituciones, as\u00ed como la imposibilidad de difusi\u00f3n de dichos estudios de manera directa y clara, demanda una visi\u00f3n diferente en el almacenamiento de informaci\u00f3n de este tipo, ya que en muchos casos&hellip;&nbsp;Read More &raquo;\u00bfQui\u00e9nes somos?\" \/>\n<meta property=\"og:url\" content=\"https:\/\/ide.ucuenca.edu.ec\/av-ppgis\/quienes-somos\/\" \/>\n<meta property=\"og:site_name\" content=\"AV-PPGIS\" \/>\n<meta property=\"article:modified_time\" content=\"2022-10-20T14:09:51+00:00\" \/>\n<meta name=\"twitter:card\" content=\"summary_large_image\" \/>\n<meta name=\"twitter:label1\" content=\"Est. reading time\" \/>\n\t<meta name=\"twitter:data1\" content=\"3 minutes\" \/>\n<script type=\"application\/ld+json\" class=\"yoast-schema-graph\">{\"@context\":\"https:\/\/schema.org\",\"@graph\":[{\"@type\":\"WebPage\",\"@id\":\"https:\/\/ide.ucuenca.edu.ec\/av-ppgis\/quienes-somos\/\",\"url\":\"https:\/\/ide.ucuenca.edu.ec\/av-ppgis\/quienes-somos\/\",\"name\":\"\u00bfQui\u00e9nes somos? - AV-PPGIS\",\"isPartOf\":{\"@id\":\"https:\/\/ide.ucuenca.edu.ec\/av-ppgis\/#website\"},\"datePublished\":\"2022-09-23T13:45:12+00:00\",\"dateModified\":\"2022-10-20T14:09:51+00:00\",\"breadcrumb\":{\"@id\":\"https:\/\/ide.ucuenca.edu.ec\/av-ppgis\/quienes-somos\/#breadcrumb\"},\"inLanguage\":\"en-US\",\"potentialAction\":[{\"@type\":\"ReadAction\",\"target\":[\"https:\/\/ide.ucuenca.edu.ec\/av-ppgis\/quienes-somos\/\"]}]},{\"@type\":\"BreadcrumbList\",\"@id\":\"https:\/\/ide.ucuenca.edu.ec\/av-ppgis\/quienes-somos\/#breadcrumb\",\"itemListElement\":[{\"@type\":\"ListItem\",\"position\":1,\"name\":\"Home\",\"item\":\"https:\/\/ide.ucuenca.edu.ec\/av-ppgis\/\"},{\"@type\":\"ListItem\",\"position\":2,\"name\":\"\u00bfQui\u00e9nes somos?\"}]},{\"@type\":\"WebSite\",\"@id\":\"https:\/\/ide.ucuenca.edu.ec\/av-ppgis\/#website\",\"url\":\"https:\/\/ide.ucuenca.edu.ec\/av-ppgis\/\",\"name\":\"AV-PPGIS\",\"description\":\"\",\"publisher\":{\"@id\":\"https:\/\/ide.ucuenca.edu.ec\/av-ppgis\/#organization\"},\"potentialAction\":[{\"@type\":\"SearchAction\",\"target\":{\"@type\":\"EntryPoint\",\"urlTemplate\":\"https:\/\/ide.ucuenca.edu.ec\/av-ppgis\/?s={search_term_string}\"},\"query-input\":\"required name=search_term_string\"}],\"inLanguage\":\"en-US\"},{\"@type\":\"Organization\",\"@id\":\"https:\/\/ide.ucuenca.edu.ec\/av-ppgis\/#organization\",\"name\":\"AV-PPGIS\",\"url\":\"https:\/\/ide.ucuenca.edu.ec\/av-ppgis\/\",\"logo\":{\"@type\":\"ImageObject\",\"inLanguage\":\"en-US\",\"@id\":\"https:\/\/ide.ucuenca.edu.ec\/av-ppgis\/#\/schema\/logo\/image\/\",\"url\":\"\",\"contentUrl\":\"\",\"caption\":\"AV-PPGIS\"},\"image\":{\"@id\":\"https:\/\/ide.ucuenca.edu.ec\/av-ppgis\/#\/schema\/logo\/image\/\"}}]}<\/script>\n<!-- \/ Yoast SEO plugin. -->","yoast_head_json":{"title":"\u00bfQui\u00e9nes somos? - AV-PPGIS","robots":{"index":"index","follow":"follow","max-snippet":"max-snippet:-1","max-image-preview":"max-image-preview:large","max-video-preview":"max-video-preview:-1"},"canonical":"https:\/\/ide.ucuenca.edu.ec\/av-ppgis\/quienes-somos\/","og_locale":"en_US","og_type":"article","og_title":"\u00bfQui\u00e9nes somos? - AV-PPGIS","og_description":"\u00bfQui\u00e9nes somos? Antecedentes La principal problem\u00e1tica de la falta de organizaci\u00f3n de\u00a0la informaci\u00f3n geoespacial generada por los diferentes laboratorios y centros de las instituciones, as\u00ed como la imposibilidad de difusi\u00f3n de dichos estudios de manera directa y clara, demanda una visi\u00f3n diferente en el almacenamiento de informaci\u00f3n de este tipo, ya que en muchos casos&hellip;&nbsp;Read More &raquo;\u00bfQui\u00e9nes somos?","og_url":"https:\/\/ide.ucuenca.edu.ec\/av-ppgis\/quienes-somos\/","og_site_name":"AV-PPGIS","article_modified_time":"2022-10-20T14:09:51+00:00","twitter_card":"summary_large_image","twitter_misc":{"Est. reading time":"3 minutes"},"schema":{"@context":"https:\/\/schema.org","@graph":[{"@type":"WebPage","@id":"https:\/\/ide.ucuenca.edu.ec\/av-ppgis\/quienes-somos\/","url":"https:\/\/ide.ucuenca.edu.ec\/av-ppgis\/quienes-somos\/","name":"\u00bfQui\u00e9nes somos? - AV-PPGIS","isPartOf":{"@id":"https:\/\/ide.ucuenca.edu.ec\/av-ppgis\/#website"},"datePublished":"2022-09-23T13:45:12+00:00","dateModified":"2022-10-20T14:09:51+00:00","breadcrumb":{"@id":"https:\/\/ide.ucuenca.edu.ec\/av-ppgis\/quienes-somos\/#breadcrumb"},"inLanguage":"en-US","potentialAction":[{"@type":"ReadAction","target":["https:\/\/ide.ucuenca.edu.ec\/av-ppgis\/quienes-somos\/"]}]},{"@type":"BreadcrumbList","@id":"https:\/\/ide.ucuenca.edu.ec\/av-ppgis\/quienes-somos\/#breadcrumb","itemListElement":[{"@type":"ListItem","position":1,"name":"Home","item":"https:\/\/ide.ucuenca.edu.ec\/av-ppgis\/"},{"@type":"ListItem","position":2,"name":"\u00bfQui\u00e9nes somos?"}]},{"@type":"WebSite","@id":"https:\/\/ide.ucuenca.edu.ec\/av-ppgis\/#website","url":"https:\/\/ide.ucuenca.edu.ec\/av-ppgis\/","name":"AV-PPGIS","description":"","publisher":{"@id":"https:\/\/ide.ucuenca.edu.ec\/av-ppgis\/#organization"},"potentialAction":[{"@type":"SearchAction","target":{"@type":"EntryPoint","urlTemplate":"https:\/\/ide.ucuenca.edu.ec\/av-ppgis\/?s={search_term_string}"},"query-input":"required name=search_term_string"}],"inLanguage":"en-US"},{"@type":"Organization","@id":"https:\/\/ide.ucuenca.edu.ec\/av-ppgis\/#organization","name":"AV-PPGIS","url":"https:\/\/ide.ucuenca.edu.ec\/av-ppgis\/","logo":{"@type":"ImageObject","inLanguage":"en-US","@id":"https:\/\/ide.ucuenca.edu.ec\/av-ppgis\/#\/schema\/logo\/image\/","url":"","contentUrl":"","caption":"AV-PPGIS"},"image":{"@id":"https:\/\/ide.ucuenca.edu.ec\/av-ppgis\/#\/schema\/logo\/image\/"}}]}},"_links":{"self":[{"href":"https:\/\/ide.ucuenca.edu.ec\/av-ppgis\/wp-json\/wp\/v2\/pages\/632","targetHints":{"allow":["GET"]}}],"collection":[{"href":"https:\/\/ide.ucuenca.edu.ec\/av-ppgis\/wp-json\/wp\/v2\/pages"}],"about":[{"href":"https:\/\/ide.ucuenca.edu.ec\/av-ppgis\/wp-json\/wp\/v2\/types\/page"}],"author":[{"embeddable":true,"href":"https:\/\/ide.ucuenca.edu.ec\/av-ppgis\/wp-json\/wp\/v2\/users\/1"}],"replies":[{"embeddable":true,"href":"https:\/\/ide.ucuenca.edu.ec\/av-ppgis\/wp-json\/wp\/v2\/comments?post=632"}],"version-history":[{"count":18,"href":"https:\/\/ide.ucuenca.edu.ec\/av-ppgis\/wp-json\/wp\/v2\/pages\/632\/revisions"}],"predecessor-version":[{"id":1944,"href":"https:\/\/ide.ucuenca.edu.ec\/av-ppgis\/wp-json\/wp\/v2\/pages\/632\/revisions\/1944"}],"wp:attachment":[{"href":"https:\/\/ide.ucuenca.edu.ec\/av-ppgis\/wp-json\/wp\/v2\/media?parent=632"}],"curies":[{"name":"wp","href":"https:\/\/api.w.org\/{rel}","templated":true}]}}