{"id":532,"date":"2022-09-21T09:57:51","date_gmt":"2022-09-21T13:57:51","guid":{"rendered":"http:\/\/localhost\/wordpress\/?page_id=532"},"modified":"2022-10-20T10:45:35","modified_gmt":"2022-10-20T14:45:35","slug":"proyecto","status":"publish","type":"page","link":"https:\/\/ide.ucuenca.edu.ec\/av-ppgis\/proyecto\/","title":{"rendered":"Proyecto"},"content":{"rendered":"\t\t<div data-elementor-type=\"wp-page\" data-elementor-id=\"532\" class=\"elementor elementor-532\">\n\t\t\t\t\t\t\t\t\t<section class=\"has_ma_el_bg_slider elementor-section elementor-top-section elementor-element elementor-element-bdb818e elementor-section-height-min-height elementor-section-boxed elementor-section-height-default elementor-section-items-middle jltma-glass-effect-no\" data-id=\"bdb818e\" data-element_type=\"section\" data-settings=\"{&quot;background_background&quot;:&quot;classic&quot;}\">\n\t\t\t\t\t\t<div class=\"elementor-container elementor-column-gap-default\">\n\t\t\t\t\t<div class=\"has_ma_el_bg_slider elementor-column elementor-col-100 elementor-top-column elementor-element elementor-element-f910517 jltma-glass-effect-no\" data-id=\"f910517\" data-element_type=\"column\">\n\t\t\t<div class=\"elementor-widget-wrap elementor-element-populated\">\n\t\t\t\t\t\t\t\t<div class=\"elementor-element elementor-element-93b6c4f jltma-glass-effect-no elementor-widget elementor-widget-heading\" data-id=\"93b6c4f\" data-element_type=\"widget\" data-widget_type=\"heading.default\">\n\t\t\t\t<div class=\"elementor-widget-container\">\n\t\t\t<style>\/*! elementor - v3.10.0 - 09-01-2023 *\/\n.elementor-heading-title{padding:0;margin:0;line-height:1}.elementor-widget-heading .elementor-heading-title[class*=elementor-size-]>a{color:inherit;font-size:inherit;line-height:inherit}.elementor-widget-heading .elementor-heading-title.elementor-size-small{font-size:15px}.elementor-widget-heading .elementor-heading-title.elementor-size-medium{font-size:19px}.elementor-widget-heading .elementor-heading-title.elementor-size-large{font-size:29px}.elementor-widget-heading .elementor-heading-title.elementor-size-xl{font-size:39px}.elementor-widget-heading .elementor-heading-title.elementor-size-xxl{font-size:59px}<\/style><h1 class=\"elementor-heading-title elementor-size-default\">AV-PPGIS<\/h1>\t\t<\/div>\n\t\t\t\t<\/div>\n\t\t\t\t\t<\/div>\n\t\t<\/div>\n\t\t\t\t\t\t\t<\/div>\n\t\t<\/section>\n\t\t\t\t<section class=\"has_ma_el_bg_slider elementor-section elementor-top-section elementor-element elementor-element-143b463 elementor-section-boxed elementor-section-height-default elementor-section-height-default jltma-glass-effect-no\" data-id=\"143b463\" data-element_type=\"section\">\n\t\t\t\t\t\t<div class=\"elementor-container elementor-column-gap-default\">\n\t\t\t\t\t<div class=\"has_ma_el_bg_slider elementor-column elementor-col-100 elementor-top-column elementor-element elementor-element-66c926e jltma-glass-effect-no\" data-id=\"66c926e\" data-element_type=\"column\">\n\t\t\t<div class=\"elementor-widget-wrap elementor-element-populated\">\n\t\t\t\t\t\t\t\t<div class=\"elementor-element elementor-element-ff6ef7b jltma-glass-effect-no elementor-widget elementor-widget-spacer\" data-id=\"ff6ef7b\" data-element_type=\"widget\" data-widget_type=\"spacer.default\">\n\t\t\t\t<div class=\"elementor-widget-container\">\n\t\t\t<style>\/*! elementor - v3.10.0 - 09-01-2023 *\/\n.elementor-column .elementor-spacer-inner{height:var(--spacer-size)}.e-con{--container-widget-width:100%}.e-con-inner>.elementor-widget-spacer,.e-con>.elementor-widget-spacer{width:var(--container-widget-width,var(--spacer-size));--align-self:var(--container-widget-align-self,initial);--flex-shrink:0}.e-con-inner>.elementor-widget-spacer>.elementor-widget-container,.e-con-inner>.elementor-widget-spacer>.elementor-widget-container>.elementor-spacer,.e-con>.elementor-widget-spacer>.elementor-widget-container,.e-con>.elementor-widget-spacer>.elementor-widget-container>.elementor-spacer{height:100%}.e-con-inner>.elementor-widget-spacer>.elementor-widget-container>.elementor-spacer>.elementor-spacer-inner,.e-con>.elementor-widget-spacer>.elementor-widget-container>.elementor-spacer>.elementor-spacer-inner{height:var(--container-widget-height,var(--spacer-size))}<\/style>\t\t<div class=\"elementor-spacer\">\n\t\t\t<div class=\"elementor-spacer-inner\"><\/div>\n\t\t<\/div>\n\t\t\t\t<\/div>\n\t\t\t\t<\/div>\n\t\t\t\t\t<\/div>\n\t\t<\/div>\n\t\t\t\t\t\t\t<\/div>\n\t\t<\/section>\n\t\t\t\t<section class=\"has_ma_el_bg_slider elementor-section elementor-top-section elementor-element elementor-element-540503d elementor-section-boxed elementor-section-height-default elementor-section-height-default jltma-glass-effect-no\" data-id=\"540503d\" data-element_type=\"section\">\n\t\t\t\t\t\t<div class=\"elementor-container elementor-column-gap-default\">\n\t\t\t\t\t<div class=\"has_ma_el_bg_slider elementor-column elementor-col-100 elementor-top-column elementor-element elementor-element-84468ea jltma-glass-effect-no\" data-id=\"84468ea\" data-element_type=\"column\">\n\t\t\t<div class=\"elementor-widget-wrap elementor-element-populated\">\n\t\t\t\t\t\t\t\t<div class=\"elementor-element elementor-element-025dc11 jltma-glass-effect-no elementor-widget elementor-widget-text-editor\" data-id=\"025dc11\" data-element_type=\"widget\" data-widget_type=\"text-editor.default\">\n\t\t\t\t<div class=\"elementor-widget-container\">\n\t\t\t<style>\/*! elementor - v3.10.0 - 09-01-2023 *\/\n.elementor-widget-text-editor.elementor-drop-cap-view-stacked .elementor-drop-cap{background-color:#818a91;color:#fff}.elementor-widget-text-editor.elementor-drop-cap-view-framed .elementor-drop-cap{color:#818a91;border:3px solid;background-color:transparent}.elementor-widget-text-editor:not(.elementor-drop-cap-view-default) .elementor-drop-cap{margin-top:8px}.elementor-widget-text-editor:not(.elementor-drop-cap-view-default) .elementor-drop-cap-letter{width:1em;height:1em}.elementor-widget-text-editor .elementor-drop-cap{float:left;text-align:center;line-height:1;font-size:50px}.elementor-widget-text-editor .elementor-drop-cap-letter{display:inline-block}<\/style>\t\t\t\t<p><span style=\"color: #000000;\">El proyecto denominado\u00a0<em>\u201cLos asistentes virtuales como aporte en los procesos de participaci\u00f3n ciudadana de los planes de desarrollo y ordenamiento territorial\u201d\u00a0\u00a0es ganador del\u00a0 <\/em>II CONCURSO UNIVERSITARIO DE PROYECTOS DE INVESTIGACI\u00d3N-VINCULACI\u00d3N\u00a02021-2022 de la Universidad de Cuenca. Pertenece al \u00e1rea de conocimiento de los Estudios Urbanos (Planificaci\u00f3n y Desarrollo), y tambi\u00e9n intervienen las \u00e1reas de Poblaci\u00f3n, Territorio y Cultura.<\/span><\/p><p><span style=\"color: #000000;\">Para la formulaci\u00f3n de pol\u00edticas p\u00fablicas es indispensable la participaci\u00f3n ciudadana que promueva la deliberaci\u00f3n, planificaci\u00f3n y toma de decisiones de la gesti\u00f3n de los asuntos p\u00fablicos. La ordenaci\u00f3n territorial es una pol\u00edtica p\u00fablica que tiene como instrumento los Planes de Desarrollo y Ordenamiento Territorial (PDOT) cuyo objetivo es satisfacer las necesidades de la poblaci\u00f3n para mejorar su calidad de vida. La problem\u00e1tica de los territorios a planificar requiere de diferentes m\u00e9todos y herramientas de acercamiento a la poblaci\u00f3n para involucrarlos.\u00a0<\/span><\/p><p><span style=\"color: #000000;\">En el cant\u00f3n Cuenca se produce la participaci\u00f3n ciudadana generalmente por medio de asambleas ciudadanas, presenciales y virtuales debido al COVID-19. Entre las mayores dificultades para los t\u00e9cnicos suelen estar la generaci\u00f3n de insumos de informaci\u00f3n y el desconocimiento de las etapas del proceso planificador por parte de la ciudadan\u00eda. La informaci\u00f3n es m\u00e1s visible y entendible por medio de mapas, pero no necesariamente el ciudadano est\u00e1 acostumbrado a usarlos, peor a\u00fan encontrarlos en las plataformas que se ponen a disposici\u00f3n.<\/span><\/p><p><span style=\"color: #000000;\">Las Infraestructuras de Datos Espaciales (IDEs) permiten acceder a geoinformaci\u00f3n y obtener conectividad a fuentes oficiales, a diferencia de las herramientas comerciales. Por otro lado, los <\/span><span style=\"color: #000000;\">Asistentes Virtuales han acercado al ciudadano com\u00fan a fuentes de datos que no son f\u00e1ciles de obtener y que al tener una interfaz m\u00e1s personalizada, facilitan su uso. Estos se constituyen en una herramienta \u00fatil para apoyar los procesos de participaci\u00f3n ciudadana por medio de las IDEs a fin de transparentar y democratizar la geoinformaci\u00f3n como insumo para la planificaci\u00f3n del territorio.<\/span><\/p><p><strong><span style=\"color: #000000;\">Objetivo General:<\/span><\/strong><\/p><p><span style=\"color: #000000;\">Implementar una propuesta de asistente virtual como alternativa para mejorar la participaci\u00f3n ciudadana en los procesos de ordenaci\u00f3n territorial por medio de las IDE.<\/span><\/p><p><strong><span style=\"color: #000000;\">Objetivos Espec\u00edficos:<\/span><\/strong><\/p><ul><li style=\"list-style-type: none;\"><ul><li><span style=\"color: #000000;\">O1. Identificar las limitaciones de los espacios de participaci\u00f3n ciudadana en los PDOT del GAD de Cuenca (2015-2019) y (2021-2030).<\/span><\/li><li><span style=\"color: #000000;\">O2. Identificar las necesidades de informaci\u00f3n en los procesos de participaci\u00f3n ciudadana del ordenamiento territorial.<\/span><\/li><li><span style=\"color: #000000;\">O3. Dise\u00f1ar e implementar el Asistente Virtual (AV) como apoyo para mejorar los procesos de participaci\u00f3n ciudadana del ordenamiento territorial.<\/span><\/li><li><span style=\"color: #000000;\">O4. Integrar en la IDE el AV con la capacidad dise\u00f1ada para experimentaci\u00f3n en el caso de estudio.<\/span><\/li><li><span style=\"color: #000000;\">O5. Implementar un m\u00f3dulo de difusi\u00f3n sobre los resultados del ciclo de la participaci\u00f3n ciudadana en los PDOT del cant\u00f3n Cuenca a trav\u00e9s de la IDE UCuenca.<\/span><\/li><\/ul><\/li><\/ul><p><span style=\"color: #000000;\"><strong>Metas de cumplimiento:<\/strong><\/span><\/p><ul><li style=\"list-style-type: none;\"><ul><li><span style=\"color: #000000;\">M1. Un diagn\u00f3stico que recoge los hallazgos respecto a la participaci\u00f3n ciudadana en los procesos de ordenaci\u00f3n territorial.<\/span><\/li><li><span style=\"color: #000000;\">M2. Un an\u00e1lisis de las necesidades de informaci\u00f3n en procesos de ordenamiento territorial.<\/span><\/li><li><span style=\"color: #000000;\">M3. Implementaci\u00f3n del AV.<\/span><\/li><li><span style=\"color: #000000;\">M4. Integraci\u00f3n del AV a la IDE UCuenca.<\/span><\/li><li><span style=\"color: #000000;\">M5. Publicaci\u00f3n de material multimedia para la difusi\u00f3n de los procesos de ordenamiento territorial.<\/span><\/li><\/ul><\/li><\/ul>\t\t\t\t\t\t<\/div>\n\t\t\t\t<\/div>\n\t\t\t\t\t<\/div>\n\t\t<\/div>\n\t\t\t\t\t\t\t<\/div>\n\t\t<\/section>\n\t\t\t\t\t\t\t<\/div>\n\t\t","protected":false},"excerpt":{"rendered":"<p>AV-PPGIS El proyecto denominado\u00a0\u201cLos asistentes virtuales como aporte en los procesos de participaci\u00f3n ciudadana de los planes de desarrollo y ordenamiento territorial\u201d\u00a0\u00a0es ganador del\u00a0 II CONCURSO UNIVERSITARIO DE PROYECTOS DE INVESTIGACI\u00d3N-VINCULACI\u00d3N\u00a02021-2022 de la Universidad de Cuenca. Pertenece al \u00e1rea de conocimiento de los Estudios Urbanos (Planificaci\u00f3n y Desarrollo), y tambi\u00e9n intervienen las \u00e1reas de Poblaci\u00f3n,&hellip;&nbsp;<a href=\"https:\/\/ide.ucuenca.edu.ec\/av-ppgis\/proyecto\/\" class=\"\" rel=\"bookmark\">Read More &raquo;<span class=\"screen-reader-text\">Proyecto<\/span><\/a><\/p>\n","protected":false},"author":1,"featured_media":0,"parent":0,"menu_order":0,"comment_status":"closed","ping_status":"closed","template":"page-templates\/template-pagebuilder-full-width.php","meta":{"neve_meta_sidebar":"","neve_meta_container":"","neve_meta_enable_content_width":"off","neve_meta_content_width":100,"neve_meta_title_alignment":"","neve_meta_author_avatar":"","neve_post_elements_order":"","neve_meta_disable_header":"","neve_meta_disable_footer":"","neve_meta_disable_title":"","footnotes":""},"class_list":["post-532","page","type-page","status-publish","hentry"],"yoast_head":"<!-- This site is optimized with the Yoast SEO plugin v19.14 - https:\/\/yoast.com\/wordpress\/plugins\/seo\/ -->\n<title>Proyecto - AV-PPGIS<\/title>\n<meta name=\"robots\" content=\"index, follow, max-snippet:-1, max-image-preview:large, max-video-preview:-1\" \/>\n<link rel=\"canonical\" href=\"https:\/\/ide.ucuenca.edu.ec\/av-ppgis\/proyecto\/\" \/>\n<meta property=\"og:locale\" content=\"en_US\" \/>\n<meta property=\"og:type\" content=\"article\" \/>\n<meta property=\"og:title\" content=\"Proyecto - AV-PPGIS\" \/>\n<meta property=\"og:description\" content=\"AV-PPGIS El proyecto denominado\u00a0\u201cLos asistentes virtuales como aporte en los procesos de participaci\u00f3n ciudadana de los planes de desarrollo y ordenamiento territorial\u201d\u00a0\u00a0es ganador del\u00a0 II CONCURSO UNIVERSITARIO DE PROYECTOS DE INVESTIGACI\u00d3N-VINCULACI\u00d3N\u00a02021-2022 de la Universidad de Cuenca. Pertenece al \u00e1rea de conocimiento de los Estudios Urbanos (Planificaci\u00f3n y Desarrollo), y tambi\u00e9n intervienen las \u00e1reas de Poblaci\u00f3n,&hellip;&nbsp;Read More &raquo;Proyecto\" \/>\n<meta property=\"og:url\" content=\"https:\/\/ide.ucuenca.edu.ec\/av-ppgis\/proyecto\/\" \/>\n<meta property=\"og:site_name\" content=\"AV-PPGIS\" \/>\n<meta property=\"article:modified_time\" content=\"2022-10-20T14:45:35+00:00\" \/>\n<meta name=\"twitter:card\" content=\"summary_large_image\" \/>\n<meta name=\"twitter:label1\" content=\"Est. reading time\" \/>\n\t<meta name=\"twitter:data1\" content=\"3 minutes\" \/>\n<script type=\"application\/ld+json\" class=\"yoast-schema-graph\">{\"@context\":\"https:\/\/schema.org\",\"@graph\":[{\"@type\":\"WebPage\",\"@id\":\"https:\/\/ide.ucuenca.edu.ec\/av-ppgis\/proyecto\/\",\"url\":\"https:\/\/ide.ucuenca.edu.ec\/av-ppgis\/proyecto\/\",\"name\":\"Proyecto - AV-PPGIS\",\"isPartOf\":{\"@id\":\"https:\/\/ide.ucuenca.edu.ec\/av-ppgis\/#website\"},\"datePublished\":\"2022-09-21T13:57:51+00:00\",\"dateModified\":\"2022-10-20T14:45:35+00:00\",\"breadcrumb\":{\"@id\":\"https:\/\/ide.ucuenca.edu.ec\/av-ppgis\/proyecto\/#breadcrumb\"},\"inLanguage\":\"en-US\",\"potentialAction\":[{\"@type\":\"ReadAction\",\"target\":[\"https:\/\/ide.ucuenca.edu.ec\/av-ppgis\/proyecto\/\"]}]},{\"@type\":\"BreadcrumbList\",\"@id\":\"https:\/\/ide.ucuenca.edu.ec\/av-ppgis\/proyecto\/#breadcrumb\",\"itemListElement\":[{\"@type\":\"ListItem\",\"position\":1,\"name\":\"Home\",\"item\":\"https:\/\/ide.ucuenca.edu.ec\/av-ppgis\/\"},{\"@type\":\"ListItem\",\"position\":2,\"name\":\"Proyecto\"}]},{\"@type\":\"WebSite\",\"@id\":\"https:\/\/ide.ucuenca.edu.ec\/av-ppgis\/#website\",\"url\":\"https:\/\/ide.ucuenca.edu.ec\/av-ppgis\/\",\"name\":\"AV-PPGIS\",\"description\":\"\",\"publisher\":{\"@id\":\"https:\/\/ide.ucuenca.edu.ec\/av-ppgis\/#organization\"},\"potentialAction\":[{\"@type\":\"SearchAction\",\"target\":{\"@type\":\"EntryPoint\",\"urlTemplate\":\"https:\/\/ide.ucuenca.edu.ec\/av-ppgis\/?s={search_term_string}\"},\"query-input\":\"required name=search_term_string\"}],\"inLanguage\":\"en-US\"},{\"@type\":\"Organization\",\"@id\":\"https:\/\/ide.ucuenca.edu.ec\/av-ppgis\/#organization\",\"name\":\"AV-PPGIS\",\"url\":\"https:\/\/ide.ucuenca.edu.ec\/av-ppgis\/\",\"logo\":{\"@type\":\"ImageObject\",\"inLanguage\":\"en-US\",\"@id\":\"https:\/\/ide.ucuenca.edu.ec\/av-ppgis\/#\/schema\/logo\/image\/\",\"url\":\"\",\"contentUrl\":\"\",\"caption\":\"AV-PPGIS\"},\"image\":{\"@id\":\"https:\/\/ide.ucuenca.edu.ec\/av-ppgis\/#\/schema\/logo\/image\/\"}}]}<\/script>\n<!-- \/ Yoast SEO plugin. -->","yoast_head_json":{"title":"Proyecto - AV-PPGIS","robots":{"index":"index","follow":"follow","max-snippet":"max-snippet:-1","max-image-preview":"max-image-preview:large","max-video-preview":"max-video-preview:-1"},"canonical":"https:\/\/ide.ucuenca.edu.ec\/av-ppgis\/proyecto\/","og_locale":"en_US","og_type":"article","og_title":"Proyecto - AV-PPGIS","og_description":"AV-PPGIS El proyecto denominado\u00a0\u201cLos asistentes virtuales como aporte en los procesos de participaci\u00f3n ciudadana de los planes de desarrollo y ordenamiento territorial\u201d\u00a0\u00a0es ganador del\u00a0 II CONCURSO UNIVERSITARIO DE PROYECTOS DE INVESTIGACI\u00d3N-VINCULACI\u00d3N\u00a02021-2022 de la Universidad de Cuenca. Pertenece al \u00e1rea de conocimiento de los Estudios Urbanos (Planificaci\u00f3n y Desarrollo), y tambi\u00e9n intervienen las \u00e1reas de Poblaci\u00f3n,&hellip;&nbsp;Read More &raquo;Proyecto","og_url":"https:\/\/ide.ucuenca.edu.ec\/av-ppgis\/proyecto\/","og_site_name":"AV-PPGIS","article_modified_time":"2022-10-20T14:45:35+00:00","twitter_card":"summary_large_image","twitter_misc":{"Est. reading time":"3 minutes"},"schema":{"@context":"https:\/\/schema.org","@graph":[{"@type":"WebPage","@id":"https:\/\/ide.ucuenca.edu.ec\/av-ppgis\/proyecto\/","url":"https:\/\/ide.ucuenca.edu.ec\/av-ppgis\/proyecto\/","name":"Proyecto - AV-PPGIS","isPartOf":{"@id":"https:\/\/ide.ucuenca.edu.ec\/av-ppgis\/#website"},"datePublished":"2022-09-21T13:57:51+00:00","dateModified":"2022-10-20T14:45:35+00:00","breadcrumb":{"@id":"https:\/\/ide.ucuenca.edu.ec\/av-ppgis\/proyecto\/#breadcrumb"},"inLanguage":"en-US","potentialAction":[{"@type":"ReadAction","target":["https:\/\/ide.ucuenca.edu.ec\/av-ppgis\/proyecto\/"]}]},{"@type":"BreadcrumbList","@id":"https:\/\/ide.ucuenca.edu.ec\/av-ppgis\/proyecto\/#breadcrumb","itemListElement":[{"@type":"ListItem","position":1,"name":"Home","item":"https:\/\/ide.ucuenca.edu.ec\/av-ppgis\/"},{"@type":"ListItem","position":2,"name":"Proyecto"}]},{"@type":"WebSite","@id":"https:\/\/ide.ucuenca.edu.ec\/av-ppgis\/#website","url":"https:\/\/ide.ucuenca.edu.ec\/av-ppgis\/","name":"AV-PPGIS","description":"","publisher":{"@id":"https:\/\/ide.ucuenca.edu.ec\/av-ppgis\/#organization"},"potentialAction":[{"@type":"SearchAction","target":{"@type":"EntryPoint","urlTemplate":"https:\/\/ide.ucuenca.edu.ec\/av-ppgis\/?s={search_term_string}"},"query-input":"required name=search_term_string"}],"inLanguage":"en-US"},{"@type":"Organization","@id":"https:\/\/ide.ucuenca.edu.ec\/av-ppgis\/#organization","name":"AV-PPGIS","url":"https:\/\/ide.ucuenca.edu.ec\/av-ppgis\/","logo":{"@type":"ImageObject","inLanguage":"en-US","@id":"https:\/\/ide.ucuenca.edu.ec\/av-ppgis\/#\/schema\/logo\/image\/","url":"","contentUrl":"","caption":"AV-PPGIS"},"image":{"@id":"https:\/\/ide.ucuenca.edu.ec\/av-ppgis\/#\/schema\/logo\/image\/"}}]}},"_links":{"self":[{"href":"https:\/\/ide.ucuenca.edu.ec\/av-ppgis\/wp-json\/wp\/v2\/pages\/532","targetHints":{"allow":["GET"]}}],"collection":[{"href":"https:\/\/ide.ucuenca.edu.ec\/av-ppgis\/wp-json\/wp\/v2\/pages"}],"about":[{"href":"https:\/\/ide.ucuenca.edu.ec\/av-ppgis\/wp-json\/wp\/v2\/types\/page"}],"author":[{"embeddable":true,"href":"https:\/\/ide.ucuenca.edu.ec\/av-ppgis\/wp-json\/wp\/v2\/users\/1"}],"replies":[{"embeddable":true,"href":"https:\/\/ide.ucuenca.edu.ec\/av-ppgis\/wp-json\/wp\/v2\/comments?post=532"}],"version-history":[{"count":17,"href":"https:\/\/ide.ucuenca.edu.ec\/av-ppgis\/wp-json\/wp\/v2\/pages\/532\/revisions"}],"predecessor-version":[{"id":1381,"href":"https:\/\/ide.ucuenca.edu.ec\/av-ppgis\/wp-json\/wp\/v2\/pages\/532\/revisions\/1381"}],"wp:attachment":[{"href":"https:\/\/ide.ucuenca.edu.ec\/av-ppgis\/wp-json\/wp\/v2\/media?parent=532"}],"curies":[{"name":"wp","href":"https:\/\/api.w.org\/{rel}","templated":true}]}}